{"id":2834,"date":"2023-10-03T12:09:15","date_gmt":"2023-10-03T12:09:15","guid":{"rendered":"https:\/\/www.basilicacistern.gen.tr\/frequently-asked-questions\/"},"modified":"2025-09-03T14:30:49","modified_gmt":"2025-09-03T14:30:49","slug":"haufig-gestellte-fragen","status":"publish","type":"page","link":"https:\/\/www.basilicacistern.gen.tr\/de\/haufig-gestellte-fragen\/","title":{"rendered":"H\u00e4ufig gestellte Fragen \u00fcber den Versunkenen Palast"},"content":{"rendered":"<h1 style=\"text-align: left;\">H\u00e4ufig gestellte Fragen \u00fcber den Versunkenen Palast in Istanbul<\/h1>\n<h2 style=\"\"><strong>H\u00e4ufig gestellte Fragen \u00fcber den Versunkenen Palast<\/strong><\/h2>\n<h2 id=\"t-1756899150856\"><strong>Versunkener Palast (Cisterna Basilica)&nbsp;<\/strong><strong>Bestseller Ticket<\/strong><\/h2>\n<h2 data-qa-marker=\"product-name\" style=\"\" id=\"t-1756899150857\"><a href=\"https:\/\/www.headout.com\/r\/most-amazing-placesrecommends-GvAT3\/\" target=\"_blank\" rel=\"nofollow noopener\" data-lt-tmp-id=\"lt-258449\" spellcheck=\"false\" style=\"outline: none;\">Versunkener Palast: Tickets mit Schnelleinlass<\/a><\/h2>\n<p style=\"\"><a href=\"https:\/\/www.headout.com\/r\/most-amazing-placesrecommends-GvAT3\/\" target=\"_blank\" rel=\"nofollow noopener\" data-lt-tmp-id=\"lt-681637\" spellcheck=\"false\" style=\"outline: none;\">4,4 \/ 5 (8400+ Bewertungen)<\/a><\/p>\n<p style=\"\">Genie\u00dfen Sie eine informative F\u00fchrung durch eine der gr\u00f6\u00dften antiken Wasserzisternen Istanbuls mit exklusiven Skip-the-line-Tickets und Audioguide in 5 Sprachen.<strong><span style=\"--tcb-applied-color: rgba(255, 0, 0, 0.85) !important; color: rgba(255, 0, 0, 0.85) !important;\"> <a href=\"https:\/\/www.headout.com\/r\/most-amazing-placesrecommends-GvAT3\/\" target=\"_blank\" rel=\"nofollow noopener\" data-lt-tmp-id=\"lt-887438\" spellcheck=\"false\" style=\"outline: none;\">+ mehr Details<\/a><\/span><\/strong><\/p>\n<p style=\"\"><a href=\"https:\/\/www.headout.com\/r\/most-amazing-placesrecommends-GvAT3\/\" target=\"_blank\" rel=\"nofollow noopener\" spellcheck=\"false\" style=\"outline: none;\">Ab 30,15 \u20ac<\/a><\/p>\n<p>__CONFIG_colors_palette__{&#8222;active_palette&#8220;:0,&#8220;config&#8220;:{&#8222;colors&#8220;:{&#8222;9296b&#8220;:{&#8222;name&#8220;:&#8220;Main Accent&#8220;,&#8220;parent&#8220;:-1}},&#8220;gradients&#8220;:[]},&#8220;palettes&#8220;:[{&#8222;name&#8220;:&#8220;Default Palette&#8220;,&#8220;value&#8220;:{&#8222;colors&#8220;:{&#8222;9296b&#8220;:{&#8222;val&#8220;:&#8220;rgb(29, 73, 186)&#8220;}},&#8220;gradients&#8220;:[]},&#8220;original&#8220;:{&#8222;colors&#8220;:{&#8222;9296b&#8220;:{&#8222;val&#8220;:&#8220;rgb(19, 114, 211)&#8220;,&#8220;hsl&#8220;:{&#8222;h&#8220;:210,&#8220;s&#8220;:0.83,&#8220;l&#8220;:0.45,&#8220;a&#8220;:1}}},&#8220;gradients&#8220;:[]}}]}__CONFIG_colors_palette__ <a href=\"https:\/\/www.headout.com\/r\/most-amazing-placesrecommends-GvAT3\/\" target=\"_blank\" rel=\"nofollow noopener\"> <span><span style=\"\">Verf\u00fcgbarkeit pr\u00fcfen<\/span><\/span> <\/a>  <\/p>\n<h2 id=\"t-1756899150858\" style=\"text-align: left;\"><strong>Beliebteste F\u00fchrung durch den Versunkenen Palast<\/strong><\/h2>\n<h2 data-qa-marker=\"product-name\" style=\"\" id=\"t-1756899150859\"><a href=\"https:\/\/www.headout.com\/r\/most-amazing-placesrecommends-eIPYn\/\" target=\"_blank\" rel=\"nofollow noopener\"><\/a><a data-lt-tmp-id=\"lt-225321\" href=\"https:\/\/www.headout.com\/r\/most-amazing-placesrecommends-7Svlr\/\" rel=\"nofollow noopener\" spellcheck=\"false\" target=\"_blank\"><\/a><a data-lt-tmp-id=\"lt-398957\" href=\"https:\/\/www.headout.com\/r\/most-amazing-placesrecommends-MomOm\/\" rel=\"nofollow noopener\" spellcheck=\"false\" target=\"_blank\" style=\"outline: none;\">Gef\u00fchrte Tour durch den Versunkenen Palast mit Schnelleinlass-Tickets<\/a><\/h2>\n<p style=\"\"><a href=\"https:\/\/www.headout.com\/r\/most-amazing-placesrecommends-eIPYn\/\" target=\"_blank\" rel=\"nofollow noopener\"><\/a><a href=\"https:\/\/www.headout.com\/r\/most-amazing-placesrecommends-MomOm\/\" rel=\"nofollow noopener\" target=\"_blank\" data-lt-tmp-id=\"lt-197282\" spellcheck=\"false\" style=\"outline: none;\">4,3 \/ 5 (2000+ Bewertungen)<\/a><\/p>\n<p>Versteckt unter den Stra\u00dfen Istanbuls liegt der Versunkene Palast. Unternehmen Sie eine gef\u00fchrte Tour durch diesen versunkenen Drehort. Erweitern Sie Ihr Erlebnis um eine Tour durch die Hagia Sophia und die Blaue Moschee! <a href=\"https:\/\/www.headout.com\/r\/most-amazing-placesrecommends-MomOm\/\" rel=\"nofollow noopener\" target=\"_blank\" style=\"outline: none;\"><strong>+ mehr Details<\/strong><\/a><\/p>\n<p style=\"\"><a href=\"https:\/\/www.headout.com\/r\/most-amazing-placesrecommends-eIPYn\/\" target=\"_blank\" rel=\"nofollow noopener\"><\/a><a data-lt-tmp-id=\"lt-949290\" href=\"https:\/\/www.headout.com\/r\/most-amazing-placesrecommends-7Svlr\/\" rel=\"nofollow noopener\" spellcheck=\"false\" target=\"_blank\"><\/a><a data-lt-tmp-id=\"lt-846274\" href=\"https:\/\/www.headout.com\/r\/most-amazing-placesrecommends-MomOm\/\" rel=\"nofollow noopener\" spellcheck=\"false\" target=\"_blank\" style=\"outline: none;\">Ab 38,00 \u20ac<\/a><\/p>\n<p>__CONFIG_colors_palette__{&#8222;active_palette&#8220;:0,&#8220;config&#8220;:{&#8222;colors&#8220;:{&#8222;9296b&#8220;:{&#8222;name&#8220;:&#8220;Main Accent&#8220;,&#8220;parent&#8220;:-1}},&#8220;gradients&#8220;:[]},&#8220;palettes&#8220;:[{&#8222;name&#8220;:&#8220;Default Palette&#8220;,&#8220;value&#8220;:{&#8222;colors&#8220;:{&#8222;9296b&#8220;:{&#8222;val&#8220;:&#8220;rgb(29, 73, 186)&#8220;}},&#8220;gradients&#8220;:[]},&#8220;original&#8220;:{&#8222;colors&#8220;:{&#8222;9296b&#8220;:{&#8222;val&#8220;:&#8220;rgb(19, 114, 211)&#8220;,&#8220;hsl&#8220;:{&#8222;h&#8220;:210,&#8220;s&#8220;:0.83,&#8220;l&#8220;:0.45,&#8220;a&#8220;:1}}},&#8220;gradients&#8220;:[]}}]}__CONFIG_colors_palette__ <a href=\"https:\/\/www.headout.com\/r\/most-amazing-placesrecommends-MomOm\/\" target=\"_blank\" rel=\"nofollow noopener\"> <span><span style=\"\">Verf\u00fcgbarkeit pr\u00fcfen<\/span><\/span> <\/a>  <\/p>\n<h2 style=\"text-align: left;\" id=\"t-1756899150860\"><strong>Beliebteste Kombi-Touren<\/strong><\/h2>\n<h2 data-qa-marker=\"product-name\" style=\"\" id=\"t-1756899150861\"><a href=\"https:\/\/www.headout.com\/r\/most-amazing-placesrecommends-eIPYn\/\" target=\"_blank\" rel=\"nofollow noopener\"><\/a><a data-lt-tmp-id=\"lt-225321\" href=\"https:\/\/www.headout.com\/r\/most-amazing-placesrecommends-7Svlr\/\" rel=\"nofollow noopener\" spellcheck=\"false\" target=\"_blank\"><\/a><a data-lt-tmp-id=\"lt-398957\" href=\"https:\/\/megapass.com\/turkey\/istanbul\/topkapi-palace-museum-tickets?discountCode=ma-places\" rel=\"nofollow noopener\" spellcheck=\"false\" target=\"_blank\"><\/a><a data-lt-tmp-id=\"lt-707014\" href=\"https:\/\/www.getyourguide.com\/istanbul-l56\/istanbul-topkapi-palace-harem-tour-including-entry-ticket-t127010\/?partner_id=NO9XIDE&amp;utm_medium=online_publisher&amp;cmp=TopkapiGenTrHomepage\" rel=\"nofollow noopener\" spellcheck=\"false\" target=\"_blank\"><\/a><a data-lt-tmp-id=\"lt-652778\" href=\"https:\/\/megapass.com\/tours-tickets\/blue-mosque-hagia-sophia-and-basilica-cistern-tour-i2375?discountCode=ma-places\" rel=\"nofollow noopener\" spellcheck=\"false\" target=\"_blank\" style=\"outline: none;\"><strong>Blaue Moschee, Basilica Cisterna &amp; Hagia Sophia Tour&nbsp;<\/strong><\/a><\/h2>\n<p style=\"\"><a href=\"https:\/\/megapass.com\/tours-tickets\/blue-mosque-hagia-sophia-and-basilica-cistern-tour-i2375?discountCode=ma-places\" target=\"_blank\" rel=\"nofollow noopener\" spellcheck=\"false\" style=\"outline: none;\">4,8 \/ 5 (20+ Bewertungen)<\/a><\/p>\n<p data-test-id=\"activity-overview-content\" data-v-5726f79d=\"\">Erleben Sie drei der ber\u00fchmtesten Sehensw\u00fcrdigkeiten Istanbuls auf dieser Kombitour. Umgehen Sie die Warteschlangen am Versunkenen Palast und der Hagia Sophia und besichtigen Sie die Blaue Moschee mit einem englischsprachigen Guide. <a href=\"https:\/\/megapass.com\/tours-tickets\/blue-mosque-hagia-sophia-and-basilica-cistern-tour-i2375?discountCode=ma-places\" rel=\"nofollow noopener\" target=\"_blank\" data-lt-tmp-id=\"lt-646738\" spellcheck=\"false\" style=\"outline: none;\"><strong>+ mehr Details<\/strong><\/a><\/p>\n<p style=\"\"><a href=\"https:\/\/www.headout.com\/r\/most-amazing-placesrecommends-eIPYn\/\" target=\"_blank\" rel=\"nofollow noopener\"><\/a><a data-lt-tmp-id=\"lt-949290\" href=\"https:\/\/www.headout.com\/r\/most-amazing-placesrecommends-7Svlr\/\" rel=\"nofollow noopener\" spellcheck=\"false\" target=\"_blank\"><\/a><a data-lt-tmp-id=\"lt-821383\" href=\"https:\/\/megapass.com\/turkey\/istanbul\/topkapi-palace-museum-tickets?discountCode=ma-places\" rel=\"nofollow noopener\" spellcheck=\"false\" target=\"_blank\"><\/a><a data-lt-tmp-id=\"lt-541635\" href=\"https:\/\/www.getyourguide.com\/istanbul-l56\/istanbul-topkapi-palace-harem-tour-including-entry-ticket-t127010\/?partner_id=NO9XIDE&amp;utm_medium=online_publisher&amp;cmp=TopkapiGenTrHomepage\" rel=\"nofollow noopener\" spellcheck=\"false\" target=\"_blank\"><\/a><a data-lt-tmp-id=\"lt-449531\" href=\"https:\/\/megapass.com\/tours-tickets\/blue-mosque-hagia-sophia-and-basilica-cistern-tour-i2375?discountCode=ma-places\" rel=\"nofollow noopener\" spellcheck=\"false\" target=\"_blank\" style=\"outline: none;\">Ab 88 \u20ac&nbsp;<\/a><\/p>\n<p>__CONFIG_colors_palette__{&#8222;active_palette&#8220;:0,&#8220;config&#8220;:{&#8222;colors&#8220;:{&#8222;9296b&#8220;:{&#8222;name&#8220;:&#8220;Main Accent&#8220;,&#8220;parent&#8220;:-1}},&#8220;gradients&#8220;:[]},&#8220;palettes&#8220;:[{&#8222;name&#8220;:&#8220;Default Palette&#8220;,&#8220;value&#8220;:{&#8222;colors&#8220;:{&#8222;9296b&#8220;:{&#8222;val&#8220;:&#8220;rgb(29, 73, 186)&#8220;}},&#8220;gradients&#8220;:[]},&#8220;original&#8220;:{&#8222;colors&#8220;:{&#8222;9296b&#8220;:{&#8222;val&#8220;:&#8220;rgb(19, 114, 211)&#8220;,&#8220;hsl&#8220;:{&#8222;h&#8220;:210,&#8220;s&#8220;:0.83,&#8220;l&#8220;:0.45,&#8220;a&#8220;:1}}},&#8220;gradients&#8220;:[]}}]}__CONFIG_colors_palette__ <a href=\"https:\/\/megapass.com\/tours-tickets\/blue-mosque-hagia-sophia-and-basilica-cistern-tour-i2375?discountCode=ma-places\" target=\"_blank\" rel=\"nofollow noopener\"> <span style=\"\"><span style=\"\">Verf\u00fcgbarkeit pr\u00fcfen<\/span><\/span> <\/a>    <a href=\"https:\/\/www.headout.com\/r\/most-amazing-placesrecommends-jW7r2\/\" target=\"_blank\" rel=\" nofollow noopener\" style=\"\"><\/a><\/p>\n<h2 data-qa-marker=\"product-name\" style=\"\" id=\"t-1756899150862\"><a href=\"https:\/\/www.headout.com\/r\/most-amazing-placesrecommends-eIPYn\/\" target=\"_blank\" rel=\"nofollow noopener\"><\/a><a data-lt-tmp-id=\"lt-225321\" href=\"https:\/\/www.headout.com\/r\/most-amazing-placesrecommends-7Svlr\/\" rel=\"nofollow noopener\" spellcheck=\"false\" target=\"_blank\"><\/a><a data-lt-tmp-id=\"lt-398957\" href=\"https:\/\/megapass.com\/turkey\/istanbul\/topkapi-palace-museum-tickets?discountCode=ma-places\" rel=\"nofollow noopener\" spellcheck=\"false\" target=\"_blank\"><\/a><a data-lt-tmp-id=\"lt-707014\" href=\"https:\/\/www.getyourguide.com\/istanbul-l56\/istanbul-topkapi-palace-harem-tour-including-entry-ticket-t127010\/?partner_id=NO9XIDE&amp;utm_medium=online_publisher&amp;cmp=TopkapiGenTrHomepage\" rel=\"nofollow noopener\" spellcheck=\"false\" target=\"_blank\"><\/a><a data-lt-tmp-id=\"lt-873174\" href=\"https:\/\/www.headout.com\/r\/most-amazing-placesrecommends-jW7r2\/\" rel=\"nofollow noopener\" spellcheck=\"false\" target=\"_blank\" style=\"outline: none;\">Kombiticket: Versunkener Palast + Hagia Sophia Schnelleinlass-Tickets&nbsp;<\/a><\/h2>\n<p style=\"\"><a href=\"https:\/\/www.headout.com\/r\/most-amazing-placesrecommends-jW7r2\/\" target=\"_blank\" rel=\"nofollow noopener\" data-lt-tmp-id=\"lt-351778\" spellcheck=\"false\" style=\"outline: none;\">4,2 \/ 5 (2900+ Bewertungen)<\/a><\/p>\n<p data-test-id=\"activity-overview-content\" data-v-5726f79d=\"\">Erkunden Sie die Wahrzeichen Istanbuls mit einem budgetfreundlichen Kombi-Ticket: Skip-the-line-Eintritt f\u00fcr den Versunkenen Palast und die Hagia Sophia. <a href=\"https:\/\/www.headout.com\/r\/most-amazing-placesrecommends-jW7r2\/\" rel=\"nofollow noopener\" target=\"_blank\" data-lt-tmp-id=\"lt-621309\" spellcheck=\"false\" style=\"outline: none;\"><strong>+ mehr Details<\/strong><\/a><\/p>\n<p style=\"\"><a href=\"https:\/\/www.headout.com\/r\/most-amazing-placesrecommends-eIPYn\/\" target=\"_blank\" rel=\"nofollow noopener\"><\/a><a data-lt-tmp-id=\"lt-949290\" href=\"https:\/\/www.headout.com\/r\/most-amazing-placesrecommends-7Svlr\/\" rel=\"nofollow noopener\" spellcheck=\"false\" target=\"_blank\"><\/a><a data-lt-tmp-id=\"lt-821383\" href=\"https:\/\/megapass.com\/turkey\/istanbul\/topkapi-palace-museum-tickets?discountCode=ma-places\" rel=\"nofollow noopener\" spellcheck=\"false\" target=\"_blank\"><\/a><a data-lt-tmp-id=\"lt-541635\" href=\"https:\/\/www.getyourguide.com\/istanbul-l56\/istanbul-topkapi-palace-harem-tour-including-entry-ticket-t127010\/?partner_id=NO9XIDE&amp;utm_medium=online_publisher&amp;cmp=TopkapiGenTrHomepage\" rel=\"nofollow noopener\" spellcheck=\"false\" target=\"_blank\"><\/a><a href=\"https:\/\/www.headout.com\/r\/most-amazing-placesrecommends-jW7r2\/\" rel=\"nofollow noopener\" spellcheck=\"false\" target=\"_blank\" style=\"outline: none;\">Ab 64,60 \u20ac&nbsp;<\/a><\/p>\n<p>__CONFIG_colors_palette__{&#8222;active_palette&#8220;:0,&#8220;config&#8220;:{&#8222;colors&#8220;:{&#8222;9296b&#8220;:{&#8222;name&#8220;:&#8220;Main Accent&#8220;,&#8220;parent&#8220;:-1}},&#8220;gradients&#8220;:[]},&#8220;palettes&#8220;:[{&#8222;name&#8220;:&#8220;Default Palette&#8220;,&#8220;value&#8220;:{&#8222;colors&#8220;:{&#8222;9296b&#8220;:{&#8222;val&#8220;:&#8220;rgb(29, 73, 186)&#8220;}},&#8220;gradients&#8220;:[]},&#8220;original&#8220;:{&#8222;colors&#8220;:{&#8222;9296b&#8220;:{&#8222;val&#8220;:&#8220;rgb(19, 114, 211)&#8220;,&#8220;hsl&#8220;:{&#8222;h&#8220;:210,&#8220;s&#8220;:0.83,&#8220;l&#8220;:0.45,&#8220;a&#8220;:1}}},&#8220;gradients&#8220;:[]}}]}__CONFIG_colors_palette__ <a href=\"https:\/\/www.headout.com\/r\/most-amazing-placesrecommends-jW7r2\/\" target=\"_blank\" rel=\"nofollow noopener\"> <span style=\"\"><span style=\"\">Verf\u00fcgbarkeit pr\u00fcfen<\/span><\/span> <\/a>  <\/p>\n<h2 style=\"text-align: left;\" id=\"t-1756899150863\"><strong>Kombi-Pass mit dem besten Preis-Leistungs-Verh\u00e4ltnis<\/strong><\/h2>\n<h2 data-qa-marker=\"product-name\" style=\"\" id=\"t-1756899150864\"><a href=\"https:\/\/www.headout.com\/r\/most-amazing-placesrecommends-eIPYn\/\" target=\"_blank\" rel=\"nofollow noopener\"><\/a><a data-lt-tmp-id=\"lt-225321\" href=\"https:\/\/www.headout.com\/r\/most-amazing-placesrecommends-7Svlr\/\" rel=\"nofollow noopener\" spellcheck=\"false\" target=\"_blank\"><\/a><a data-lt-tmp-id=\"lt-398957\" href=\"https:\/\/megapass.com\/turkey\/istanbul\/topkapi-palace-museum-tickets?discountCode=ma-places\" rel=\"nofollow noopener\" spellcheck=\"false\" target=\"_blank\"><\/a><a data-lt-tmp-id=\"lt-707014\" href=\"https:\/\/www.getyourguide.com\/istanbul-l56\/istanbul-topkapi-palace-harem-tour-including-entry-ticket-t127010\/?partner_id=NO9XIDE&amp;utm_medium=online_publisher&amp;cmp=TopkapiGenTrHomepage\" rel=\"nofollow noopener\" spellcheck=\"false\" target=\"_blank\"><\/a><a data-lt-tmp-id=\"lt-498565\" href=\"https:\/\/megapass.com\/turkey\/istanbul\/pass?discountCode=ma-places\" rel=\"nofollow noopener\" spellcheck=\"false\" target=\"_blank\" style=\"outline: none;\"><strong>MegaPass mit 2, 4 oder 10 Attraktionen<\/strong><\/a><\/h2>\n<p style=\"\"><a href=\"https:\/\/www.headout.com\/r\/most-amazing-placesrecommends-eIPYn\/\" target=\"_blank\" rel=\"nofollow noopener\"><\/a><a href=\"https:\/\/megapass.com\/turkey\/istanbul\/topkapi-palace-museum-tickets?discountCode=ma-places\" rel=\"nofollow noopener\" target=\"_blank\"><\/a><a href=\"https:\/\/www.getyourguide.com\/istanbul-l56\/istanbul-topkapi-palace-harem-tour-including-entry-ticket-t127010\/?partner_id=NO9XIDE&amp;utm_medium=online_publisher&amp;cmp=TopkapiGenTrHomepage\" rel=\"nofollow noopener\" target=\"_blank\"><\/a><a href=\"https:\/\/megapass.com\/turkey\/istanbul\/pass?discountCode=ma-places\" rel=\"nofollow noopener\" target=\"_blank\" spellcheck=\"false\" style=\"outline: none;\">4,7 \/ 5 (1000+ Bewertungen)<\/a><\/p>\n<p data-test-id=\"activity-overview-content\" data-v-5726f79d=\"\">Mit diesem Pass k\u00f6nnen Sie <strong>2, 4 oder 10&nbsp;<\/strong><strong>der wichtigsten Attraktionen Istanbuls<\/strong> besuchen, die Blaue Moschee besichtigen, eine Bootsfahrt auf dem Bosporus unternehmen und die \u00f6ffentlichen Verkehrsmittel nutzen, um die Sehensw\u00fcrdigkeiten von Istanbul problemlos zu erkunden.<a href=\"https:\/\/megapass.com\/turkey\/istanbul\/pass?discountCode=ma-places\" rel=\"nofollow noopener\" target=\"_blank\" data-lt-tmp-id=\"lt-337217\" spellcheck=\"false\" style=\"outline: none;\"><strong>+ mehr Details<\/strong><\/a><\/p>\n<p style=\"\"><a href=\"https:\/\/www.headout.com\/r\/most-amazing-placesrecommends-eIPYn\/\" target=\"_blank\" rel=\"nofollow noopener\"><\/a><a data-lt-tmp-id=\"lt-949290\" href=\"https:\/\/www.headout.com\/r\/most-amazing-placesrecommends-7Svlr\/\" rel=\"nofollow noopener\" spellcheck=\"false\" target=\"_blank\"><\/a><a data-lt-tmp-id=\"lt-821383\" href=\"https:\/\/megapass.com\/turkey\/istanbul\/topkapi-palace-museum-tickets?discountCode=ma-places\" rel=\"nofollow noopener\" spellcheck=\"false\" target=\"_blank\"><\/a><a data-lt-tmp-id=\"lt-541635\" href=\"https:\/\/www.getyourguide.com\/istanbul-l56\/istanbul-topkapi-palace-harem-tour-including-entry-ticket-t127010\/?partner_id=NO9XIDE&amp;utm_medium=online_publisher&amp;cmp=TopkapiGenTrHomepage\" rel=\"nofollow noopener\" spellcheck=\"false\" target=\"_blank\"><\/a><a data-lt-tmp-id=\"lt-787019\" href=\"https:\/\/megapass.com\/turkey\/istanbul\/pass?discountCode=ma-places\" rel=\"nofollow noopener\" spellcheck=\"false\" target=\"_blank\" style=\"outline: none;\">Ab 144 \u20ac&nbsp;<\/a><\/p>\n<p>__CONFIG_colors_palette__{&#8222;active_palette&#8220;:0,&#8220;config&#8220;:{&#8222;colors&#8220;:{&#8222;9296b&#8220;:{&#8222;name&#8220;:&#8220;Main Accent&#8220;,&#8220;parent&#8220;:-1}},&#8220;gradients&#8220;:[]},&#8220;palettes&#8220;:[{&#8222;name&#8220;:&#8220;Default Palette&#8220;,&#8220;value&#8220;:{&#8222;colors&#8220;:{&#8222;9296b&#8220;:{&#8222;val&#8220;:&#8220;rgb(29, 73, 186)&#8220;}},&#8220;gradients&#8220;:[]},&#8220;original&#8220;:{&#8222;colors&#8220;:{&#8222;9296b&#8220;:{&#8222;val&#8220;:&#8220;rgb(19, 114, 211)&#8220;,&#8220;hsl&#8220;:{&#8222;h&#8220;:210,&#8220;s&#8220;:0.83,&#8220;l&#8220;:0.45,&#8220;a&#8220;:1}}},&#8220;gradients&#8220;:[]}}]}__CONFIG_colors_palette__ <a href=\"https:\/\/megapass.com\/turkey\/istanbul\/pass?discountCode=ma-places\" target=\"_blank\" rel=\"nofollow noopener\"> <span style=\"\"><span style=\"\">Verf\u00fcgbarkeit pr\u00fcfen<\/span><\/span> <\/a>    <a href=\"#\"> <span style=\"\"><span style=\"\">Monthly<\/span><\/span> <\/a>   <\/p>\n","protected":false},"excerpt":{"rendered":"<p>H\u00e4ufig gestellte Fragen \u00fcber den Versunkenen Palast in Istanbul H\u00e4ufig gestellte Fragen \u00fcber den Versunkenen Palast Versunkener Palast (Cisterna Basilica)&nbsp;Bestseller Ticket Versunkener Palast: Tickets mit Schnelleinlass 4,4 \/ 5 (8400+ Bewertungen) Genie\u00dfen Sie eine informative F\u00fchrung durch eine der gr\u00f6\u00dften antiken Wasserzisternen Istanbuls mit exklusiven Skip-the-line-Tickets und Audioguide in 5 Sprachen. + mehr Details Ab [&hellip;]<\/p>\n","protected":false},"author":5,"featured_media":2703,"parent":0,"menu_order":0,"comment_status":"closed","ping_status":"closed","template":"","meta":{"footnotes":""},"class_list":["post-2834","page","type-page","status-publish","has-post-thumbnail","hentry","post-wrapper","thrv_wrapper"],"wp-worthy-pixel":{"ignored":false,"public":null,"server":null,"url":null},"wp-worthy-type":"normal","_links":{"self":[{"href":"https:\/\/www.basilicacistern.gen.tr\/de\/wp-json\/wp\/v2\/pages\/2834","targetHints":{"allow":["GET"]}}],"collection":[{"href":"https:\/\/www.basilicacistern.gen.tr\/de\/wp-json\/wp\/v2\/pages"}],"about":[{"href":"https:\/\/www.basilicacistern.gen.tr\/de\/wp-json\/wp\/v2\/types\/page"}],"author":[{"embeddable":true,"href":"https:\/\/www.basilicacistern.gen.tr\/de\/wp-json\/wp\/v2\/users\/5"}],"replies":[{"embeddable":true,"href":"https:\/\/www.basilicacistern.gen.tr\/de\/wp-json\/wp\/v2\/comments?post=2834"}],"version-history":[{"count":20,"href":"https:\/\/www.basilicacistern.gen.tr\/de\/wp-json\/wp\/v2\/pages\/2834\/revisions"}],"predecessor-version":[{"id":4719,"href":"https:\/\/www.basilicacistern.gen.tr\/de\/wp-json\/wp\/v2\/pages\/2834\/revisions\/4719"}],"wp:featuredmedia":[{"embeddable":true,"href":"https:\/\/www.basilicacistern.gen.tr\/de\/wp-json\/wp\/v2\/media\/2703"}],"wp:attachment":[{"href":"https:\/\/www.basilicacistern.gen.tr\/de\/wp-json\/wp\/v2\/media?parent=2834"}],"curies":[{"name":"wp","href":"https:\/\/api.w.org\/{rel}","templated":true}]}}