{"id":4183,"date":"2024-11-05T14:17:17","date_gmt":"2024-11-05T14:17:17","guid":{"rendered":"https:\/\/www.basilicacistern.gen.tr\/affiliate-disclosure\/"},"modified":"2025-09-04T04:19:20","modified_gmt":"2025-09-04T04:19:20","slug":"divulgacion-afiliados","status":"publish","type":"page","link":"https:\/\/www.basilicacistern.gen.tr\/es\/divulgacion-afiliados\/","title":{"rendered":"Divulgacion Afiliados"},"content":{"rendered":"<h1><span data-attr-id=\"the_title\" data-extra_key=\"the_title\" data-option-inline=\"1\" data-shortcode=\"thrv_dynamic_data_content\" data-shortcode-name=\"Post title\">Divulgacion Afiliados<\/span><\/h1>\n<p><span style=\"\"><img width=\"1890\" height=\"1417\" src=\"https:\/\/www.basilicacistern.gen.tr\/wp-content\/uploads\/2023\/10\/Medusa-head-inside-1.jpg\" alt=\"Divulgaci\u00f3n de afiliados\" title=\"Divulgaci\u00f3n de afiliados\" data-id=\"4184\" data-d-f=\"featured\" loading=\"lazy\" decoding=\"async\" \/><\/span><\/p>\n<p dir=\"ltr\">En BasilicaCistern.gen.tr, nuestro objetivo es ofrecerte contenido de viajes de alta calidad para ayudarte a planificar y disfrutar al m\u00e1ximo tu visita. Para apoyar el mantenimiento y crecimiento de este sitio web, utilizamos enlaces de afiliados en parte de nuestro contenido. Esto significa que, si realizas una compra a trav\u00e9s de alguno de estos enlaces, podemos recibir una peque\u00f1a comisi\u00f3n. No supone ning\u00fan coste adicional para ti y nos permite seguir ofreciendo informaci\u00f3n gratuita y actualizada.<\/p>\n<h2 dir=\"ltr\">\u00bfPor qu\u00e9 utilizamos enlaces de afiliados?<\/h2>\n<p dir=\"ltr\">Gestionar un sitio web requiere tiempo y recursos, y las colaboraciones con afiliados nos ayudan a financiar este trabajo. Solo recomendamos productos, tours y servicios que realmente creemos que aportan valor a tu experiencia de viaje. Seleccionamos y evaluamos cuidadosamente a nuestros socios afiliados para asegurarnos de que cumplan con los est\u00e1ndares de calidad y los intereses de nuestros lectores.<\/p>\n<h2 dir=\"ltr\">Socios afiliados<\/h2>\n<p dir=\"ltr\">Algunos de nuestros socios afiliados de confianza incluyen plataformas reconocidas en el sector tur\u00edstico, como:<\/p>\n<ul>\n<li dir=\"ltr\">GetYourGuide<\/li>\n<li dir=\"ltr\">Tiqets<\/li>\n<li dir=\"ltr\">Headout<\/li>\n<li dir=\"ltr\">Viator<\/li>\n<li dir=\"ltr\">Platinumlist<\/li>\n<li dir=\"ltr\">Civitatis<\/li>\n<li dir=\"ltr\">Holafly<\/li>\n<li dir=\"ltr\">Booking.com<\/li>\n<li dir=\"ltr\">Megapass<\/li>\n<li dir=\"ltr\">Musement<\/li>\n<\/ul>\n<p dir=\"ltr\">Ten en cuenta que esta lista puede actualizarse a medida que colaboramos con nuevas empresas de confianza que recomendamos.<\/p>\n<h2 dir=\"ltr\">Compromiso con la honestidad<\/h2>\n<p dir=\"ltr\">Queremos que conf\u00edes en las recomendaciones que te ofrecemos. Aunque recibir una comisi\u00f3n nos ayuda a financiar nuestro trabajo, esto nunca influye en el contenido, los temas ni los productos que recomendamos. Nuestro objetivo principal es brindarte informaci\u00f3n \u00fatil, honesta y precisa para tus viajes. Cada producto o servicio que recomendamos es algo que usar\u00edamos o sugerir\u00edamos personalmente a nuestros amigos y familiares.<\/p>\n<h2 dir=\"ltr\">Tu apoyo importa<\/h2>\n<p dir=\"ltr\">Al utilizar nuestros enlaces de afiliado, est\u00e1s apoyando el contenido y los recursos que ofrecemos en BasilicaCistern.gen.tr, y te agradecemos sinceramente tu confianza. Gracias a ello, podemos seguir ofreci\u00e9ndote consejos, gu\u00edas y recomendaciones que esperamos que enriquezcan tus aventuras de viaje.Si tienes alguna pregunta o duda sobre nuestras asociaciones de afiliados o el contenido del sitio, no dudes en ponerte en contacto con nosotros.<\/p>\n<p><span><span>                    <\/span><\/span><span>Search<\/span><\/p>\n<p><strong>ENLACES \u00daTILES<\/strong><\/p>\n<p style=\"\"><a href=\"https:\/\/www.basilicacistern.gen.tr\/es\/acerca-de-la-cisterna-basilica\/\" style=\"outline: none;\">Acerca de la Cisterna Bas\u00edlica<\/a><\/p>\n<p style=\"\"><a href=\"https:\/\/www.basilicacistern.gen.tr\/es\/historia-de-la-cisterna-basilica\/\" style=\"outline: none;\">Historia<\/a><\/p>\n<p style=\"\"><a href=\"https:\/\/www.basilicacistern.gen.tr\/es\/cisterna-basilica-interior\/\" style=\"outline: none;\">Adentro<\/a><\/p>\n<p style=\"\"><a href=\"https:\/\/www.basilicacistern.gen.tr\/es\/cisterna-basilica-horario\/\" style=\"outline: none;\">Informaci\u00f3n para visitantes<\/a><\/p>\n<p style=\"\"><a href=\"https:\/\/www.basilicacistern.gen.tr\/es\/como-llegar-cisterna-basilica\/\" style=\"outline: none;\">C\u00f3mo llegar<\/a><\/p>\n<p style=\"\"><a href=\"https:\/\/www.basilicacistern.gen.tr\/es\/entradas-y-visitas-guiadas\/\" style=\"outline: none;\">Visitas guiadas<\/a><\/p>\n<p style=\"\"><a href=\"https:\/\/www.basilicacistern.gen.tr\/es\/preguntas-frecuentes-cisterna-basilica\/\" style=\"outline: none;\">Preguntas frecuentes<\/a><\/p>\n","protected":false},"excerpt":{"rendered":"<p>Divulgacion Afiliados En BasilicaCistern.gen.tr, nuestro objetivo es ofrecerte contenido de viajes de alta calidad para ayudarte a planificar y disfrutar al m\u00e1ximo tu visita. Para apoyar el mantenimiento y crecimiento de este sitio web, utilizamos enlaces de afiliados en parte de nuestro contenido. Esto significa que, si realizas una compra a trav\u00e9s de alguno de [&hellip;]<\/p>\n","protected":false},"author":9,"featured_media":4184,"parent":0,"menu_order":0,"comment_status":"closed","ping_status":"closed","template":"","meta":{"footnotes":"","tve_updated_post":"","tve_custom_css":"","tve_user_custom_css":"","tve_globals":{},"tcb2_ready":1,"tcb_editor_enabled":1,"tve_landing_page":"1e7ea749dc979827094291242b97daaf","_tve_header":"4169","_tve_footer":"4172"},"class_list":["post-4183","page","type-page","status-publish","has-post-thumbnail","hentry","post-wrapper","thrv_wrapper"],"wp-worthy-pixel":{"ignored":false,"public":null,"server":null,"url":null},"wp-worthy-type":"normal","_links":{"self":[{"href":"https:\/\/www.basilicacistern.gen.tr\/es\/wp-json\/wp\/v2\/pages\/4183","targetHints":{"allow":["GET"]}}],"collection":[{"href":"https:\/\/www.basilicacistern.gen.tr\/es\/wp-json\/wp\/v2\/pages"}],"about":[{"href":"https:\/\/www.basilicacistern.gen.tr\/es\/wp-json\/wp\/v2\/types\/page"}],"author":[{"embeddable":true,"href":"https:\/\/www.basilicacistern.gen.tr\/es\/wp-json\/wp\/v2\/users\/9"}],"replies":[{"embeddable":true,"href":"https:\/\/www.basilicacistern.gen.tr\/es\/wp-json\/wp\/v2\/comments?post=4183"}],"version-history":[{"count":8,"href":"https:\/\/www.basilicacistern.gen.tr\/es\/wp-json\/wp\/v2\/pages\/4183\/revisions"}],"predecessor-version":[{"id":4747,"href":"https:\/\/www.basilicacistern.gen.tr\/es\/wp-json\/wp\/v2\/pages\/4183\/revisions\/4747"}],"wp:featuredmedia":[{"embeddable":true,"href":"https:\/\/www.basilicacistern.gen.tr\/es\/wp-json\/wp\/v2\/media\/4184"}],"wp:attachment":[{"href":"https:\/\/www.basilicacistern.gen.tr\/es\/wp-json\/wp\/v2\/media?parent=4183"}],"curies":[{"name":"wp","href":"https:\/\/api.w.org\/{rel}","templated":true}]}}