{"id":4192,"date":"2025-06-17T07:06:41","date_gmt":"2025-06-17T07:06:41","guid":{"rendered":"https:\/\/www.basilicacistern.gen.tr\/basilica-cistern-skip-the-line-tickets\/"},"modified":"2025-09-06T03:20:06","modified_gmt":"2025-09-06T03:20:06","slug":"entrada-rapida-la-cisterna-basilica","status":"publish","type":"page","link":"https:\/\/www.basilicacistern.gen.tr\/es\/entrada-rapida-la-cisterna-basilica\/","title":{"rendered":"Entradas para la Cisterna Bas\u00edlica con acceso r\u00e1pido y audiogu\u00eda"},"content":{"rendered":"<p><span><img decoding=\"async\" alt=\"\" data-id=\"3461\" width=\"2048\" height=\"1136\" title=\"Entradas a la Cisterna Bas\u00edlica con acceso prioritario y audiogu\u00eda\" src=\"https:\/\/www.basilicacistern.gen.tr\/wp-content\/uploads\/2024\/09\/Basilica-Cistern-Tickets-with-Fast-Track-Entry-Audio-Guide-1024x568.png\" data-src=\"https:\/\/www.basilicacistern.gen.tr\/wp-content\/uploads\/2024\/09\/Basilica-Cistern-Tickets-with-Fast-Track-Entry-Audio-Guide-300x166.png\" loading=\"lazy\" data-sizes=\"{&quot;thumbnail&quot;:{&quot;url&quot;:&quot;https:\/\/www.basilicacistern.gen.tr\/wp-content\/uploads\/2024\/09\/Basilica-Cistern-Tickets-with-Fast-Track-Entry-Audio-Guide-150x150.png&quot;,&quot;height&quot;:150,&quot;width&quot;:150,&quot;orientation&quot;:&quot;landscape&quot;},&quot;medium&quot;:{&quot;url&quot;:&quot;https:\/\/www.basilicacistern.gen.tr\/wp-content\/uploads\/2024\/09\/Basilica-Cistern-Tickets-with-Fast-Track-Entry-Audio-Guide-300x166.png&quot;,&quot;height&quot;:166,&quot;width&quot;:300,&quot;orientation&quot;:&quot;landscape&quot;},&quot;large&quot;:{&quot;url&quot;:&quot;https:\/\/www.basilicacistern.gen.tr\/wp-content\/uploads\/2024\/09\/Basilica-Cistern-Tickets-with-Fast-Track-Entry-Audio-Guide-1024x568.png&quot;,&quot;height&quot;:568,&quot;width&quot;:1024,&quot;orientation&quot;:&quot;landscape&quot;},&quot;full&quot;:{&quot;url&quot;:&quot;https:\/\/www.basilicacistern.gen.tr\/wp-content\/uploads\/2024\/09\/Basilica-Cistern-Tickets-with-Fast-Track-Entry-Audio-Guide.png&quot;,&quot;height&quot;:1136,&quot;width&quot;:2048,&quot;orientation&quot;:&quot;landscape&quot;},&quot;1536x1536&quot;:{&quot;url&quot;:&quot;https:\/\/www.basilicacistern.gen.tr\/wp-content\/uploads\/2024\/09\/Basilica-Cistern-Tickets-with-Fast-Track-Entry-Audio-Guide-1536x852.png&quot;,&quot;height&quot;:852,&quot;width&quot;:1536,&quot;orientation&quot;:&quot;landscape&quot;},&quot;2048x2048&quot;:{&quot;url&quot;:&quot;https:\/\/www.basilicacistern.gen.tr\/wp-content\/uploads\/2024\/09\/Basilica-Cistern-Tickets-with-Fast-Track-Entry-Audio-Guide-2048x1136.png&quot;,&quot;height&quot;:1136,&quot;width&quot;:2048,&quot;orientation&quot;:&quot;landscape&quot;}}\"><\/span><span><img decoding=\"async\" alt=\"\" data-id=\"3849\" width=\"800\" height=\"452\" title=\"Entradas a la Cisterna Bas\u00edlica con acceso prioritario y audiogu\u00eda (OTA2)\" src=\"https:\/\/www.basilicacistern.gen.tr\/wp-content\/uploads\/2025\/06\/Basilica-Cistern-Tickets-with-Fast-Track-Entry-Audio-Guide-ota2.webp\" data-src=\"https:\/\/www.basilicacistern.gen.tr\/wp-content\/uploads\/2025\/06\/Basilica-Cistern-Tickets-with-Fast-Track-Entry-Audio-Guide-ota2-300x170.webp\" loading=\"lazy\" data-sizes=\"{&quot;thumbnail&quot;:{&quot;url&quot;:&quot;https:\/\/www.basilicacistern.gen.tr\/wp-content\/uploads\/2025\/06\/Basilica-Cistern-Tickets-with-Fast-Track-Entry-Audio-Guide-ota2-150x150.webp&quot;,&quot;height&quot;:150,&quot;width&quot;:150,&quot;orientation&quot;:&quot;landscape&quot;},&quot;medium&quot;:{&quot;url&quot;:&quot;https:\/\/www.basilicacistern.gen.tr\/wp-content\/uploads\/2025\/06\/Basilica-Cistern-Tickets-with-Fast-Track-Entry-Audio-Guide-ota2-300x170.webp&quot;,&quot;height&quot;:170,&quot;width&quot;:300,&quot;orientation&quot;:&quot;landscape&quot;},&quot;full&quot;:{&quot;url&quot;:&quot;https:\/\/www.basilicacistern.gen.tr\/wp-content\/uploads\/2025\/06\/Basilica-Cistern-Tickets-with-Fast-Track-Entry-Audio-Guide-ota2.webp&quot;,&quot;height&quot;:452,&quot;width&quot;:800,&quot;orientation&quot;:&quot;landscape&quot;}}\"><\/span><span><img decoding=\"async\" alt=\"\" data-id=\"3463\" width=\"2048\" height=\"1130\" title=\"Entradas a la Cisterna Bas\u00edlica con acceso prioritario y audiogu\u00eda 1\" src=\"https:\/\/www.basilicacistern.gen.tr\/wp-content\/uploads\/2024\/09\/Basilica-Cistern-Tickets-with-Fast-Track-Entry-Audio-Guide-1-1024x565.png\" data-src=\"https:\/\/www.basilicacistern.gen.tr\/wp-content\/uploads\/2024\/09\/Basilica-Cistern-Tickets-with-Fast-Track-Entry-Audio-Guide-1-300x166.png\" loading=\"lazy\" data-sizes=\"{&quot;thumbnail&quot;:{&quot;url&quot;:&quot;https:\/\/www.basilicacistern.gen.tr\/wp-content\/uploads\/2024\/09\/Basilica-Cistern-Tickets-with-Fast-Track-Entry-Audio-Guide-1-150x150.png&quot;,&quot;height&quot;:150,&quot;width&quot;:150,&quot;orientation&quot;:&quot;landscape&quot;},&quot;medium&quot;:{&quot;url&quot;:&quot;https:\/\/www.basilicacistern.gen.tr\/wp-content\/uploads\/2024\/09\/Basilica-Cistern-Tickets-with-Fast-Track-Entry-Audio-Guide-1-300x166.png&quot;,&quot;height&quot;:166,&quot;width&quot;:300,&quot;orientation&quot;:&quot;landscape&quot;},&quot;large&quot;:{&quot;url&quot;:&quot;https:\/\/www.basilicacistern.gen.tr\/wp-content\/uploads\/2024\/09\/Basilica-Cistern-Tickets-with-Fast-Track-Entry-Audio-Guide-1-1024x565.png&quot;,&quot;height&quot;:565,&quot;width&quot;:1024,&quot;orientation&quot;:&quot;landscape&quot;},&quot;full&quot;:{&quot;url&quot;:&quot;https:\/\/www.basilicacistern.gen.tr\/wp-content\/uploads\/2024\/09\/Basilica-Cistern-Tickets-with-Fast-Track-Entry-Audio-Guide-1.png&quot;,&quot;height&quot;:1130,&quot;width&quot;:2048,&quot;orientation&quot;:&quot;landscape&quot;},&quot;1536x1536&quot;:{&quot;url&quot;:&quot;https:\/\/www.basilicacistern.gen.tr\/wp-content\/uploads\/2024\/09\/Basilica-Cistern-Tickets-with-Fast-Track-Entry-Audio-Guide-1-1536x848.png&quot;,&quot;height&quot;:848,&quot;width&quot;:1536,&quot;orientation&quot;:&quot;landscape&quot;},&quot;2048x2048&quot;:{&quot;url&quot;:&quot;https:\/\/www.basilicacistern.gen.tr\/wp-content\/uploads\/2024\/09\/Basilica-Cistern-Tickets-with-Fast-Track-Entry-Audio-Guide-1-2048x1130.png&quot;,&quot;height&quot;:1130,&quot;width&quot;:2048,&quot;orientation&quot;:&quot;landscape&quot;}}\"><\/span><span><img decoding=\"async\" alt=\"\" data-id=\"3465\" width=\"2048\" height=\"1147\" title=\"Entradas a la Cisterna Bas\u00edlica con acceso prioritario y audiogu\u00eda 2\" src=\"https:\/\/www.basilicacistern.gen.tr\/wp-content\/uploads\/2024\/09\/Basilica-Cistern-Tickets-with-Fast-Track-Entry-Audio-Guide-2-1024x574.png\" data-src=\"https:\/\/www.basilicacistern.gen.tr\/wp-content\/uploads\/2024\/09\/Basilica-Cistern-Tickets-with-Fast-Track-Entry-Audio-Guide-2-300x168.png\" loading=\"lazy\" data-sizes=\"{&quot;thumbnail&quot;:{&quot;url&quot;:&quot;https:\/\/www.basilicacistern.gen.tr\/wp-content\/uploads\/2024\/09\/Basilica-Cistern-Tickets-with-Fast-Track-Entry-Audio-Guide-2-150x150.png&quot;,&quot;height&quot;:150,&quot;width&quot;:150,&quot;orientation&quot;:&quot;landscape&quot;},&quot;medium&quot;:{&quot;url&quot;:&quot;https:\/\/www.basilicacistern.gen.tr\/wp-content\/uploads\/2024\/09\/Basilica-Cistern-Tickets-with-Fast-Track-Entry-Audio-Guide-2-300x168.png&quot;,&quot;height&quot;:168,&quot;width&quot;:300,&quot;orientation&quot;:&quot;landscape&quot;},&quot;large&quot;:{&quot;url&quot;:&quot;https:\/\/www.basilicacistern.gen.tr\/wp-content\/uploads\/2024\/09\/Basilica-Cistern-Tickets-with-Fast-Track-Entry-Audio-Guide-2-1024x574.png&quot;,&quot;height&quot;:574,&quot;width&quot;:1024,&quot;orientation&quot;:&quot;landscape&quot;},&quot;full&quot;:{&quot;url&quot;:&quot;https:\/\/www.basilicacistern.gen.tr\/wp-content\/uploads\/2024\/09\/Basilica-Cistern-Tickets-with-Fast-Track-Entry-Audio-Guide-2.png&quot;,&quot;height&quot;:1147,&quot;width&quot;:2048,&quot;orientation&quot;:&quot;landscape&quot;},&quot;1536x1536&quot;:{&quot;url&quot;:&quot;https:\/\/www.basilicacistern.gen.tr\/wp-content\/uploads\/2024\/09\/Basilica-Cistern-Tickets-with-Fast-Track-Entry-Audio-Guide-2-1536x860.png&quot;,&quot;height&quot;:860,&quot;width&quot;:1536,&quot;orientation&quot;:&quot;landscape&quot;},&quot;2048x2048&quot;:{&quot;url&quot;:&quot;https:\/\/www.basilicacistern.gen.tr\/wp-content\/uploads\/2024\/09\/Basilica-Cistern-Tickets-with-Fast-Track-Entry-Audio-Guide-2-2048x1147.png&quot;,&quot;height&quot;:1147,&quot;width&quot;:2048,&quot;orientation&quot;:&quot;landscape&quot;}}\"><\/span><span><img decoding=\"async\" alt=\"\" data-id=\"3467\" width=\"2048\" height=\"1178\" title=\"Entradas a la Cisterna Bas\u00edlica con acceso prioritario y audiogu\u00eda 3\" src=\"https:\/\/www.basilicacistern.gen.tr\/wp-content\/uploads\/2024\/09\/Basilica-Cistern-Tickets-with-Fast-Track-Entry-Audio-Guide-3-1024x589.png\" data-src=\"https:\/\/www.basilicacistern.gen.tr\/wp-content\/uploads\/2024\/09\/Basilica-Cistern-Tickets-with-Fast-Track-Entry-Audio-Guide-3-300x173.png\" loading=\"lazy\" data-sizes=\"{&quot;thumbnail&quot;:{&quot;url&quot;:&quot;https:\/\/www.basilicacistern.gen.tr\/wp-content\/uploads\/2024\/09\/Basilica-Cistern-Tickets-with-Fast-Track-Entry-Audio-Guide-3-150x150.png&quot;,&quot;height&quot;:150,&quot;width&quot;:150,&quot;orientation&quot;:&quot;landscape&quot;},&quot;medium&quot;:{&quot;url&quot;:&quot;https:\/\/www.basilicacistern.gen.tr\/wp-content\/uploads\/2024\/09\/Basilica-Cistern-Tickets-with-Fast-Track-Entry-Audio-Guide-3-300x173.png&quot;,&quot;height&quot;:173,&quot;width&quot;:300,&quot;orientation&quot;:&quot;landscape&quot;},&quot;large&quot;:{&quot;url&quot;:&quot;https:\/\/www.basilicacistern.gen.tr\/wp-content\/uploads\/2024\/09\/Basilica-Cistern-Tickets-with-Fast-Track-Entry-Audio-Guide-3-1024x589.png&quot;,&quot;height&quot;:589,&quot;width&quot;:1024,&quot;orientation&quot;:&quot;landscape&quot;},&quot;full&quot;:{&quot;url&quot;:&quot;https:\/\/www.basilicacistern.gen.tr\/wp-content\/uploads\/2024\/09\/Basilica-Cistern-Tickets-with-Fast-Track-Entry-Audio-Guide-3.png&quot;,&quot;height&quot;:1178,&quot;width&quot;:2048,&quot;orientation&quot;:&quot;landscape&quot;},&quot;1536x1536&quot;:{&quot;url&quot;:&quot;https:\/\/www.basilicacistern.gen.tr\/wp-content\/uploads\/2024\/09\/Basilica-Cistern-Tickets-with-Fast-Track-Entry-Audio-Guide-3-1536x884.png&quot;,&quot;height&quot;:884,&quot;width&quot;:1536,&quot;orientation&quot;:&quot;landscape&quot;},&quot;2048x2048&quot;:{&quot;url&quot;:&quot;https:\/\/www.basilicacistern.gen.tr\/wp-content\/uploads\/2024\/09\/Basilica-Cistern-Tickets-with-Fast-Track-Entry-Audio-Guide-3-2048x1178.png&quot;,&quot;height&quot;:1178,&quot;width&quot;:2048,&quot;orientation&quot;:&quot;landscape&quot;}}\"><\/span><span><img decoding=\"async\" alt=\"\" data-id=\"3469\" width=\"2048\" height=\"1144\" title=\"Entradas a la Cisterna Bas\u00edlica con acceso prioritario y audiogu\u00eda 4\" src=\"https:\/\/www.basilicacistern.gen.tr\/wp-content\/uploads\/2024\/09\/Basilica-Cistern-Tickets-with-Fast-Track-Entry-Audio-Guide-4-1024x572.png\" data-src=\"https:\/\/www.basilicacistern.gen.tr\/wp-content\/uploads\/2024\/09\/Basilica-Cistern-Tickets-with-Fast-Track-Entry-Audio-Guide-4-300x168.png\" loading=\"lazy\" data-sizes=\"{&quot;thumbnail&quot;:{&quot;url&quot;:&quot;https:\/\/www.basilicacistern.gen.tr\/wp-content\/uploads\/2024\/09\/Basilica-Cistern-Tickets-with-Fast-Track-Entry-Audio-Guide-4-150x150.png&quot;,&quot;height&quot;:150,&quot;width&quot;:150,&quot;orientation&quot;:&quot;landscape&quot;},&quot;medium&quot;:{&quot;url&quot;:&quot;https:\/\/www.basilicacistern.gen.tr\/wp-content\/uploads\/2024\/09\/Basilica-Cistern-Tickets-with-Fast-Track-Entry-Audio-Guide-4-300x168.png&quot;,&quot;height&quot;:168,&quot;width&quot;:300,&quot;orientation&quot;:&quot;landscape&quot;},&quot;large&quot;:{&quot;url&quot;:&quot;https:\/\/www.basilicacistern.gen.tr\/wp-content\/uploads\/2024\/09\/Basilica-Cistern-Tickets-with-Fast-Track-Entry-Audio-Guide-4-1024x572.png&quot;,&quot;height&quot;:572,&quot;width&quot;:1024,&quot;orientation&quot;:&quot;landscape&quot;},&quot;full&quot;:{&quot;url&quot;:&quot;https:\/\/www.basilicacistern.gen.tr\/wp-content\/uploads\/2024\/09\/Basilica-Cistern-Tickets-with-Fast-Track-Entry-Audio-Guide-4.png&quot;,&quot;height&quot;:1144,&quot;width&quot;:2048,&quot;orientation&quot;:&quot;landscape&quot;},&quot;1536x1536&quot;:{&quot;url&quot;:&quot;https:\/\/www.basilicacistern.gen.tr\/wp-content\/uploads\/2024\/09\/Basilica-Cistern-Tickets-with-Fast-Track-Entry-Audio-Guide-4-1536x858.png&quot;,&quot;height&quot;:858,&quot;width&quot;:1536,&quot;orientation&quot;:&quot;landscape&quot;},&quot;2048x2048&quot;:{&quot;url&quot;:&quot;https:\/\/www.basilicacistern.gen.tr\/wp-content\/uploads\/2024\/09\/Basilica-Cistern-Tickets-with-Fast-Track-Entry-Audio-Guide-4-2048x1144.png&quot;,&quot;height&quot;:1144,&quot;width&quot;:2048,&quot;orientation&quot;:&quot;landscape&quot;}}\"><\/span><\/p>\n<h1 dir=\"ltr\">Entradas para la Cisterna Bas\u00edlica con acceso prioritario y audiogu\u00eda<\/h1>\n<h2><a href=\"https:\/\/megapass.com\/tours-tickets\/basilica-cistern-skip-the-line-ticket-and-audio-guide-i2511?discountCode=ma-places\" target=\"_blank\" rel=\"nofollow noopener\" style=\"outline: none;\">Make a Reservation<\/a><\/h2>\n<h1><a href=\"https:\/\/megapass.com\/tours-tickets\/basilica-cistern-skip-the-line-ticket-and-audio-guide-i2511?discountCode=ma-places\" target=\"_blank\" rel=\"nofollow noopener\" style=\"outline: none;\"><span style=\"font-weight: normal;\">From \u20ac<\/span><strong>33<\/strong><\/a><\/h1>\n<p dir=\"ltr\">Ahorra tiempo y explora el fascinante mundo subterr\u00e1neo de la Cisterna Bas\u00edlica con acceso sin colas y audiogu\u00eda multiling\u00fce. Disfruta de acceso flexible durante todo el d\u00eda y descubre esta joya oculta de Estambul a tu ritmo.<\/p>\n<ul>\n<li style=\"\"><span>Entrada seleccionada a mano<\/span><\/li>\n<li style=\"\"><span>Entrada m\u00f3vil<\/span><\/li>\n<li style=\"\"><span>Acceso sin colas<\/span><\/li>\n<li style=\"\"><span>No reembolsable<\/span><\/li>\n<\/ul>\n<h2>Qu\u00e9 incluye<\/h2>\n<ul>\n<li style=\"\">                    <span>Entrada para la Cisterna Bas\u00edlica<\/span><\/li>\n<li><span>Evita las colas al comprar tus entradas<\/span><\/li>\n<li><span>Aplicaci\u00f3n de audiogu\u00eda para smartphones, disponible en ingl\u00e9s, espa\u00f1ol, alem\u00e1n, franc\u00e9s e italiano<\/span><\/li>\n<\/ul>\n<h2>Qu\u00e9 no est\u00e1 incluido<\/h2>\n<ul>\n<li style=\"\"><span>No se puede evitar el control de seguridad obligatorio<\/span><\/li>\n<li style=\"\"><span>no incluye gu\u00eda en directo<\/span><\/li>\n<\/ul>\n<h2>Informaci\u00f3n importante<\/h2>\n<ul>\n<li style=\"\"><span>Las entradas son v\u00e1lidas en cualquier momento durante el horario de apertura del d\u00eda seleccionado.<\/span><\/li>\n<li><span>No es posible evitar el control de seguridad; en temporada alta, los tiempos de espera pueden alcanzar los 15 minutos.<\/span><\/li>\n<li><span>Descarga la aplicaci\u00f3n de audiogu\u00eda con antelaci\u00f3n para ahorrar tiempo en el acceso.<\/span><\/li>\n<li><span>Es posible que necesites conexi\u00f3n a Internet para la configuraci\u00f3n inicial de la audiogu\u00eda.<\/span><\/li>\n<\/ul>\n<h2>Descripci\u00f3n:<\/h2>\n<p>Ad\u00e9ntrate en la<strong>&nbsp;maravilla subterr\u00e1nea de la Cisterna Bas\u00edlica,<\/strong>&nbsp;uno de los rincones hist\u00f3ricos m\u00e1s cautivadores de Estambul.<strong>&nbsp;Con acceso prioritario,<\/strong>&nbsp;evitar\u00e1s las largas colas y te sumergir\u00e1s directamente en este mundo m\u00e1gico de columnas de m\u00e1rmol y pasadizos tenuemente iluminados.<\/p>\n<p>Tu visita&nbsp;<strong>se enriquece con una audiogu\u00eda multiling\u00fce que<\/strong>&nbsp;revela secretos ocultos y joyas de la arquitectura bizantina.<strong>&nbsp;El acceso flexible durante todo el d\u00eda<\/strong> te permite explorar a tu ritmo, ideal para planes espont\u00e1neos y para disfrutar sin prisas en pleno coraz\u00f3n del casco antiguo.<\/p>\n<h2>Reflejos:<\/h2>\n<ul>\n<li dir=\"ltr\">Evita las largas colas con acceso r\u00e1pido sin esperas<\/li>\n<li dir=\"ltr\">Explora uno de los monumentos m\u00e1s antiguos y evocadores de Estambul.<\/li>\n<li dir=\"ltr\">Descubre los secretos de las cabezas de Medusa y la ingenier\u00eda romana<\/li>\n<li dir=\"ltr\">Disfruta de la visita a tu ritmo con audiogu\u00eda multiling\u00fce incluida.<\/li>\n<li dir=\"ltr\">Accede en cualquier momento durante el horario de apertura con total flexibilidad.<\/li>\n<li dir=\"ltr\">Ideal para viajeros con poco tiempo o itinerarios ajustados.<\/li>\n<\/ul>\n<h3 dir=\"ltr\">Cisterna Bas\u00edlica<\/h3>\n<p dir=\"ltr\">Alemdar, Yerebatan Cd. 1\/3, 34110 Fatih\/Estambul<\/p>\n<h2>Pol\u00edtica de cancelaci\u00f3n<\/h2>\n<p dir=\"ltr\">Las entradas no son reembolsables y no admiten cambios ni cancelaciones una vez realizada la compra.<\/p>\n<h2>Punto de encuentro y detalles pr\u00e1cticos<\/h2>\n<p dir=\"ltr\">Recibir\u00e1s tu entrada por correo electr\u00f3nico tras completar la reserva. Pres\u00e9ntala en la entrada prioritaria de la Cisterna Bas\u00edlica, situada en Sultanahmet, junto a Santa Sof\u00eda. Descarga la aplicaci\u00f3n de audiogu\u00eda en tu m\u00f3vil antes de la visita.<\/p>\n<p><a href=\"https:\/\/maps.app.goo.gl\/HWhqxHBGoW1fUseo7\" target=\"_blank\" rel=\"nofollow noopener\" style=\"outline: none;\" data-lt-tmp-id=\"lt-113442\" spellcheck=\"false\">Abrir en Maps<\/a><\/p>\n<h2>Rese\u00f1as y calificaciones<\/h2>\n<p dir=\"ltr\"><strong>4.5\/5 (15 opiniones)<\/strong><\/p>\n<p><em>\u00a1\u00a1\u00a1Recomendado!!!&nbsp;<\/em> &#8211; Eric-Gabriel&nbsp; <a href=\"https:\/\/megapass.com\/tours-tickets\/basilica-cistern-skip-the-line-ticket-and-audio-guide-i2511?discountCode=ma-places\" target=\"_blank\" rel=\"nofollow noopener\" style=\"outline: none;\" data-lt-tmp-id=\"lt-205297\" spellcheck=\"false\">&gt;&gt; Ver m\u00e1s rese\u00f1as<\/a><\/p>\n<h2>Actividades que podr\u00edan interesarte<\/h2>\n<p><span># <\/span><strong><span>2<\/span><\/strong><span># <\/span><strong><span>2<\/span><\/strong><span><img decoding=\"async\" alt=\"S\u00faper Combo Estambul: Palacio de Topkapi + Santa Sof\u00eda + Cisterna Bas\u00edlica Entradas sin colas con audiogu\u00eda\" data-id=\"3856\" width=\"159\" data-init-width=\"1600\" height=\"89\" data-init-height=\"1000\" src=\"https:\/\/www.basilicacistern.gen.tr\/wp-content\/uploads\/2025\/06\/Istanbul-Super-Combo-Topkapi-Palace-Hagia-Sophia-Basilica-Cistern-Skip-the-Line-Tickets-with-Audio-Guide-ota.avif\" data-width=\"159\" data-height=\"89\" style=\"aspect-ratio: auto 1600 \/ 1000;\" loading=\"lazy\" title=\"S\u00faper Combo Estambul: Palacio de Topkapi + Santa Sof\u00eda + Cisterna Bas\u00edlica Entradas sin colas con audiogu\u00eda\"><\/span><\/p>\n<table>\n<tbody>\n<tr>\n<td><strong>S\u00faper Combo Estambul: Palacio de Topkapi + Santa Sof\u00eda + Cisterna Bas\u00edlica \u2014 entradas sin colas y audiogu\u00eda incluidaS\u00faper Combo Estambul: Palacio de Topkapi + Santa Sof\u00eda + Cisterna Bas\u00edlica \u2014 entradas sin colas y audiogu\u00eda incluida<\/strong><\/td>\n<\/tr>\n<\/tbody>\n<\/table>\n<p>Descubre el impresionante patrimonio de Estambul con el pase \u201cSuper Combo\u201d: acceso sin colas y audiogu\u00eda incluida para el espl\u00e9ndido Palacio de Topkapi, la imponente Santa Sof\u00eda y la m\u00edstica Cisterna Bas\u00edlica.<\/p>\n<h3 style=\"\">Precio total<\/h3>\n<h3 style=\"\">No se le cobrar\u00e1 todav\u00eda<\/h3>\n<p><span># <\/span><strong><span>2<\/span><\/strong><span><img decoding=\"async\" alt=\"Istanbul MegaPass: entradas electr\u00f3nicas sin colas para las principales atracciones\" data-id=\"3860\" width=\"159\" data-init-width=\"1302\" height=\"89\" data-init-height=\"814\" src=\"https:\/\/www.basilicacistern.gen.tr\/wp-content\/uploads\/2025\/06\/Istanbul-MegaPass-Skip-the-Line-E-Tickets-for-Top-Attractions-ota.avif\" data-width=\"159\" data-height=\"89\" style=\"aspect-ratio: auto 1302 \/ 814;\" loading=\"lazy\" title=\"Istanbul MegaPass: entradas electr\u00f3nicas sin colas para las principales atracciones\"><\/span><\/p>\n<table>\n<tbody>\n<tr>\n<td><strong>Istanbul MegaPass: entradas electr\u00f3nicas sin colas para las atracciones m\u00e1s emblem\u00e1ticasIstanbul MegaPass: entradas electr\u00f3nicas sin colas para las atracciones m\u00e1s emblem\u00e1ticas<\/strong><\/td>\n<\/tr>\n<\/tbody>\n<\/table>\n<p>Descubre la grandeza de Estambul con el Istanbul MegaPass, tu pase definitivo para acceder sin colas a las atracciones m\u00e1s emblem\u00e1ticas de la ciudad, como Santa Sof\u00eda, el Palacio de Topkapi y un crucero por el B\u00f3sforo. Una experiencia perfecta e inolvidable, con entradas electr\u00f3nicas y audiogu\u00eda incluida.<\/p>\n<h3 style=\"\">Precio total<\/h3>\n<h3 style=\"\">No se le cobrar\u00e1 todav\u00eda<\/h3>\n<\/p>\n<h2><a href=\"https:\/\/megapass.com\/tours-tickets\/basilica-cistern-skip-the-line-ticket-and-audio-guide-i2511?discountCode=ma-places\" target=\"_blank\" rel=\"nofollow noopener\" style=\"outline: none;\">Hacer una reserva<\/a><\/h2>\n<h1><a href=\"https:\/\/megapass.com\/tours-tickets\/basilica-cistern-skip-the-line-ticket-and-audio-guide-i2511?discountCode=ma-places\" target=\"_blank\" rel=\"nofollow noopener\" style=\"outline: none;\"><span style=\"font-weight: normal;\">Desde<\/span><strong>&nbsp;33\u20ac<\/strong><\/a><\/h1>\n<p style=\"\">No se le cobrar\u00e1 todav\u00eda<\/p>\n","protected":false},"excerpt":{"rendered":"<p>Entradas para la Cisterna Bas\u00edlica con acceso prioritario y audiogu\u00eda Make a Reservation From \u20ac33 Ahorra tiempo y explora el fascinante mundo subterr\u00e1neo de la Cisterna Bas\u00edlica con acceso sin colas y audiogu\u00eda multiling\u00fce. Disfruta de acceso flexible durante todo el d\u00eda y descubre esta joya oculta de Estambul a tu ritmo. Entrada seleccionada a [&hellip;]<\/p>\n","protected":false},"author":8,"featured_media":3867,"parent":0,"menu_order":0,"comment_status":"closed","ping_status":"closed","template":"","meta":{"footnotes":""},"class_list":["post-4192","page","type-page","status-publish","has-post-thumbnail","hentry","post-wrapper","thrv_wrapper"],"wp-worthy-pixel":{"ignored":false,"public":null,"server":null,"url":null},"wp-worthy-type":"normal","_links":{"self":[{"href":"https:\/\/www.basilicacistern.gen.tr\/es\/wp-json\/wp\/v2\/pages\/4192","targetHints":{"allow":["GET"]}}],"collection":[{"href":"https:\/\/www.basilicacistern.gen.tr\/es\/wp-json\/wp\/v2\/pages"}],"about":[{"href":"https:\/\/www.basilicacistern.gen.tr\/es\/wp-json\/wp\/v2\/types\/page"}],"author":[{"embeddable":true,"href":"https:\/\/www.basilicacistern.gen.tr\/es\/wp-json\/wp\/v2\/users\/8"}],"replies":[{"embeddable":true,"href":"https:\/\/www.basilicacistern.gen.tr\/es\/wp-json\/wp\/v2\/comments?post=4192"}],"version-history":[{"count":6,"href":"https:\/\/www.basilicacistern.gen.tr\/es\/wp-json\/wp\/v2\/pages\/4192\/revisions"}],"predecessor-version":[{"id":4745,"href":"https:\/\/www.basilicacistern.gen.tr\/es\/wp-json\/wp\/v2\/pages\/4192\/revisions\/4745"}],"wp:featuredmedia":[{"embeddable":true,"href":"https:\/\/www.basilicacistern.gen.tr\/es\/wp-json\/wp\/v2\/media\/3867"}],"wp:attachment":[{"href":"https:\/\/www.basilicacistern.gen.tr\/es\/wp-json\/wp\/v2\/media?parent=4192"}],"curies":[{"name":"wp","href":"https:\/\/api.w.org\/{rel}","templated":true}]}}