{"id":4210,"date":"2025-06-17T07:54:03","date_gmt":"2025-06-17T07:54:03","guid":{"rendered":"https:\/\/www.basilicacistern.gen.tr\/blue-mosque-hagia-sophia-and-basilica-cistern-tour\/"},"modified":"2025-09-03T15:19:32","modified_gmt":"2025-09-03T15:19:32","slug":"mezquita-azul-santa-sofia-cisterna-basilica-tour","status":"publish","type":"page","link":"https:\/\/www.basilicacistern.gen.tr\/es\/mezquita-azul-santa-sofia-cisterna-basilica-tour\/","title":{"rendered":"Tour por la Mezquita Azul, Santa Sof\u00eda y la Cisterna Bas\u00edlica"},"content":{"rendered":"<p><span><img decoding=\"async\" alt=\"\" data-id=\"3892\" width=\"800\" height=\"452\" title=\"Visita guiada a la Mezquita Azul, Santa Sof\u00eda y la Cisterna Bas\u00edlica\" src=\"https:\/\/www.basilicacistern.gen.tr\/wp-content\/uploads\/2025\/06\/Blue-Mosque-Hagia-Sophia-and-Basilica-Cistern-Guided-Tour-ota.webp\" data-src=\"https:\/\/www.basilicacistern.gen.tr\/wp-content\/uploads\/2025\/06\/Blue-Mosque-Hagia-Sophia-and-Basilica-Cistern-Guided-Tour-ota-300x170.webp\" loading=\"lazy\" data-sizes=\"{&quot;thumbnail&quot;:{&quot;url&quot;:&quot;https:\/\/www.basilicacistern.gen.tr\/wp-content\/uploads\/2025\/06\/Blue-Mosque-Hagia-Sophia-and-Basilica-Cistern-Guided-Tour-ota-150x150.webp&quot;,&quot;height&quot;:150,&quot;width&quot;:150,&quot;orientation&quot;:&quot;landscape&quot;},&quot;medium&quot;:{&quot;url&quot;:&quot;https:\/\/www.basilicacistern.gen.tr\/wp-content\/uploads\/2025\/06\/Blue-Mosque-Hagia-Sophia-and-Basilica-Cistern-Guided-Tour-ota-300x170.webp&quot;,&quot;height&quot;:170,&quot;width&quot;:300,&quot;orientation&quot;:&quot;landscape&quot;},&quot;full&quot;:{&quot;url&quot;:&quot;https:\/\/www.basilicacistern.gen.tr\/wp-content\/uploads\/2025\/06\/Blue-Mosque-Hagia-Sophia-and-Basilica-Cistern-Guided-Tour-ota.webp&quot;,&quot;height&quot;:452,&quot;width&quot;:800,&quot;orientation&quot;:&quot;landscape&quot;}}\"><\/span><span><img decoding=\"async\" alt=\"\" data-id=\"3465\" width=\"2048\" height=\"1147\" title=\"Entradas a la Cisterna Bas\u00edlica con acceso prioritario y audiogu\u00eda 2\" src=\"https:\/\/www.basilicacistern.gen.tr\/wp-content\/uploads\/2024\/09\/Basilica-Cistern-Tickets-with-Fast-Track-Entry-Audio-Guide-2-1024x574.png\" data-src=\"https:\/\/www.basilicacistern.gen.tr\/wp-content\/uploads\/2024\/09\/Basilica-Cistern-Tickets-with-Fast-Track-Entry-Audio-Guide-2-300x168.png\" loading=\"lazy\" data-sizes=\"{&quot;thumbnail&quot;:{&quot;url&quot;:&quot;https:\/\/www.basilicacistern.gen.tr\/wp-content\/uploads\/2024\/09\/Basilica-Cistern-Tickets-with-Fast-Track-Entry-Audio-Guide-2-150x150.png&quot;,&quot;height&quot;:150,&quot;width&quot;:150,&quot;orientation&quot;:&quot;landscape&quot;},&quot;medium&quot;:{&quot;url&quot;:&quot;https:\/\/www.basilicacistern.gen.tr\/wp-content\/uploads\/2024\/09\/Basilica-Cistern-Tickets-with-Fast-Track-Entry-Audio-Guide-2-300x168.png&quot;,&quot;height&quot;:168,&quot;width&quot;:300,&quot;orientation&quot;:&quot;landscape&quot;},&quot;large&quot;:{&quot;url&quot;:&quot;https:\/\/www.basilicacistern.gen.tr\/wp-content\/uploads\/2024\/09\/Basilica-Cistern-Tickets-with-Fast-Track-Entry-Audio-Guide-2-1024x574.png&quot;,&quot;height&quot;:574,&quot;width&quot;:1024,&quot;orientation&quot;:&quot;landscape&quot;},&quot;full&quot;:{&quot;url&quot;:&quot;https:\/\/www.basilicacistern.gen.tr\/wp-content\/uploads\/2024\/09\/Basilica-Cistern-Tickets-with-Fast-Track-Entry-Audio-Guide-2.png&quot;,&quot;height&quot;:1147,&quot;width&quot;:2048,&quot;orientation&quot;:&quot;landscape&quot;},&quot;1536x1536&quot;:{&quot;url&quot;:&quot;https:\/\/www.basilicacistern.gen.tr\/wp-content\/uploads\/2024\/09\/Basilica-Cistern-Tickets-with-Fast-Track-Entry-Audio-Guide-2-1536x860.png&quot;,&quot;height&quot;:860,&quot;width&quot;:1536,&quot;orientation&quot;:&quot;landscape&quot;},&quot;2048x2048&quot;:{&quot;url&quot;:&quot;https:\/\/www.basilicacistern.gen.tr\/wp-content\/uploads\/2024\/09\/Basilica-Cistern-Tickets-with-Fast-Track-Entry-Audio-Guide-2-2048x1147.png&quot;,&quot;height&quot;:1147,&quot;width&quot;:2048,&quot;orientation&quot;:&quot;landscape&quot;}}\"><\/span><span><img decoding=\"async\" alt=\"\" data-id=\"3889\" width=\"800\" height=\"452\" title=\"Visita guiada a la Mezquita Azul, Santa Sof\u00eda y la Cisterna Bas\u00edlica ota2\" src=\"https:\/\/www.basilicacistern.gen.tr\/wp-content\/uploads\/2025\/06\/Blue-Mosque-Hagia-Sophia-and-Basilica-Cistern-Guided-Tour-ota2.webp\" data-src=\"https:\/\/www.basilicacistern.gen.tr\/wp-content\/uploads\/2025\/06\/Blue-Mosque-Hagia-Sophia-and-Basilica-Cistern-Guided-Tour-ota2-300x170.webp\" loading=\"lazy\" data-sizes=\"{&quot;thumbnail&quot;:{&quot;url&quot;:&quot;https:\/\/www.basilicacistern.gen.tr\/wp-content\/uploads\/2025\/06\/Blue-Mosque-Hagia-Sophia-and-Basilica-Cistern-Guided-Tour-ota2-150x150.webp&quot;,&quot;height&quot;:150,&quot;width&quot;:150,&quot;orientation&quot;:&quot;landscape&quot;},&quot;medium&quot;:{&quot;url&quot;:&quot;https:\/\/www.basilicacistern.gen.tr\/wp-content\/uploads\/2025\/06\/Blue-Mosque-Hagia-Sophia-and-Basilica-Cistern-Guided-Tour-ota2-300x170.webp&quot;,&quot;height&quot;:170,&quot;width&quot;:300,&quot;orientation&quot;:&quot;landscape&quot;},&quot;full&quot;:{&quot;url&quot;:&quot;https:\/\/www.basilicacistern.gen.tr\/wp-content\/uploads\/2025\/06\/Blue-Mosque-Hagia-Sophia-and-Basilica-Cistern-Guided-Tour-ota2.webp&quot;,&quot;height&quot;:452,&quot;width&quot;:800,&quot;orientation&quot;:&quot;landscape&quot;}}\"><\/span><span><img decoding=\"async\" alt=\"\" data-id=\"3886\" width=\"800\" height=\"452\" title=\"Visita guiada a la Mezquita Azul, Santa Sof\u00eda y la Cisterna Bas\u00edlica ota3\" src=\"https:\/\/www.basilicacistern.gen.tr\/wp-content\/uploads\/2025\/06\/Blue-Mosque-Hagia-Sophia-and-Basilica-Cistern-Guided-Tour-ota3.webp\" data-src=\"https:\/\/www.basilicacistern.gen.tr\/wp-content\/uploads\/2025\/06\/Blue-Mosque-Hagia-Sophia-and-Basilica-Cistern-Guided-Tour-ota3-300x170.webp\" loading=\"lazy\" data-sizes=\"{&quot;thumbnail&quot;:{&quot;url&quot;:&quot;https:\/\/www.basilicacistern.gen.tr\/wp-content\/uploads\/2025\/06\/Blue-Mosque-Hagia-Sophia-and-Basilica-Cistern-Guided-Tour-ota3-150x150.webp&quot;,&quot;height&quot;:150,&quot;width&quot;:150,&quot;orientation&quot;:&quot;landscape&quot;},&quot;medium&quot;:{&quot;url&quot;:&quot;https:\/\/www.basilicacistern.gen.tr\/wp-content\/uploads\/2025\/06\/Blue-Mosque-Hagia-Sophia-and-Basilica-Cistern-Guided-Tour-ota3-300x170.webp&quot;,&quot;height&quot;:170,&quot;width&quot;:300,&quot;orientation&quot;:&quot;landscape&quot;},&quot;full&quot;:{&quot;url&quot;:&quot;https:\/\/www.basilicacistern.gen.tr\/wp-content\/uploads\/2025\/06\/Blue-Mosque-Hagia-Sophia-and-Basilica-Cistern-Guided-Tour-ota3.webp&quot;,&quot;height&quot;:452,&quot;width&quot;:800,&quot;orientation&quot;:&quot;landscape&quot;}}\"><\/span><span><img decoding=\"async\" alt=\"\" data-id=\"3469\" width=\"2048\" height=\"1144\" title=\"Entradas a la Cisterna Bas\u00edlica con acceso prioritario y audiogu\u00eda 4\" src=\"https:\/\/www.basilicacistern.gen.tr\/wp-content\/uploads\/2024\/09\/Basilica-Cistern-Tickets-with-Fast-Track-Entry-Audio-Guide-4-1024x572.png\" data-src=\"https:\/\/www.basilicacistern.gen.tr\/wp-content\/uploads\/2024\/09\/Basilica-Cistern-Tickets-with-Fast-Track-Entry-Audio-Guide-4-300x168.png\" loading=\"lazy\" data-sizes=\"{&quot;thumbnail&quot;:{&quot;url&quot;:&quot;https:\/\/www.basilicacistern.gen.tr\/wp-content\/uploads\/2024\/09\/Basilica-Cistern-Tickets-with-Fast-Track-Entry-Audio-Guide-4-150x150.png&quot;,&quot;height&quot;:150,&quot;width&quot;:150,&quot;orientation&quot;:&quot;landscape&quot;},&quot;medium&quot;:{&quot;url&quot;:&quot;https:\/\/www.basilicacistern.gen.tr\/wp-content\/uploads\/2024\/09\/Basilica-Cistern-Tickets-with-Fast-Track-Entry-Audio-Guide-4-300x168.png&quot;,&quot;height&quot;:168,&quot;width&quot;:300,&quot;orientation&quot;:&quot;landscape&quot;},&quot;large&quot;:{&quot;url&quot;:&quot;https:\/\/www.basilicacistern.gen.tr\/wp-content\/uploads\/2024\/09\/Basilica-Cistern-Tickets-with-Fast-Track-Entry-Audio-Guide-4-1024x572.png&quot;,&quot;height&quot;:572,&quot;width&quot;:1024,&quot;orientation&quot;:&quot;landscape&quot;},&quot;full&quot;:{&quot;url&quot;:&quot;https:\/\/www.basilicacistern.gen.tr\/wp-content\/uploads\/2024\/09\/Basilica-Cistern-Tickets-with-Fast-Track-Entry-Audio-Guide-4.png&quot;,&quot;height&quot;:1144,&quot;width&quot;:2048,&quot;orientation&quot;:&quot;landscape&quot;},&quot;1536x1536&quot;:{&quot;url&quot;:&quot;https:\/\/www.basilicacistern.gen.tr\/wp-content\/uploads\/2024\/09\/Basilica-Cistern-Tickets-with-Fast-Track-Entry-Audio-Guide-4-1536x858.png&quot;,&quot;height&quot;:858,&quot;width&quot;:1536,&quot;orientation&quot;:&quot;landscape&quot;},&quot;2048x2048&quot;:{&quot;url&quot;:&quot;https:\/\/www.basilicacistern.gen.tr\/wp-content\/uploads\/2024\/09\/Basilica-Cistern-Tickets-with-Fast-Track-Entry-Audio-Guide-4-2048x1144.png&quot;,&quot;height&quot;:1144,&quot;width&quot;:2048,&quot;orientation&quot;:&quot;landscape&quot;}}\"><\/span><span><img decoding=\"async\" alt=\"\" data-id=\"3463\" width=\"2048\" height=\"1130\" title=\"Entradas a la Cisterna Bas\u00edlica con acceso prioritario y audiogu\u00eda 1\" src=\"https:\/\/www.basilicacistern.gen.tr\/wp-content\/uploads\/2024\/09\/Basilica-Cistern-Tickets-with-Fast-Track-Entry-Audio-Guide-1-1024x565.png\" data-src=\"https:\/\/www.basilicacistern.gen.tr\/wp-content\/uploads\/2024\/09\/Basilica-Cistern-Tickets-with-Fast-Track-Entry-Audio-Guide-1-300x166.png\" loading=\"lazy\" data-sizes=\"{&quot;thumbnail&quot;:{&quot;url&quot;:&quot;https:\/\/www.basilicacistern.gen.tr\/wp-content\/uploads\/2024\/09\/Basilica-Cistern-Tickets-with-Fast-Track-Entry-Audio-Guide-1-150x150.png&quot;,&quot;height&quot;:150,&quot;width&quot;:150,&quot;orientation&quot;:&quot;landscape&quot;},&quot;medium&quot;:{&quot;url&quot;:&quot;https:\/\/www.basilicacistern.gen.tr\/wp-content\/uploads\/2024\/09\/Basilica-Cistern-Tickets-with-Fast-Track-Entry-Audio-Guide-1-300x166.png&quot;,&quot;height&quot;:166,&quot;width&quot;:300,&quot;orientation&quot;:&quot;landscape&quot;},&quot;large&quot;:{&quot;url&quot;:&quot;https:\/\/www.basilicacistern.gen.tr\/wp-content\/uploads\/2024\/09\/Basilica-Cistern-Tickets-with-Fast-Track-Entry-Audio-Guide-1-1024x565.png&quot;,&quot;height&quot;:565,&quot;width&quot;:1024,&quot;orientation&quot;:&quot;landscape&quot;},&quot;full&quot;:{&quot;url&quot;:&quot;https:\/\/www.basilicacistern.gen.tr\/wp-content\/uploads\/2024\/09\/Basilica-Cistern-Tickets-with-Fast-Track-Entry-Audio-Guide-1.png&quot;,&quot;height&quot;:1130,&quot;width&quot;:2048,&quot;orientation&quot;:&quot;landscape&quot;},&quot;1536x1536&quot;:{&quot;url&quot;:&quot;https:\/\/www.basilicacistern.gen.tr\/wp-content\/uploads\/2024\/09\/Basilica-Cistern-Tickets-with-Fast-Track-Entry-Audio-Guide-1-1536x848.png&quot;,&quot;height&quot;:848,&quot;width&quot;:1536,&quot;orientation&quot;:&quot;landscape&quot;},&quot;2048x2048&quot;:{&quot;url&quot;:&quot;https:\/\/www.basilicacistern.gen.tr\/wp-content\/uploads\/2024\/09\/Basilica-Cistern-Tickets-with-Fast-Track-Entry-Audio-Guide-1-2048x1130.png&quot;,&quot;height&quot;:1130,&quot;width&quot;:2048,&quot;orientation&quot;:&quot;landscape&quot;}}\"><\/span><span><img decoding=\"async\" alt=\"\" data-id=\"3467\" width=\"2048\" height=\"1178\" title=\"Entradas a la Cisterna Bas\u00edlica con acceso prioritario y audiogu\u00eda 3\" src=\"https:\/\/www.basilicacistern.gen.tr\/wp-content\/uploads\/2024\/09\/Basilica-Cistern-Tickets-with-Fast-Track-Entry-Audio-Guide-3-1024x589.png\" data-src=\"https:\/\/www.basilicacistern.gen.tr\/wp-content\/uploads\/2024\/09\/Basilica-Cistern-Tickets-with-Fast-Track-Entry-Audio-Guide-3-300x173.png\" loading=\"lazy\" data-sizes=\"{&quot;thumbnail&quot;:{&quot;url&quot;:&quot;https:\/\/www.basilicacistern.gen.tr\/wp-content\/uploads\/2024\/09\/Basilica-Cistern-Tickets-with-Fast-Track-Entry-Audio-Guide-3-150x150.png&quot;,&quot;height&quot;:150,&quot;width&quot;:150,&quot;orientation&quot;:&quot;landscape&quot;},&quot;medium&quot;:{&quot;url&quot;:&quot;https:\/\/www.basilicacistern.gen.tr\/wp-content\/uploads\/2024\/09\/Basilica-Cistern-Tickets-with-Fast-Track-Entry-Audio-Guide-3-300x173.png&quot;,&quot;height&quot;:173,&quot;width&quot;:300,&quot;orientation&quot;:&quot;landscape&quot;},&quot;large&quot;:{&quot;url&quot;:&quot;https:\/\/www.basilicacistern.gen.tr\/wp-content\/uploads\/2024\/09\/Basilica-Cistern-Tickets-with-Fast-Track-Entry-Audio-Guide-3-1024x589.png&quot;,&quot;height&quot;:589,&quot;width&quot;:1024,&quot;orientation&quot;:&quot;landscape&quot;},&quot;full&quot;:{&quot;url&quot;:&quot;https:\/\/www.basilicacistern.gen.tr\/wp-content\/uploads\/2024\/09\/Basilica-Cistern-Tickets-with-Fast-Track-Entry-Audio-Guide-3.png&quot;,&quot;height&quot;:1178,&quot;width&quot;:2048,&quot;orientation&quot;:&quot;landscape&quot;},&quot;1536x1536&quot;:{&quot;url&quot;:&quot;https:\/\/www.basilicacistern.gen.tr\/wp-content\/uploads\/2024\/09\/Basilica-Cistern-Tickets-with-Fast-Track-Entry-Audio-Guide-3-1536x884.png&quot;,&quot;height&quot;:884,&quot;width&quot;:1536,&quot;orientation&quot;:&quot;landscape&quot;},&quot;2048x2048&quot;:{&quot;url&quot;:&quot;https:\/\/www.basilicacistern.gen.tr\/wp-content\/uploads\/2024\/09\/Basilica-Cistern-Tickets-with-Fast-Track-Entry-Audio-Guide-3-2048x1178.png&quot;,&quot;height&quot;:1178,&quot;width&quot;:2048,&quot;orientation&quot;:&quot;landscape&quot;}}\"><\/span><span><img decoding=\"async\" alt=\"\" data-id=\"3883\" width=\"800\" height=\"452\" title=\"Visita guiada a la Mezquita Azul, Santa Sof\u00eda y la Cisterna Bas\u00edlica ota4\" src=\"https:\/\/www.basilicacistern.gen.tr\/wp-content\/uploads\/2025\/06\/Blue-Mosque-Hagia-Sophia-and-Basilica-Cistern-Guided-Tour-ota4.webp\" data-src=\"https:\/\/www.basilicacistern.gen.tr\/wp-content\/uploads\/2025\/06\/Blue-Mosque-Hagia-Sophia-and-Basilica-Cistern-Guided-Tour-ota4-300x170.webp\" loading=\"lazy\" data-sizes=\"{&quot;thumbnail&quot;:{&quot;url&quot;:&quot;https:\/\/www.basilicacistern.gen.tr\/wp-content\/uploads\/2025\/06\/Blue-Mosque-Hagia-Sophia-and-Basilica-Cistern-Guided-Tour-ota4-150x150.webp&quot;,&quot;height&quot;:150,&quot;width&quot;:150,&quot;orientation&quot;:&quot;landscape&quot;},&quot;medium&quot;:{&quot;url&quot;:&quot;https:\/\/www.basilicacistern.gen.tr\/wp-content\/uploads\/2025\/06\/Blue-Mosque-Hagia-Sophia-and-Basilica-Cistern-Guided-Tour-ota4-300x170.webp&quot;,&quot;height&quot;:170,&quot;width&quot;:300,&quot;orientation&quot;:&quot;landscape&quot;},&quot;full&quot;:{&quot;url&quot;:&quot;https:\/\/www.basilicacistern.gen.tr\/wp-content\/uploads\/2025\/06\/Blue-Mosque-Hagia-Sophia-and-Basilica-Cistern-Guided-Tour-ota4.webp&quot;,&quot;height&quot;:452,&quot;width&quot;:800,&quot;orientation&quot;:&quot;landscape&quot;}}\"><\/span><\/p>\n<h1 dir=\"ltr\">Visita guiada a la Mezquita Azul, Santa Sof\u00eda y la Cisterna Bas\u00edlica<\/h1>\n<h2><a href=\"https:\/\/megapass.com\/tours-tickets\/blue-mosque-hagia-sophia-and-basilica-cistern-tour-i2375?discountCode=ma-places\" target=\"_blank\" rel=\"nofollow noopener\" style=\"outline: none;\">Make a Reservation<\/a><\/h2>\n<h1><a href=\"https:\/\/megapass.com\/tours-tickets\/blue-mosque-hagia-sophia-and-basilica-cistern-tour-i2375?discountCode=ma-places\" target=\"_blank\" rel=\"nofollow noopener\" style=\"outline: none;\"><span style=\"font-weight: normal;\">From \u20ac88<\/span><\/a><\/h1>\n<p dir=\"ltr\">Descubra la esencia de Estambul en una <strong>visita guiada de 4 horas a la Mezquita Azul, Santa Sof\u00eda y la Cisterna Bas\u00edlica<\/strong> , con entrada sin colas, comentarios de expertos y conocimientos culturales.<\/p>\n<ul>\n<li style=\"\"><span>Boleto seleccionado a mano<\/span><\/li>\n<li style=\"\"><span>Billete m\u00f3vil &nbsp;<\/span><\/li>\n<li style=\"\"><span>Gu\u00eda en vivo (Ingl\u00e9s)<\/span><\/li>\n<li style=\"\"><span>No reembolsable<\/span><\/li>\n<\/ul>\n<h2>Qu\u00e9 incluye<\/h2>\n<ul>\n<li style=\"\">                    <span>Gu\u00eda tur\u00edstico experto que habla ingl\u00e9s<\/span><\/li>\n<li><span>Entrada al interior de Santa Sof\u00eda<\/span><\/li>\n<li><span>Entrada al interior de la Cisterna Bas\u00edlica<\/span><\/li>\n<li><span>Entrada a la Mezquita Azul<\/span><\/li>\n<li><span>Entrada sin colas a Santa Sof\u00eda y la Cisterna Bas\u00edlica<\/span><\/li>\n<li><span>Aplicaci\u00f3n de audiogu\u00eda para smartphones para los tres sitios (disponible en ingl\u00e9s, espa\u00f1ol, alem\u00e1n, franc\u00e9s e italiano)<\/span><\/li>\n<\/ul>\n<h2>Qu\u00e9 no est\u00e1 incluido<\/h2>\n<ul>\n<li style=\"\"><span>Evite las colas para los controles de seguridad obligatorios<\/span><\/li>\n<li style=\"\"><span>Pa\u00f1uelos o ropa para el c\u00f3digo de vestimenta de la mezquita (disponibles para comprar en el lugar)<\/span><\/li>\n<li style=\"\"><span>Acceso a las zonas de oraci\u00f3n en Santa Sof\u00eda<\/span><\/li>\n<li style=\"\"><span>Alimentos y bebidas<\/span><\/li>\n<\/ul>\n<h2>Informaci\u00f3n importante<\/h2>\n<ul>\n<li style=\"\"><span><strong>Duraci\u00f3n del recorrido:<\/strong> aprox. 4 horas<\/span><\/li>\n<li><span>La entrada a la Mezquita Azul es <strong>gratuita<\/strong> , pero los controles de seguridad pueden causar retrasos.<\/span><\/li>\n<li><span>La entrada a Santa Sof\u00eda incluye la galer\u00eda superior, pero <strong>no el \u00e1rea de oraci\u00f3n.<\/strong><\/span><\/li>\n<li><span><strong>El tiempo de espera en el control de seguridad<\/strong> es de 30 a 60 minutos, seg\u00fan la temporada. Su gu\u00eda compartir\u00e1 historias fascinantes mientras espera en la fila.<\/span><\/li>\n<li><span><strong>Se requiere vestimenta modesta para ingresar a la mezquita:<\/strong> las mujeres deben cubrirse el cabello y los hombros; todas deben cubrirse las rodillas; hay prendas disponibles en la entrada (aproximadamente 3 \u20ac).<\/span><\/li>\n<\/ul>\n<h2>Descripci\u00f3n:<\/h2>\n<p dir=\"ltr\">Sum\u00e9rgete en el coraz\u00f3n cultural de Estambul con una <strong>visita guiada a pie<\/strong> por tres de sus lugares m\u00e1s emblem\u00e1ticos. Admira la impresionante <strong>Mezquita Azul<\/strong> , desciende a las m\u00e1gicas profundidades de la <strong>Cisterna Bas\u00edlica<\/strong> y descubre siglos de historia en la majestuosa <strong>Santa Sof\u00eda.<\/strong> <\/p>\n<p dir=\"ltr\">Con <strong>acceso sin colas<\/strong> y la rica narraci\u00f3n de su <strong>gu\u00eda experto angloparlante,<\/strong> comprender\u00e1 a fondo el pasado bizantino y otomano de la ciudad. Las pausas para comer o tomar un caf\u00e9 le garantizan tranquilidad mientras explora las joyas hist\u00f3ricas de Estambul en una sola tarde inmersiva.<\/p>\n<h2>Reflejos:<\/h2>\n<ul>\n<li ltr\"\"=\"\">Visita tres de los principales sitios hist\u00f3ricos de Estambul con una sola entrada<\/li>\n<li ltr\"\"=\"\">Disfrute del acceso sin colas a la Cisterna Bas\u00edlica y Santa Sof\u00eda<\/li>\n<li ltr\"\"=\"\">Explora el mundo subterr\u00e1neo de la Cisterna Bas\u00edlica<\/li>\n<li ltr\"\"=\"\">Aprenda sobre la transformaci\u00f3n de Santa Sof\u00eda a trav\u00e9s de los imperios y las religiones.<\/li>\n<li ltr\"\"=\"\">Admira la arquitectura otomana y los mosaicos de la Mezquita Azul.<\/li>\n<li ltr\"\"=\"\">Obtenga informaci\u00f3n de un gu\u00eda local experto y una audiogu\u00eda multiling\u00fce<\/li>\n<li ltr\"\"=\"\">Pausa opcional para caf\u00e9 o almuerzo durante el recorrido.<\/li>\n<\/ul>\n<h2>Pol\u00edtica de cancelaci\u00f3n<\/h2>\n<p dir=\"ltr\">Este tour no es reembolsable y no se puede cambiar ni cancelar despu\u00e9s de la compra.<\/p>\n<h2>Punto de encuentro e instrucciones<\/h2>\n<p dir=\"ltr\">Re\u00fanase con su gu\u00eda frente a la Mezquita Azul, en el casco antiguo. Le proporcionaremos la ubicaci\u00f3n exacta y los detalles al hacer la reserva.<\/p>\n<h2>Rese\u00f1as y calificaciones<\/h2>\n<p dir=\"ltr\"><strong>4.8\/5 (18 opiniones)<\/strong><\/p>\n<p><em>Mayo de 2025: hicimos el tour de la Mezquita Azul, la Cisterna Bas\u00edlica y Santa Sof\u00eda. Nuestra gu\u00eda, Buse, fue incre\u00edble. Estaba muy bien informada y cuid\u00f3 muy bien de nuestro grupo. Un tour muy agradable, muy bien organizado y dirigido. Muy recomendable. &#8211;<\/em> Glen Crouch <a href=\"https:\/\/megapass.com\/tours-tickets\/blue-mosque-hagia-sophia-and-basilica-cistern-tour-i2375?discountCode=ma-places\" target=\"_blank\" rel=\"nofollow noopener\" style=\"outline: none;\" spellcheck=\"false\">&gt;&gt; Ver m\u00e1s rese\u00f1as<\/a><\/p>\n<h2>Algunas actividades que te podr\u00edan gustar<\/h2>\n<p><span># <\/span><strong><span>2<\/span><\/strong><span># <\/span><strong><span>2<\/span><\/strong><span><img decoding=\"async\" alt=\"S\u00faper Combo Estambul: Palacio de Topkapi + Santa Sof\u00eda + Cisterna Bas\u00edlica Entradas sin colas con audiogu\u00eda\" data-id=\"3856\" width=\"159\" data-init-width=\"1600\" height=\"89\" data-init-height=\"1000\" src=\"https:\/\/www.basilicacistern.gen.tr\/wp-content\/uploads\/2025\/06\/Istanbul-Super-Combo-Topkapi-Palace-Hagia-Sophia-Basilica-Cistern-Skip-the-Line-Tickets-with-Audio-Guide-ota.avif\" data-width=\"159\" data-height=\"89\" style=\"aspect-ratio: auto 1600 \/ 1000;\" loading=\"lazy\" title=\"S\u00faper Combo Estambul: Palacio de Topkapi + Santa Sof\u00eda + Cisterna Bas\u00edlica Entradas sin colas con audiogu\u00eda\"><\/span><\/p>\n<table>\n<tbody>\n<tr>\n<td><a href=\"https:\/\/www.headout.com\/r\/most-amazing-placesrecommends-MW2Zt\/\" target=\"_blank\" rel=\"nofollow noopener\" style=\"outline: none;\" spellcheck=\"false\">S\u00faper Combo Estambul: Palacio de Topkapi + Santa Sof\u00eda + Cisterna Bas\u00edlica, entradas sin colas con audiogu\u00eda<\/a><\/td>\n<\/tr>\n<\/tbody>\n<\/table>\n<p>Experimente Estambul con un \u00fanico billete \u00abSuper Combo\u00bb, que le garantiza acceso sin colas y una audiogu\u00eda para el Palacio de Topkapi, Santa Sof\u00eda y la Cisterna Bas\u00edlica.<\/p>\n<h3 style=\"\">Precio total<\/h3>\n<h3 style=\"\">No se le cobrar\u00e1 todav\u00eda<\/h3>\n<p><span># <\/span><strong><span>2<\/span><\/strong><span><img decoding=\"async\" alt=\"Istanbul MegaPass: entradas electr\u00f3nicas sin colas para las principales atracciones\" data-id=\"3860\" width=\"159\" data-init-width=\"1302\" height=\"89\" data-init-height=\"814\" src=\"https:\/\/www.basilicacistern.gen.tr\/wp-content\/uploads\/2025\/06\/Istanbul-MegaPass-Skip-the-Line-E-Tickets-for-Top-Attractions-ota.avif\" data-width=\"159\" data-height=\"89\" style=\"aspect-ratio: auto 1302 \/ 814;\" loading=\"lazy\" title=\"Istanbul MegaPass: entradas electr\u00f3nicas sin colas para las principales atracciones\"><\/span><\/p>\n<table>\n<tbody>\n<tr>\n<td><a href=\"https:\/\/www.headout.com\/r\/most-amazing-placesrecommends-MWSoA\/\" target=\"_blank\" rel=\"nofollow noopener\" style=\"outline: none;\" data-lt-tmp-id=\"lt-83735\" spellcheck=\"false\">Istanbul MegaPass: Entradas electr\u00f3nicas sin colas para las principales atracciones<\/a><\/td>\n<\/tr>\n<\/tbody>\n<\/table>\n<p>Descubra el patrimonio de Estambul con el Istanbul MegaPass, su pase urbano definitivo para obtener entradas electr\u00f3nicas sin colas a las atracciones m\u00e1s emblem\u00e1ticas de la ciudad, como Santa Sof\u00eda, el Palacio de Topkapi, un crucero por el B\u00f3sforo y mucho m\u00e1s, lo que garantiza una exploraci\u00f3n perfecta e inolvidable.<\/p>\n<h3 style=\"\">Precio total<\/h3>\n<h3 style=\"\">No se le cobrar\u00e1 todav\u00eda<\/h3>\n<\/p>\n<h2><a href=\"https:\/\/megapass.com\/tours-tickets\/blue-mosque-hagia-sophia-and-basilica-cistern-tour-i2375?discountCode=ma-places\" target=\"_blank\" rel=\"nofollow noopener\" style=\"outline: none;\">Hacer una reserva<\/a><\/h2>\n<h1><a href=\"https:\/\/megapass.com\/tours-tickets\/blue-mosque-hagia-sophia-and-basilica-cistern-tour-i2375?discountCode=ma-places\" target=\"_blank\" rel=\"nofollow noopener\" style=\"outline: none;\"><span style=\"font-weight: normal;\">Desde <\/span><strong>&nbsp;88\u20ac<\/strong><\/a><\/h1>\n<p style=\"\">No se le cobrar\u00e1 todav\u00eda<\/p>\n","protected":false},"excerpt":{"rendered":"<p>Visita guiada a la Mezquita Azul, Santa Sof\u00eda y la Cisterna Bas\u00edlica Make a Reservation From \u20ac88 Descubra la esencia de Estambul en una visita guiada de 4 horas a la Mezquita Azul, Santa Sof\u00eda y la Cisterna Bas\u00edlica , con entrada sin colas, comentarios de expertos y conocimientos culturales. Boleto seleccionado a mano Billete [&hellip;]<\/p>\n","protected":false},"author":8,"featured_media":3894,"parent":0,"menu_order":0,"comment_status":"closed","ping_status":"closed","template":"","meta":{"footnotes":""},"class_list":["post-4210","page","type-page","status-publish","has-post-thumbnail","hentry","post-wrapper","thrv_wrapper"],"wp-worthy-pixel":{"ignored":false,"public":null,"server":null,"url":null},"wp-worthy-type":"normal","_links":{"self":[{"href":"https:\/\/www.basilicacistern.gen.tr\/es\/wp-json\/wp\/v2\/pages\/4210","targetHints":{"allow":["GET"]}}],"collection":[{"href":"https:\/\/www.basilicacistern.gen.tr\/es\/wp-json\/wp\/v2\/pages"}],"about":[{"href":"https:\/\/www.basilicacistern.gen.tr\/es\/wp-json\/wp\/v2\/types\/page"}],"author":[{"embeddable":true,"href":"https:\/\/www.basilicacistern.gen.tr\/es\/wp-json\/wp\/v2\/users\/8"}],"replies":[{"embeddable":true,"href":"https:\/\/www.basilicacistern.gen.tr\/es\/wp-json\/wp\/v2\/comments?post=4210"}],"version-history":[{"count":4,"href":"https:\/\/www.basilicacistern.gen.tr\/es\/wp-json\/wp\/v2\/pages\/4210\/revisions"}],"predecessor-version":[{"id":4679,"href":"https:\/\/www.basilicacistern.gen.tr\/es\/wp-json\/wp\/v2\/pages\/4210\/revisions\/4679"}],"wp:featuredmedia":[{"embeddable":true,"href":"https:\/\/www.basilicacistern.gen.tr\/es\/wp-json\/wp\/v2\/media\/3894"}],"wp:attachment":[{"href":"https:\/\/www.basilicacistern.gen.tr\/es\/wp-json\/wp\/v2\/media?parent=4210"}],"curies":[{"name":"wp","href":"https:\/\/api.w.org\/{rel}","templated":true}]}}