{"id":4232,"date":"2023-10-03T12:08:13","date_gmt":"2023-10-03T12:08:13","guid":{"rendered":"https:\/\/www.basilicacistern.gen.tr\/history\/"},"modified":"2025-09-04T08:31:42","modified_gmt":"2025-09-04T08:31:42","slug":"historia-de-la-cisterna-basilica","status":"publish","type":"page","link":"https:\/\/www.basilicacistern.gen.tr\/es\/historia-de-la-cisterna-basilica\/","title":{"rendered":"Historia de la Cisterna Bas\u00edlica"},"content":{"rendered":"<h1 style=\"text-align: left;\">Historia de la Cisterna Bas\u00edlica<\/h1>\n<p style=\"text-align: left;\"><strong>HISTORIA \/ ARQUITECTURA<\/strong><\/p>\n<h2 style=\"\">Historia de la Cisterna Bas\u00edlica: Construcci\u00f3n<\/h2>\n<p>El Museo de la Cisterna Bas\u00edlica (Yerebatan Saray\u0131) es un importante patrimonio cultural de Estambul, que muestra la rica historia de la ciudad.&nbsp; <strong>Construida por el emperador romano de Oriente Justiniano I (527-565),<\/strong> &nbsp;esta colosal cisterna subterr\u00e1nea es la cisterna cubierta m\u00e1s grande de la ciudad,&nbsp; <strong>con una capacidad de almacenamiento de agua de 80.000 toneladas.&nbsp;<\/strong><\/p>\n<h2 style=\"\">Historia de la Cisterna Bas\u00edlica: Arquitectura<\/h2>\n<p>Con una superficie&nbsp; <strong>aproximada de 10.000 metros cuadrados<\/strong> , tiene forma rectangular,&nbsp; <strong>140 metros de largo<\/strong> &nbsp;y 70 metros de ancho.&nbsp; <strong>La cisterna distribu\u00eda agua de los cursos de agua y de la lluvia<\/strong> al Gran Palacio y los edificios circundantes, abasteciendo las necesidades h\u00eddricas de la ciudad durante siglos.<\/p>\n<p style=\"\"><strong>La cisterna cuenta con 336 columnas <\/strong><strong>de 9 metros de altura<\/strong> cada una&nbsp; ,&nbsp; <strong>erigidas a intervalos de 4,80 metros<\/strong> , formando 12 filas de 28 columnas cada una. Las columnas est\u00e1n talladas en diversos tipos de m\u00e1rmol y presentan diferentes caracter\u00edsticas, como el estilo corintio o capiteles lisos y sin adornos. Las paredes de ladrillo de la cisterna y el suelo, tambi\u00e9n de ladrillo, son impermeables gracias a una gruesa capa de mortero de cal de Horasan.<\/p>\n<h3 style=\"\">Historia de la Cisterna Bas\u00edlica: Redescubriendo la Cisterna Olvidada<\/h3>\n<p style=\"\">La cisterna de la Bas\u00edlica se conserv\u00f3 en buen estado durante siglos, <strong>pero cay\u00f3 en desuso tras la conquista otomana de Constantinopla en 1453<\/strong> y finalmente cay\u00f3 en el olvido. No fue hasta que el naturalista y top\u00f3grafo franc\u00e9s Petrus Gyllius la redescubri\u00f3 entre <strong>1544 y 1555,<\/strong> quien midi\u00f3 y registr\u00f3 las dimensiones de la cisterna. Las declaraciones de Gyllius sobre el uso de la cisterna por parte de los lugare\u00f1os y el uso de cubos, barcas y l\u00e1mparas para la iluminaci\u00f3n demuestran el conocimiento que ten\u00edan de la estructura.<\/p>\n<h2 style=\"\">Historia de la Cisterna Bas\u00edlica: Bajo el dominio otomano<\/h2>\n<p>La cisterna de la Bas\u00edlica fue restaurada durante el periodo otomano, la&nbsp; <strong>primera durante el sult\u00e1n Ahmed III<\/strong> &nbsp;y la segunda durante&nbsp; <strong>el sult\u00e1n Abdulhamid II.<\/strong> Entre 1955 y 1960, nueve columnas con riesgo de derrumbe se cubrieron con una gruesa capa de hormig\u00f3n.&nbsp;<\/p>\n<h2 style=\"\">Historia de la Cisterna Bas\u00edlica: Hoy<\/h2>\n<p><strong>Entre 1985 y 1987<\/strong> , la Municipalidad Metropolitana de Estambul llev\u00f3 a cabo un&nbsp; <strong>proyecto integral de restauraci\u00f3n y limpieza<\/strong> ,&nbsp; <strong>dejando al descubierto las ic\u00f3nicas cabezas de Medusa<\/strong> , consideradas uno de los&nbsp; <strong>ejemplos m\u00e1s significativos de la escultura romana<\/strong> .<\/p>\n<p>El Museo de la Cisterna de Yerebatan&nbsp; <strong>reabri\u00f3 sus puertas al p\u00fablico en julio de 2022<\/strong> y&nbsp; <strong>alberga exposiciones temporales<\/strong> ,&nbsp; <strong>representaciones de arte contempor\u00e1neo<\/strong> y&nbsp; <strong>eventos culturales<\/strong> . El museo busca crear un universo para el futuro del arte con su profunda memoria y contin\u00faa su trayectoria con la nueva generaci\u00f3n de museolog\u00eda bajo el auspicio de la Sociedad de Cultura de la Municipalidad Metropolitana de Estambul.<\/p>\n<h2 style=\"\"><b>\u00bfEst\u00e1 la tumba de Medusa dentro de la Cisterna de la Bas\u00edlica?<\/b><\/h2>\n<p style=\"\">\u00c9ste es sin duda el mito urbano m\u00e1s fascinante que rodea la historia de las Cisternas Bas\u00edlica.<\/p>\n<p style=\"\">Delegados de Venecia visitaron a Fatih Sultan Mehmet en 1456. Fatih estaba demasiado ocupado para reunirse con los enviados, pero cuando el visir se reuni\u00f3 con ellos, descubri\u00f3 informaci\u00f3n interesante: hab\u00eda un tesoro en la Cisterna Bas\u00edlica, pero solo el sult\u00e1n conoc\u00eda su ubicaci\u00f3n. Se le plante\u00f3 el tema a Fatih Sultan Mehmet y se produjo la reuni\u00f3n. Durante la reuni\u00f3n, el enviado explic\u00f3 que no se trataba de un tesoro f\u00edsico, sino de un cad\u00e1ver. A cambio del cuerpo y del sarc\u00f3fago que lo conten\u00eda, el sult\u00e1n recibir\u00eda todo lo que deseara. Fatih rechaz\u00f3 la propuesta y la delegaci\u00f3n parti\u00f3.<\/p>\n<p style=\"\">Muchos siglos despu\u00e9s, se envi\u00f3 una delegaci\u00f3n a Abdulhamit II para tratar este asunto. Abdulhamit II envi\u00f3 un equipo a la cisterna para investigar el asunto, pues le interesaba. Se descubri\u00f3 un sarc\u00f3fago en las catacumbas de la Cisterna Bas\u00edlica. El sarc\u00f3fago se coloc\u00f3 en la cisterna para protegerlo, y se determin\u00f3 que solo se descubrir\u00eda si no se abr\u00eda la tapa. Sin embargo, un ni\u00f1o que lleg\u00f3 a la tumba descubri\u00f3 y abri\u00f3 el sarc\u00f3fago. Dentro del sarc\u00f3fago se encontraba la momia de una criatura cuya cabeza se asemejaba a la de un humano y cuyo cuerpo ten\u00eda las curvas de una serpiente.&nbsp;<\/p>\n<p style=\"\">El ni\u00f1o describe el incidente diciendo: \u00abVi a \u015eahmeran (mitad serpiente, mitad mujer, seg\u00fan la mitolog\u00eda turca)\u00bb. El sarc\u00f3fago fue entonces sacado de los s\u00f3tanos, transportado al patio de la Mezquita de Fatih y expuesto brevemente al p\u00fablico. Incluso se tomaron fotograf\u00edas del cad\u00e1ver y se distribuyeron a los peri\u00f3dicos de la \u00e9poca. Sin embargo, no se encontr\u00f3 ning\u00fan peri\u00f3dico de ese d\u00eda. Seg\u00fan el rumor, la delegaci\u00f3n de Venecia ocult\u00f3 lo sucedido por pertenecer a una secta.<\/p>\n<p style=\"\"><a href=\"https:\/\/www.basilicacistern.gen.tr\/es\/cisterna-basilica-horario\/\" style=\"outline: none;\">&gt;&gt; Conozca informaci\u00f3n de visita sobre la Cisterna Bas\u00edlica<\/a><\/p>\n<p><a href=\"https:\/\/www.basilicacistern.gen.tr\/es\/\" dynamic-postlink=\"tcb_post_the_permalink\" data-shortcode-id=\"4173\"><\/a><\/p>\n<p style=\"padding-bottom: 0px !important; margin-bottom: 0px !important;\">M\u00e1s informaci\u00f3n<\/p>\n<h2 style=\"\"><span data-attr-css=\"\" data-attr-link=\"1\" data-attr-rel=\"0\" data-attr-static-link=\"{&quot;className&quot;:&quot;&quot;,&quot;href&quot;:&quot;https:\/\/www.basilicacistern.gen.tr\/es\/&quot;,&quot;title&quot;:&quot;Entradas y visitas para la Cisterna Bas\u00edlica&quot;,&quot;class&quot;:&quot;&quot;}\" data-attr-target=\"0\" data-extra_key=\"\" data-option-inline=\"1\" data-shortcode=\"tcb_post_title\" data-shortcode-name=\"Post title\" style=\"\"><a href=\"https:\/\/www.basilicacistern.gen.tr\/es\/\" title=\"Entradas y visitas para la Cisterna Bas\u00edlica\" data-css=\"\">Entradas y visitas para la Cisterna Bas\u00edlica<\/a><\/span><\/h2>\n<p><a href=\"https:\/\/www.basilicacistern.gen.tr\/es\/acerca-de-la-cisterna-basilica\/\" dynamic-postlink=\"tcb_post_the_permalink\" data-shortcode-id=\"4173\"><\/a><\/p>\n<p style=\"padding-bottom: 0px !important; margin-bottom: 0px !important;\">M\u00e1s informaci\u00f3n<\/p>\n<h2 style=\"\"><span data-attr-css=\"\" data-attr-link=\"1\" data-attr-rel=\"0\" data-attr-static-link=\"{&quot;className&quot;:&quot;&quot;,&quot;href&quot;:&quot;https:\/\/www.basilicacistern.gen.tr\/es\/&quot;,&quot;title&quot;:&quot;Entradas y visitas para la Cisterna Bas\u00edlica&quot;,&quot;class&quot;:&quot;&quot;}\" data-attr-target=\"0\" data-extra_key=\"\" data-option-inline=\"1\" data-shortcode=\"tcb_post_title\" data-shortcode-name=\"Post title\" style=\"\"><a href=\"https:\/\/www.basilicacistern.gen.tr\/es\/acerca-de-la-cisterna-basilica\/\" title=\"Acerca de la cisterna basilica\" data-css=\"\">Acerca de la cisterna basilica<\/a><\/span><\/h2>\n","protected":false},"excerpt":{"rendered":"<p>Historia de la Cisterna Bas\u00edlica HISTORIA \/ ARQUITECTURA Historia de la Cisterna Bas\u00edlica: Construcci\u00f3n El Museo de la Cisterna Bas\u00edlica (Yerebatan Saray\u0131) es un importante patrimonio cultural de Estambul, que muestra la rica historia de la ciudad.&nbsp; Construida por el emperador romano de Oriente Justiniano I (527-565), &nbsp;esta colosal cisterna subterr\u00e1nea es la cisterna cubierta [&hellip;]<\/p>\n","protected":false},"author":5,"featured_media":4233,"parent":0,"menu_order":0,"comment_status":"closed","ping_status":"closed","template":"","meta":{"footnotes":""},"class_list":["post-4232","page","type-page","status-publish","has-post-thumbnail","hentry","post-wrapper","thrv_wrapper"],"wp-worthy-pixel":{"ignored":false,"public":null,"server":null,"url":null},"wp-worthy-type":"normal","_links":{"self":[{"href":"https:\/\/www.basilicacistern.gen.tr\/es\/wp-json\/wp\/v2\/pages\/4232","targetHints":{"allow":["GET"]}}],"collection":[{"href":"https:\/\/www.basilicacistern.gen.tr\/es\/wp-json\/wp\/v2\/pages"}],"about":[{"href":"https:\/\/www.basilicacistern.gen.tr\/es\/wp-json\/wp\/v2\/types\/page"}],"author":[{"embeddable":true,"href":"https:\/\/www.basilicacistern.gen.tr\/es\/wp-json\/wp\/v2\/users\/5"}],"replies":[{"embeddable":true,"href":"https:\/\/www.basilicacistern.gen.tr\/es\/wp-json\/wp\/v2\/comments?post=4232"}],"version-history":[{"count":7,"href":"https:\/\/www.basilicacistern.gen.tr\/es\/wp-json\/wp\/v2\/pages\/4232\/revisions"}],"predecessor-version":[{"id":4775,"href":"https:\/\/www.basilicacistern.gen.tr\/es\/wp-json\/wp\/v2\/pages\/4232\/revisions\/4775"}],"wp:featuredmedia":[{"embeddable":true,"href":"https:\/\/www.basilicacistern.gen.tr\/es\/wp-json\/wp\/v2\/media\/4233"}],"wp:attachment":[{"href":"https:\/\/www.basilicacistern.gen.tr\/es\/wp-json\/wp\/v2\/media?parent=4232"}],"curies":[{"name":"wp","href":"https:\/\/api.w.org\/{rel}","templated":true}]}}