{"id":4244,"date":"2024-09-10T14:53:20","date_gmt":"2024-09-10T14:53:20","guid":{"rendered":"https:\/\/www.basilicacistern.gen.tr\/basilica-cistern-fast-track-entry-ticket\/"},"modified":"2025-09-03T15:19:26","modified_gmt":"2025-09-03T15:19:26","slug":"entrada-sin-colas-para-cisterna-basilica","status":"publish","type":"page","link":"https:\/\/www.basilicacistern.gen.tr\/es\/entrada-sin-colas-para-cisterna-basilica\/","title":{"rendered":"Estambul: entrada sin colas para la Cisterna Bas\u00edlica"},"content":{"rendered":"<p><span><img decoding=\"async\" alt=\"\" data-id=\"3461\" width=\"2048\" height=\"1136\" src=\"https:\/\/www.basilicacistern.gen.tr\/wp-content\/uploads\/2024\/09\/Basilica-Cistern-Tickets-with-Fast-Track-Entry-Audio-Guide-1024x568.png\" data-src=\"https:\/\/www.basilicacistern.gen.tr\/wp-content\/uploads\/2024\/09\/Basilica-Cistern-Tickets-with-Fast-Track-Entry-Audio-Guide-300x166.png\" data-sizes=\"{&quot;thumbnail&quot;:{&quot;url&quot;:&quot;https:\/\/www.basilicacistern.gen.tr\/wp-content\/uploads\/2024\/09\/Basilica-Cistern-Tickets-with-Fast-Track-Entry-Audio-Guide-150x150.png&quot;,&quot;height&quot;:150,&quot;width&quot;:150,&quot;orientation&quot;:&quot;landscape&quot;},&quot;medium&quot;:{&quot;url&quot;:&quot;https:\/\/www.basilicacistern.gen.tr\/wp-content\/uploads\/2024\/09\/Basilica-Cistern-Tickets-with-Fast-Track-Entry-Audio-Guide-300x166.png&quot;,&quot;height&quot;:166,&quot;width&quot;:300,&quot;orientation&quot;:&quot;landscape&quot;},&quot;large&quot;:{&quot;url&quot;:&quot;https:\/\/www.basilicacistern.gen.tr\/wp-content\/uploads\/2024\/09\/Basilica-Cistern-Tickets-with-Fast-Track-Entry-Audio-Guide-1024x568.png&quot;,&quot;height&quot;:568,&quot;width&quot;:1024,&quot;orientation&quot;:&quot;landscape&quot;},&quot;full&quot;:{&quot;url&quot;:&quot;https:\/\/www.basilicacistern.gen.tr\/wp-content\/uploads\/2024\/09\/Basilica-Cistern-Tickets-with-Fast-Track-Entry-Audio-Guide.png&quot;,&quot;height&quot;:1136,&quot;width&quot;:2048,&quot;orientation&quot;:&quot;landscape&quot;},&quot;1536x1536&quot;:{&quot;url&quot;:&quot;https:\/\/www.basilicacistern.gen.tr\/wp-content\/uploads\/2024\/09\/Basilica-Cistern-Tickets-with-Fast-Track-Entry-Audio-Guide-1536x852.png&quot;,&quot;height&quot;:852,&quot;width&quot;:1536,&quot;orientation&quot;:&quot;landscape&quot;},&quot;2048x2048&quot;:{&quot;url&quot;:&quot;https:\/\/www.basilicacistern.gen.tr\/wp-content\/uploads\/2024\/09\/Basilica-Cistern-Tickets-with-Fast-Track-Entry-Audio-Guide-2048x1136.png&quot;,&quot;height&quot;:1136,&quot;width&quot;:2048,&quot;orientation&quot;:&quot;landscape&quot;}}\" style=\"\" loading=\"lazy\" title=\"\"><\/span><span><img decoding=\"async\" alt=\"\" data-id=\"3463\" width=\"2048\" height=\"1130\" src=\"https:\/\/www.basilicacistern.gen.tr\/wp-content\/uploads\/2024\/09\/Basilica-Cistern-Tickets-with-Fast-Track-Entry-Audio-Guide-1-1024x565.png\" data-src=\"https:\/\/www.basilicacistern.gen.tr\/wp-content\/uploads\/2024\/09\/Basilica-Cistern-Tickets-with-Fast-Track-Entry-Audio-Guide-1-300x166.png\" data-sizes=\"{&quot;thumbnail&quot;:{&quot;url&quot;:&quot;https:\/\/www.basilicacistern.gen.tr\/wp-content\/uploads\/2024\/09\/Basilica-Cistern-Tickets-with-Fast-Track-Entry-Audio-Guide-1-150x150.png&quot;,&quot;height&quot;:150,&quot;width&quot;:150,&quot;orientation&quot;:&quot;landscape&quot;},&quot;medium&quot;:{&quot;url&quot;:&quot;https:\/\/www.basilicacistern.gen.tr\/wp-content\/uploads\/2024\/09\/Basilica-Cistern-Tickets-with-Fast-Track-Entry-Audio-Guide-1-300x166.png&quot;,&quot;height&quot;:166,&quot;width&quot;:300,&quot;orientation&quot;:&quot;landscape&quot;},&quot;large&quot;:{&quot;url&quot;:&quot;https:\/\/www.basilicacistern.gen.tr\/wp-content\/uploads\/2024\/09\/Basilica-Cistern-Tickets-with-Fast-Track-Entry-Audio-Guide-1-1024x565.png&quot;,&quot;height&quot;:565,&quot;width&quot;:1024,&quot;orientation&quot;:&quot;landscape&quot;},&quot;full&quot;:{&quot;url&quot;:&quot;https:\/\/www.basilicacistern.gen.tr\/wp-content\/uploads\/2024\/09\/Basilica-Cistern-Tickets-with-Fast-Track-Entry-Audio-Guide-1.png&quot;,&quot;height&quot;:1130,&quot;width&quot;:2048,&quot;orientation&quot;:&quot;landscape&quot;},&quot;1536x1536&quot;:{&quot;url&quot;:&quot;https:\/\/www.basilicacistern.gen.tr\/wp-content\/uploads\/2024\/09\/Basilica-Cistern-Tickets-with-Fast-Track-Entry-Audio-Guide-1-1536x848.png&quot;,&quot;height&quot;:848,&quot;width&quot;:1536,&quot;orientation&quot;:&quot;landscape&quot;},&quot;2048x2048&quot;:{&quot;url&quot;:&quot;https:\/\/www.basilicacistern.gen.tr\/wp-content\/uploads\/2024\/09\/Basilica-Cistern-Tickets-with-Fast-Track-Entry-Audio-Guide-1-2048x1130.png&quot;,&quot;height&quot;:1130,&quot;width&quot;:2048,&quot;orientation&quot;:&quot;landscape&quot;}}\" style=\"\" loading=\"lazy\" title=\"\"><\/span><span><img decoding=\"async\" alt=\"\" data-id=\"3465\" width=\"2048\" height=\"1147\" src=\"https:\/\/www.basilicacistern.gen.tr\/wp-content\/uploads\/2024\/09\/Basilica-Cistern-Tickets-with-Fast-Track-Entry-Audio-Guide-2-1024x574.png\" data-src=\"https:\/\/www.basilicacistern.gen.tr\/wp-content\/uploads\/2024\/09\/Basilica-Cistern-Tickets-with-Fast-Track-Entry-Audio-Guide-2-300x168.png\" data-sizes=\"{&quot;thumbnail&quot;:{&quot;url&quot;:&quot;https:\/\/www.basilicacistern.gen.tr\/wp-content\/uploads\/2024\/09\/Basilica-Cistern-Tickets-with-Fast-Track-Entry-Audio-Guide-2-150x150.png&quot;,&quot;height&quot;:150,&quot;width&quot;:150,&quot;orientation&quot;:&quot;landscape&quot;},&quot;medium&quot;:{&quot;url&quot;:&quot;https:\/\/www.basilicacistern.gen.tr\/wp-content\/uploads\/2024\/09\/Basilica-Cistern-Tickets-with-Fast-Track-Entry-Audio-Guide-2-300x168.png&quot;,&quot;height&quot;:168,&quot;width&quot;:300,&quot;orientation&quot;:&quot;landscape&quot;},&quot;large&quot;:{&quot;url&quot;:&quot;https:\/\/www.basilicacistern.gen.tr\/wp-content\/uploads\/2024\/09\/Basilica-Cistern-Tickets-with-Fast-Track-Entry-Audio-Guide-2-1024x574.png&quot;,&quot;height&quot;:574,&quot;width&quot;:1024,&quot;orientation&quot;:&quot;landscape&quot;},&quot;full&quot;:{&quot;url&quot;:&quot;https:\/\/www.basilicacistern.gen.tr\/wp-content\/uploads\/2024\/09\/Basilica-Cistern-Tickets-with-Fast-Track-Entry-Audio-Guide-2.png&quot;,&quot;height&quot;:1147,&quot;width&quot;:2048,&quot;orientation&quot;:&quot;landscape&quot;},&quot;1536x1536&quot;:{&quot;url&quot;:&quot;https:\/\/www.basilicacistern.gen.tr\/wp-content\/uploads\/2024\/09\/Basilica-Cistern-Tickets-with-Fast-Track-Entry-Audio-Guide-2-1536x860.png&quot;,&quot;height&quot;:860,&quot;width&quot;:1536,&quot;orientation&quot;:&quot;landscape&quot;},&quot;2048x2048&quot;:{&quot;url&quot;:&quot;https:\/\/www.basilicacistern.gen.tr\/wp-content\/uploads\/2024\/09\/Basilica-Cistern-Tickets-with-Fast-Track-Entry-Audio-Guide-2-2048x1147.png&quot;,&quot;height&quot;:1147,&quot;width&quot;:2048,&quot;orientation&quot;:&quot;landscape&quot;}}\" style=\"\" loading=\"lazy\" title=\"\"><\/span><span><img decoding=\"async\" alt=\"\" data-id=\"3467\" width=\"2048\" height=\"1178\" src=\"https:\/\/www.basilicacistern.gen.tr\/wp-content\/uploads\/2024\/09\/Basilica-Cistern-Tickets-with-Fast-Track-Entry-Audio-Guide-3-1024x589.png\" data-src=\"https:\/\/www.basilicacistern.gen.tr\/wp-content\/uploads\/2024\/09\/Basilica-Cistern-Tickets-with-Fast-Track-Entry-Audio-Guide-3-300x173.png\" data-sizes=\"{&quot;thumbnail&quot;:{&quot;url&quot;:&quot;https:\/\/www.basilicacistern.gen.tr\/wp-content\/uploads\/2024\/09\/Basilica-Cistern-Tickets-with-Fast-Track-Entry-Audio-Guide-3-150x150.png&quot;,&quot;height&quot;:150,&quot;width&quot;:150,&quot;orientation&quot;:&quot;landscape&quot;},&quot;medium&quot;:{&quot;url&quot;:&quot;https:\/\/www.basilicacistern.gen.tr\/wp-content\/uploads\/2024\/09\/Basilica-Cistern-Tickets-with-Fast-Track-Entry-Audio-Guide-3-300x173.png&quot;,&quot;height&quot;:173,&quot;width&quot;:300,&quot;orientation&quot;:&quot;landscape&quot;},&quot;large&quot;:{&quot;url&quot;:&quot;https:\/\/www.basilicacistern.gen.tr\/wp-content\/uploads\/2024\/09\/Basilica-Cistern-Tickets-with-Fast-Track-Entry-Audio-Guide-3-1024x589.png&quot;,&quot;height&quot;:589,&quot;width&quot;:1024,&quot;orientation&quot;:&quot;landscape&quot;},&quot;full&quot;:{&quot;url&quot;:&quot;https:\/\/www.basilicacistern.gen.tr\/wp-content\/uploads\/2024\/09\/Basilica-Cistern-Tickets-with-Fast-Track-Entry-Audio-Guide-3.png&quot;,&quot;height&quot;:1178,&quot;width&quot;:2048,&quot;orientation&quot;:&quot;landscape&quot;},&quot;1536x1536&quot;:{&quot;url&quot;:&quot;https:\/\/www.basilicacistern.gen.tr\/wp-content\/uploads\/2024\/09\/Basilica-Cistern-Tickets-with-Fast-Track-Entry-Audio-Guide-3-1536x884.png&quot;,&quot;height&quot;:884,&quot;width&quot;:1536,&quot;orientation&quot;:&quot;landscape&quot;},&quot;2048x2048&quot;:{&quot;url&quot;:&quot;https:\/\/www.basilicacistern.gen.tr\/wp-content\/uploads\/2024\/09\/Basilica-Cistern-Tickets-with-Fast-Track-Entry-Audio-Guide-3-2048x1178.png&quot;,&quot;height&quot;:1178,&quot;width&quot;:2048,&quot;orientation&quot;:&quot;landscape&quot;}}\" style=\"\" loading=\"lazy\" title=\"\"><\/span><span><img decoding=\"async\" alt=\"\" data-id=\"3469\" width=\"2048\" height=\"1144\" src=\"https:\/\/www.basilicacistern.gen.tr\/wp-content\/uploads\/2024\/09\/Basilica-Cistern-Tickets-with-Fast-Track-Entry-Audio-Guide-4-1024x572.png\" data-src=\"https:\/\/www.basilicacistern.gen.tr\/wp-content\/uploads\/2024\/09\/Basilica-Cistern-Tickets-with-Fast-Track-Entry-Audio-Guide-4-300x168.png\" data-sizes=\"{&quot;thumbnail&quot;:{&quot;url&quot;:&quot;https:\/\/www.basilicacistern.gen.tr\/wp-content\/uploads\/2024\/09\/Basilica-Cistern-Tickets-with-Fast-Track-Entry-Audio-Guide-4-150x150.png&quot;,&quot;height&quot;:150,&quot;width&quot;:150,&quot;orientation&quot;:&quot;landscape&quot;},&quot;medium&quot;:{&quot;url&quot;:&quot;https:\/\/www.basilicacistern.gen.tr\/wp-content\/uploads\/2024\/09\/Basilica-Cistern-Tickets-with-Fast-Track-Entry-Audio-Guide-4-300x168.png&quot;,&quot;height&quot;:168,&quot;width&quot;:300,&quot;orientation&quot;:&quot;landscape&quot;},&quot;large&quot;:{&quot;url&quot;:&quot;https:\/\/www.basilicacistern.gen.tr\/wp-content\/uploads\/2024\/09\/Basilica-Cistern-Tickets-with-Fast-Track-Entry-Audio-Guide-4-1024x572.png&quot;,&quot;height&quot;:572,&quot;width&quot;:1024,&quot;orientation&quot;:&quot;landscape&quot;},&quot;full&quot;:{&quot;url&quot;:&quot;https:\/\/www.basilicacistern.gen.tr\/wp-content\/uploads\/2024\/09\/Basilica-Cistern-Tickets-with-Fast-Track-Entry-Audio-Guide-4.png&quot;,&quot;height&quot;:1144,&quot;width&quot;:2048,&quot;orientation&quot;:&quot;landscape&quot;},&quot;1536x1536&quot;:{&quot;url&quot;:&quot;https:\/\/www.basilicacistern.gen.tr\/wp-content\/uploads\/2024\/09\/Basilica-Cistern-Tickets-with-Fast-Track-Entry-Audio-Guide-4-1536x858.png&quot;,&quot;height&quot;:858,&quot;width&quot;:1536,&quot;orientation&quot;:&quot;landscape&quot;},&quot;2048x2048&quot;:{&quot;url&quot;:&quot;https:\/\/www.basilicacistern.gen.tr\/wp-content\/uploads\/2024\/09\/Basilica-Cistern-Tickets-with-Fast-Track-Entry-Audio-Guide-4-2048x1144.png&quot;,&quot;height&quot;:1144,&quot;width&quot;:2048,&quot;orientation&quot;:&quot;landscape&quot;}}\" style=\"\" loading=\"lazy\" title=\"\"><\/span><span><img decoding=\"async\" alt=\"\" data-id=\"3471\" width=\"2048\" height=\"1147\" src=\"https:\/\/www.basilicacistern.gen.tr\/wp-content\/uploads\/2024\/09\/Basilica-Cistern-Tickets-with-Fast-Track-Entry-Audio-Guide-5-1024x573.png\" data-src=\"https:\/\/www.basilicacistern.gen.tr\/wp-content\/uploads\/2024\/09\/Basilica-Cistern-Tickets-with-Fast-Track-Entry-Audio-Guide-5-300x168.png\" data-sizes=\"{&quot;thumbnail&quot;:{&quot;url&quot;:&quot;https:\/\/www.basilicacistern.gen.tr\/wp-content\/uploads\/2024\/09\/Basilica-Cistern-Tickets-with-Fast-Track-Entry-Audio-Guide-5-150x150.png&quot;,&quot;height&quot;:150,&quot;width&quot;:150,&quot;orientation&quot;:&quot;landscape&quot;},&quot;medium&quot;:{&quot;url&quot;:&quot;https:\/\/www.basilicacistern.gen.tr\/wp-content\/uploads\/2024\/09\/Basilica-Cistern-Tickets-with-Fast-Track-Entry-Audio-Guide-5-300x168.png&quot;,&quot;height&quot;:168,&quot;width&quot;:300,&quot;orientation&quot;:&quot;landscape&quot;},&quot;large&quot;:{&quot;url&quot;:&quot;https:\/\/www.basilicacistern.gen.tr\/wp-content\/uploads\/2024\/09\/Basilica-Cistern-Tickets-with-Fast-Track-Entry-Audio-Guide-5-1024x573.png&quot;,&quot;height&quot;:573,&quot;width&quot;:1024,&quot;orientation&quot;:&quot;landscape&quot;},&quot;full&quot;:{&quot;url&quot;:&quot;https:\/\/www.basilicacistern.gen.tr\/wp-content\/uploads\/2024\/09\/Basilica-Cistern-Tickets-with-Fast-Track-Entry-Audio-Guide-5.png&quot;,&quot;height&quot;:1147,&quot;width&quot;:2048,&quot;orientation&quot;:&quot;landscape&quot;},&quot;1536x1536&quot;:{&quot;url&quot;:&quot;https:\/\/www.basilicacistern.gen.tr\/wp-content\/uploads\/2024\/09\/Basilica-Cistern-Tickets-with-Fast-Track-Entry-Audio-Guide-5-1536x860.png&quot;,&quot;height&quot;:860,&quot;width&quot;:1536,&quot;orientation&quot;:&quot;landscape&quot;},&quot;2048x2048&quot;:{&quot;url&quot;:&quot;https:\/\/www.basilicacistern.gen.tr\/wp-content\/uploads\/2024\/09\/Basilica-Cistern-Tickets-with-Fast-Track-Entry-Audio-Guide-5-2048x1147.png&quot;,&quot;height&quot;:1147,&quot;width&quot;:2048,&quot;orientation&quot;:&quot;landscape&quot;}}\" style=\"\" loading=\"lazy\" title=\"\"><\/span><span><img decoding=\"async\" alt=\"\" data-id=\"3477\" width=\"2362\" height=\"1316\" src=\"https:\/\/www.basilicacistern.gen.tr\/wp-content\/uploads\/2024\/09\/Dolmabahce-Palace-Hagia-Sophia-Basilica-Cistern-Tickets-1-1024x571.png\" data-src=\"https:\/\/www.basilicacistern.gen.tr\/wp-content\/uploads\/2024\/09\/Dolmabahce-Palace-Hagia-Sophia-Basilica-Cistern-Tickets-1-300x167.png\" data-sizes=\"{&quot;thumbnail&quot;:{&quot;url&quot;:&quot;https:\/\/www.basilicacistern.gen.tr\/wp-content\/uploads\/2024\/09\/Dolmabahce-Palace-Hagia-Sophia-Basilica-Cistern-Tickets-1-150x150.png&quot;,&quot;height&quot;:150,&quot;width&quot;:150,&quot;orientation&quot;:&quot;landscape&quot;},&quot;medium&quot;:{&quot;url&quot;:&quot;https:\/\/www.basilicacistern.gen.tr\/wp-content\/uploads\/2024\/09\/Dolmabahce-Palace-Hagia-Sophia-Basilica-Cistern-Tickets-1-300x167.png&quot;,&quot;height&quot;:167,&quot;width&quot;:300,&quot;orientation&quot;:&quot;landscape&quot;},&quot;large&quot;:{&quot;url&quot;:&quot;https:\/\/www.basilicacistern.gen.tr\/wp-content\/uploads\/2024\/09\/Dolmabahce-Palace-Hagia-Sophia-Basilica-Cistern-Tickets-1-1024x571.png&quot;,&quot;height&quot;:571,&quot;width&quot;:1024,&quot;orientation&quot;:&quot;landscape&quot;},&quot;full&quot;:{&quot;url&quot;:&quot;https:\/\/www.basilicacistern.gen.tr\/wp-content\/uploads\/2024\/09\/Dolmabahce-Palace-Hagia-Sophia-Basilica-Cistern-Tickets-1.png&quot;,&quot;height&quot;:1316,&quot;width&quot;:2362,&quot;orientation&quot;:&quot;landscape&quot;},&quot;1536x1536&quot;:{&quot;url&quot;:&quot;https:\/\/www.basilicacistern.gen.tr\/wp-content\/uploads\/2024\/09\/Dolmabahce-Palace-Hagia-Sophia-Basilica-Cistern-Tickets-1-1536x856.png&quot;,&quot;height&quot;:856,&quot;width&quot;:1536,&quot;orientation&quot;:&quot;landscape&quot;},&quot;2048x2048&quot;:{&quot;url&quot;:&quot;https:\/\/www.basilicacistern.gen.tr\/wp-content\/uploads\/2024\/09\/Dolmabahce-Palace-Hagia-Sophia-Basilica-Cistern-Tickets-1-2048x1141.png&quot;,&quot;height&quot;:1141,&quot;width&quot;:2048,&quot;orientation&quot;:&quot;landscape&quot;}}\" style=\"\" loading=\"lazy\" title=\"\"><\/span><\/p>\n<h1 dir=\"ltr\">Estambul: Entrada sin colas a la Cisterna Bas\u00edlica<\/h1>\n<h2><a href=\"https:\/\/www.headout.com\/r\/most-amazing-placesrecommends-xOWzi\/\" target=\"_blank\" rel=\"nofollow noopener\" style=\"outline: none;\">Make a Reservation<\/a><\/h2>\n<h1><a href=\"https:\/\/www.headout.com\/r\/most-amazing-placesrecommends-xOWzi\/\" target=\"_blank\" rel=\"nofollow noopener\" style=\"outline: none;\"><span style=\"font-weight: normal;\">From \u20ac<\/span><strong>32.75<\/strong><\/a><\/h1>\n<p dir=\"ltr\">Explora la misteriosa Cisterna Bas\u00edlica con acceso prioritario. Evita las filas, ahorra tiempo y disfruta de la flexibilidad de visitarla cuando quieras durante el d\u00eda, lo que har\u00e1 tu visita c\u00f3moda y enriquecedora.<\/p>\n<ul>\n<li style=\"\"><span>Boleto seleccionado a mano<\/span><\/li>\n<li style=\"\"><span>Billete m\u00f3vil &nbsp;<\/span><\/li>\n<li style=\"\">                    <span>Confirmaci\u00f3n instant\u00e1nea<\/span><\/li>\n<li style=\"\"><span>V\u00eda r\u00e1pida<\/span><\/li>\n<\/ul>\n<h2>Qu\u00e9 incluye<\/h2>\n<ul>\n<li><span>Entrada sin colas a la Cisterna Bas\u00edlica<\/span><\/li>\n<li><span>Billetes m\u00f3viles instant\u00e1neos con validez durante todo el d\u00eda<\/span><\/li>\n<li><span>Visita guiada de 1 hora a la Cisterna Bas\u00edlica (seg\u00fan la opci\u00f3n seleccionada)<\/span><\/li>\n<li><span>Entrada sin colas a la Cisterna Bas\u00edlica<\/span><\/li>\n<li><span>Visita con audiogu\u00eda autoguiada a la Cisterna Bas\u00edlica (seg\u00fan la opci\u00f3n seleccionada)<\/span><\/li>\n<li><span>Aplicaci\u00f3n de audio para iOS y Android en ingl\u00e9s, espa\u00f1ol, franc\u00e9s, alem\u00e1n e italiano.<\/span><\/li>\n<\/ul>\n<h2>Qu\u00e9 no est\u00e1 incluido<\/h2>\n<ul>\n<li style=\"\"><span>Saltar la fila de seguridad<\/span><\/li>\n<\/ul>\n<h2>Informaci\u00f3n importante<\/h2>\n<ul>\n<li style=\"\"><span>Si usas una aplicaci\u00f3n de audiogu\u00eda, lleva auriculares con cable. La conexi\u00f3n Bluetooth puede ser inestable en interiores o zonas subterr\u00e1neas. Aseg\u00farese de que su tel\u00e9fono inteligente est\u00e9 completamente cargado.<\/span><\/li>\n<li><span>Esta no es una visita guiada, a menos que elija la opci\u00f3n de visita guiada.&nbsp;<\/span><\/li>\n<li><span>El control de seguridad puede tardar hasta 30 minutos durante la temporada alta.<\/span><\/li>\n<li><span>La salida est\u00e1 en una calle diferente a la entrada, as\u00ed que aseg\u00farese de anotar su punto de partida antes de entrar.<\/span><\/li>\n<li><span>No se permite el uso de zapatos de tac\u00f3n alto, armas u objetos punzantes, fumar ni ingresar alimentos y bebidas.<\/span><\/li>\n<\/ul>\n<h2>Descripci\u00f3n:<\/h2>\n<p dir=\"ltr\">Descubra la encantadora Cisterna Bas\u00edlica f\u00e1cilmente con sus entradas <strong>de acceso r\u00e1pido<\/strong> que le permiten evitar las largas filas. Sum\u00e9rjase en la <strong>historia y la arquitectura<\/strong> de esta impresionante maravilla subterr\u00e1nea. Disfrute de la flexibilidad de explorar su propio ritmo durante todo el d\u00eda, lo que har\u00e1 que su experiencia sea pr\u00e1ctica e informativa.<\/p>\n<h2>Reflejos:<\/h2>\n<ul>\n<li ltr\"\"=\"\">Disfrute de entrada r\u00e1pida, evitando largas filas para adquirir boletos<\/li>\n<li ltr\"\"=\"\">Explora la hist\u00f3rica Cisterna Bas\u00edlica a tu propio ritmo<\/li>\n<li ltr\"\"=\"\">Benef\u00edciese de una entrada flexible durante todo el horario de apertura.<\/li>\n<li ltr\"\"=\"\">Conozca la historia y la arquitectura de esta maravilla subterr\u00e1nea.<\/li>\n<\/ul>\n<h3 dir=\"ltr\">Cisterna Bas\u00edlica<\/h3>\n<p dir=\"ltr\">Alemdar, Yerebatan Cd. 1\/3, 34110 Fatih\/Estambul<\/p>\n<h2>Pol\u00edtica de cancelaci\u00f3n<\/h2>\n<p dir=\"ltr\">Estos billetes no son reembolsables.<\/p>\n<h2>Punto de encuentro e instrucciones<\/h2>\n<p dir=\"ltr\">Dir\u00edjase a la Cisterna Bas\u00edlica (se le envi\u00f3 la direcci\u00f3n por correo electr\u00f3nico) y presente los c\u00f3digos QR que le enviamos para escanearlos. Por favor, haga fila en la secci\u00f3n de \u00abENTRADA ONLINE\u00bb. Presente su cup\u00f3n y una identificaci\u00f3n con foto v\u00e1lida en el punto de canje de entradas.<\/p>\n<p><a href=\"https:\/\/maps.app.goo.gl\/HWhqxHBGoW1fUseo7\" target=\"_blank\" rel=\"nofollow noopener\" style=\"outline: none;\" data-lt-tmp-id=\"lt-581789\" spellcheck=\"false\">Abrir en Maps<\/a><\/p>\n<h2>Rese\u00f1as y calificaciones<\/h2>\n<p dir=\"ltr\"><strong>4.4\/5 (8097 opiniones)<\/strong><\/p>\n<p><em>La cisterna es preciosa. No hace falta hacer la larga fila para comprar boletos. Una experiencia incre\u00edble.<\/em> &#8211; Omar, abril de 2025<\/p>\n<p dir=\"ltr\"><em>\u00abMe impresion\u00f3 mucho este lugar; lo recomiendo ampliamente\u00bb<\/em>  &nbsp;&#8211; Tetiana, diciembre de 2024<\/p>\n<p dir=\"ltr\"><a href=\"https:\/\/www.headout.com\/r\/most-amazing-placesrecommends-xOWzi\/\" target=\"_blank\" rel=\"nofollow noopener\" style=\"outline: none;\">&gt;&gt; Ver m\u00e1s rese\u00f1as<\/a><\/p>\n<h2>Algunas actividades que te podr\u00edan gustar<\/h2>\n<p><span># <\/span><strong><span>2<\/span><\/strong><span># <\/span><strong><span>2<\/span><\/strong><span><img decoding=\"async\" alt=\"S\u00faper Combo Estambul: Palacio de Topkapi + Santa Sof\u00eda + Cisterna Bas\u00edlica Entradas sin colas con audiogu\u00eda\" data-id=\"3856\" width=\"159\" data-init-width=\"1600\" height=\"89\" data-init-height=\"1000\" src=\"https:\/\/www.basilicacistern.gen.tr\/wp-content\/uploads\/2025\/06\/Istanbul-Super-Combo-Topkapi-Palace-Hagia-Sophia-Basilica-Cistern-Skip-the-Line-Tickets-with-Audio-Guide-ota.avif\" data-width=\"159\" data-height=\"89\" style=\"aspect-ratio: auto 1600 \/ 1000;\" loading=\"lazy\" title=\"S\u00faper Combo Estambul: Palacio de Topkapi + Santa Sof\u00eda + Cisterna Bas\u00edlica Entradas sin colas con audiogu\u00eda\"><\/span><\/p>\n<table>\n<tbody>\n<tr>\n<td><a href=\"https:\/\/www.headout.com\/r\/most-amazing-placesrecommends-MJcNd\/\" target=\"_blank\" rel=\"nofollow noopener\" style=\"outline: none;\" data-lt-tmp-id=\"lt-686445\" spellcheck=\"false\">S\u00faper Combo Estambul: Palacio de Topkapi + Santa Sof\u00eda + Cisterna Bas\u00edlica, entradas sin colas con audiogu\u00eda<\/a><\/td>\n<\/tr>\n<\/tbody>\n<\/table>\n<p>Descubra la grandeza de Estambul con un \u00fanico boleto \u00abSuper Combo\u00bb, que le garantiza acceso sin colas y una audiogu\u00eda para el magn\u00edfico Palacio de Topkapi, la imponente Santa Sof\u00eda y la m\u00edstica Cisterna Bas\u00edlica.<\/p>\n<h3 style=\"\">Precio total<\/h3>\n<h3 style=\"\">No se le cobrar\u00e1 todav\u00eda<\/h3>\n<p><span># <\/span><strong><span>2<\/span><\/strong><span><img decoding=\"async\" alt=\"\" data-id=\"3860\" width=\"159\" data-init-width=\"1302\" height=\"89\" data-init-height=\"814\" src=\"https:\/\/www.basilicacistern.gen.tr\/wp-content\/uploads\/2025\/06\/Istanbul-MegaPass-Skip-the-Line-E-Tickets-for-Top-Attractions-ota.avif\" data-width=\"159\" data-height=\"89\" style=\"aspect-ratio: auto 1302 \/ 814;\" loading=\"lazy\" title=\"Istanbul MegaPass: entradas electr\u00f3nicas sin colas para las principales atracciones\" data-><\/span><\/p>\n<table>\n<tbody>\n<tr>\n<td><a href=\"https:\/\/www.headout.com\/r\/most-amazing-placesrecommends-MKEff\/\" target=\"_blank\" rel=\"nofollow noopener\" style=\"outline: none;\" spellcheck=\"false\">Istanbul MegaPass: Entradas electr\u00f3nicas sin colas para las principales atracciones<\/a><\/td>\n<\/tr>\n<\/tbody>\n<\/table>\n<p>Descubra la grandeza de Estambul con el Istanbul MegaPass, su pase definitivo para obtener entradas electr\u00f3nicas sin colas a las atracciones m\u00e1s emblem\u00e1ticas de la ciudad, como Santa Sof\u00eda, el Palacio de Topkapi y un crucero por el B\u00f3sforo, lo que garantiza una exploraci\u00f3n perfecta e inolvidable.<\/p>\n<h3 style=\"\">Precio total<\/h3>\n<h3 style=\"\">No se le cobrar\u00e1 todav\u00eda<\/h3>\n<\/p>\n<h2><a href=\"https:\/\/www.headout.com\/r\/most-amazing-placesrecommends-xOWzi\/\" target=\"_blank\" rel=\"nofollow noopener\" style=\"outline: none;\">Hacer una reserva<\/a><\/h2>\n<h1><a href=\"https:\/\/www.headout.com\/r\/most-amazing-placesrecommends-xOWzi\/\" target=\"_blank\" rel=\"nofollow noopener\" style=\"outline: none;\"><span style=\"font-weight: normal;\">Desde <\/span><strong>&nbsp;32,75 \u20ac<\/strong><\/a><\/h1>\n<p style=\"\">No se le cobrar\u00e1 todav\u00eda<\/p>\n","protected":false},"excerpt":{"rendered":"<p>Estambul: Entrada sin colas a la Cisterna Bas\u00edlica Make a Reservation From \u20ac32.75 Explora la misteriosa Cisterna Bas\u00edlica con acceso prioritario. Evita las filas, ahorra tiempo y disfruta de la flexibilidad de visitarla cuando quieras durante el d\u00eda, lo que har\u00e1 tu visita c\u00f3moda y enriquecedora. Boleto seleccionado a mano Billete m\u00f3vil &nbsp; Confirmaci\u00f3n instant\u00e1nea [&hellip;]<\/p>\n","protected":false},"author":9,"featured_media":4245,"parent":0,"menu_order":0,"comment_status":"closed","ping_status":"closed","template":"","meta":{"footnotes":"","tve_updated_post":"","tve_custom_css":"","tve_user_custom_css":"","tve_globals":{},"tcb2_ready":1,"tcb_editor_enabled":1,"tve_landing_page":"bd86f3fc67210fed5b2794ad4a56d3a9","_tve_header":"4169","_tve_footer":"4172"},"class_list":["post-4244","page","type-page","status-publish","has-post-thumbnail","hentry","post-wrapper","thrv_wrapper"],"wp-worthy-pixel":{"ignored":false,"public":null,"server":null,"url":null},"wp-worthy-type":"normal","_links":{"self":[{"href":"https:\/\/www.basilicacistern.gen.tr\/es\/wp-json\/wp\/v2\/pages\/4244","targetHints":{"allow":["GET"]}}],"collection":[{"href":"https:\/\/www.basilicacistern.gen.tr\/es\/wp-json\/wp\/v2\/pages"}],"about":[{"href":"https:\/\/www.basilicacistern.gen.tr\/es\/wp-json\/wp\/v2\/types\/page"}],"author":[{"embeddable":true,"href":"https:\/\/www.basilicacistern.gen.tr\/es\/wp-json\/wp\/v2\/users\/9"}],"replies":[{"embeddable":true,"href":"https:\/\/www.basilicacistern.gen.tr\/es\/wp-json\/wp\/v2\/comments?post=4244"}],"version-history":[{"count":4,"href":"https:\/\/www.basilicacistern.gen.tr\/es\/wp-json\/wp\/v2\/pages\/4244\/revisions"}],"predecessor-version":[{"id":4677,"href":"https:\/\/www.basilicacistern.gen.tr\/es\/wp-json\/wp\/v2\/pages\/4244\/revisions\/4677"}],"wp:featuredmedia":[{"embeddable":true,"href":"https:\/\/www.basilicacistern.gen.tr\/es\/wp-json\/wp\/v2\/media\/4245"}],"wp:attachment":[{"href":"https:\/\/www.basilicacistern.gen.tr\/es\/wp-json\/wp\/v2\/media?parent=4244"}],"curies":[{"name":"wp","href":"https:\/\/api.w.org\/{rel}","templated":true}]}}