{"id":3973,"date":"2025-03-13T15:11:41","date_gmt":"2025-03-13T15:11:41","guid":{"rendered":"https:\/\/www.basilicacistern.gen.tr\/tickets-tours\/basilica-cistern-combo-tickets\/"},"modified":"2026-04-06T12:12:21","modified_gmt":"2026-04-06T12:12:21","slug":"billets-combines-citerne-basilique","status":"publish","type":"page","link":"https:\/\/www.basilicacistern.gen.tr\/fr\/billets-visites\/billets-combines-citerne-basilique\/","title":{"rendered":"Billets combin\u00e9s pour la Citerne Basilique \u00e0 Istanbul"},"content":{"rendered":"<h1 style=\"text-align: left;\">Billets combin\u00e9s pour la Citerne Basilique<\/h1>\n<p dir=\"ltr\" style=\"text-align: left;\"><strong>Explorez des sites embl\u00e9matiques. Profitez de grosses \u00e9conomies. Un seul billet.<\/strong>&nbsp;<\/p>\n<p data-end=\"512\" data-start=\"37\">La Citerne Basilique est l&rsquo;un des <strong data-end=\"125\" data-start=\"72\">monuments souterrains les plus fascinants d&rsquo;Istanbul<\/strong>, offrant un aper\u00e7u du pass\u00e9 byzantin de la ville. Mais pourquoi se limiter \u00e0 une seule attraction quand vous pouvez explorer plusieurs sites embl\u00e9matiques gr\u00e2ce \u00e0 un&nbsp;<strong data-end=\"295\" data-start=\"264\">billet combin\u00e9 \u00e9conomique<\/strong>&nbsp;? Que vous envisagiez de visiter <strong data-end=\"416\" data-start=\"330\">le palais de Topkapi, Sainte-Sophie, le palais de Dolmabah\u00e7e ou de faire une croisi\u00e8re panoramique sur le Bosphore<\/strong>, le bon billet combin\u00e9 vous fera gagner&nbsp;<strong data-end=\"472\" data-start=\"454\">du temps et de l&rsquo;argent<\/strong> tout en vous garantissant une exp\u00e9rience inoubliable.<\/p>\n<p dir=\"ltr\">Nos <strong data-end=\"563\" data-start=\"518\">billets combin\u00e9s pour la Citerne Basilique, soigneusement s\u00e9lectionn\u00e9s,<\/strong> donnent acc\u00e8s aux <strong data-end=\"607\" data-start=\"582\">attractions les plus pris\u00e9es<\/strong> \u00e0 proximit\u00e9 de la citerne, vous permettant ainsi d&rsquo;optimiser votre visite en un seul achat. Vous y trouverez \u00e9galement <strong data-end=\"750\" data-start=\"703\">des conseils, une FAQ et les meilleures offres<\/strong>, notamment&nbsp;<strong data-end=\"787\" data-start=\"762\">des offres \u00e9conomiques<\/strong> et <strong data-end=\"808\" data-start=\"792\">des forfaits VIP<\/strong> pour une exp\u00e9rience stambouliote en toute s\u00e9r\u00e9nit\u00e9.<\/p>\n<h2 id=\"t-1730381329341\"><strong>1. Combo le plus vendu&nbsp;:&nbsp;<\/strong> Citerne Basilique + Mosqu\u00e9e Bleue + Sainte-Sophie<\/h2>\n<p><span style=\"\"><img decoding=\"async\" alt=\"\" data-id=\"3465\" width=\"600\" data-init-width=\"2048\" height=\"400\" data-init-height=\"1147\" src=\"https:\/\/www.basilicacistern.gen.tr\/wp-content\/uploads\/2024\/09\/Basilica-Cistern-Tickets-with-Fast-Track-Entry-Audio-Guide-2.png\" data-width=\"600\" ml-d=\"0\" loading=\"lazy\" data-height=\"400\" title=\"Billets pour la Citerne Basilique avec entr\u00e9e rapide et audioguide 2\" style=\"aspect-ratio: auto 2048 \/ 1147;\" data-><\/span><\/p>\n<h3 data-alt-text=\"Topkapi Palace + Hagia Sophia + Basilica Cistern: Tickets &amp; Audio Guide\" dir=\"ltr\" id=\"t-1741874673227\">Istanbul Super Combo : visite de la Mosqu\u00e9e Bleue, de Sainte-Sophie et de la Citerne Basilique<\/h3>\n<h3 data-alt-text=\"Topkapi Palace + Hagia Sophia + Basilica Cistern: Tickets &amp; Audio Guide\" dir=\"ltr\" id=\"t-1730381329342\"><span style=\"font-weight: normal; font-size: 20px !important;\"><em>Billets coupe-file avec audioguide<\/em><\/span><\/h3>\n<p data-pm-slice=\"1 1 []\">Explorez les principaux monuments d&rsquo;Istanbul avec un <strong>guide anglophone<\/strong> . Visitez la Mosqu\u00e9e Bleue, la Citerne Basilique et Sainte-Sophie avec <strong>un acc\u00e8s coupe-file pour les deux derniers.<\/strong> Profitez de commentaires d\u00e9taill\u00e9s avec un <strong>audioguide<\/strong> pour les trois sites, pour une exp\u00e9rience fluide et enrichissante.<\/p>\n<h2 id=\"t-1730381329343\"><strong>2. Billet combin\u00e9 \u00e9conomique&nbsp;: Citerne Basilique&nbsp;<\/strong> + Sainte-Sophie<\/h2>\n<p><span style=\"\"><img decoding=\"async\" alt=\"Combo (\u00e9conomisez 5&nbsp;%)&nbsp;: billets coupe-file pour la Citerne Basilique et Sainte-Sophie\" data-id=\"3335\" width=\"600\" data-init-width=\"2380\" height=\"400\" data-init-height=\"1468\" src=\"https:\/\/www.basilicacistern.gen.tr\/wp-content\/uploads\/2024\/08\/New-ticket.png\" data-width=\"600\" ml-d=\"0\" loading=\"lazy\" data-height=\"400\" title=\"Billets coupe-file pour la Citerne Basilique et Sainte-Sophie\" style=\"aspect-ratio: auto 2380 \/ 1468;\"><\/span><\/p>\n<h3 data-alt-text=\"Topkapi Palace + Hagia Sophia + Basilica Cistern: Tickets &amp; Audio Guide\" dir=\"ltr\" id=\"t-1741874673228\">Combo : Billets coupe-file pour la Citerne Basilique et Sainte-Sophie<\/h3>\n<h3 data-alt-text=\"Topkapi Palace + Hagia Sophia + Basilica Cistern: Tickets &amp; Audio Guide\" dir=\"ltr\" id=\"t-1741874673229\"><span style=\"font-weight: normal; font-size: 20px !important;\"><em>Billets coupe-file avec audioguide<\/em><\/span><\/h3>\n<p data-pm-slice=\"1 1 []\">Visitez deux des <strong data-end=\"117\" data-is-only-node=\"\" data-start=\"81\">monuments les plus embl\u00e9matiques d&rsquo;Istanbul<\/strong> avec <strong data-end=\"147\" data-start=\"123\">un acc\u00e8s coupe-file<\/strong> . Explorez la <strong data-end=\"181\" data-start=\"161\">Citerne Basilique<\/strong> et ses colonnes souterraines mystiques, puis p\u00e9n\u00e9trez dans <strong data-end=\"257\" data-start=\"241\">Sainte-Sophie<\/strong> pour admirer son architecture \u00e9poustouflante. Les deux sites sont accompagn\u00e9s d&rsquo;un <strong data-end=\"348\" data-start=\"320\">audioguide multilingue<\/strong> , garantissant une <strong data-end=\"396\" data-start=\"361\">exp\u00e9rience riche et instructive<\/strong> .<\/p>\n<h2 id=\"t-1741874673230\"><strong>3. Billet combin\u00e9 gain de temps&nbsp;: Palais de Topkapi + Citerne Basilique<\/strong><\/h2>\n<p><span style=\"\"><img decoding=\"async\" alt=\"\" data-id=\"2909\" width=\"600\" data-init-width=\"1200\" height=\"400\" data-init-height=\"750\" src=\"https:\/\/topkapipalace.gen.tr\/wp-content\/uploads\/2024\/10\/04696990344804d1f9f1e542a1675aa2-combo-111.jpg.avif\" data-width=\"600\" ml-d=\"0\" loading=\"lazy\" data-height=\"400\" title=\"04696990344804d1f9f1e542a1675aa2-combo-111.jpg\" style=\"aspect-ratio: auto 1200 \/ 750;\" data-><\/span><\/p>\n<h3 data-alt-text=\"Topkapi Palace + Basilica Cistern: Tickets &amp; Guided Tours\" dir=\"ltr\" id=\"t-1730381329344\">Combo&nbsp;: visite guid\u00e9e du palais de Topkapi et de la Citerne Basilique <em><span><span>avec billets coupe-file<\/span><\/span><\/em><span style=\"font-size: 20px; font-weight: 400;\"><\/span><\/h3>\n<p data-end=\"380\" data-is-last-node=\"\" data-is-only-node=\"\" data-start=\"70\">Profitez <strong data-end=\"100\" data-is-only-node=\"\" data-start=\"76\">d&rsquo;un acc\u00e8s coupe-file<\/strong> \u00e0 deux sites incontournables. D\u00e9couvrez les merveilles souterraines <strong data-end=\"184\" data-start=\"162\">de la Citerne Basilique<\/strong> , puis explorez le <strong data-end=\"241\" data-start=\"223\">palais de Topkapi<\/strong> , r\u00e9sidence majestueuse des sultans ottomans, ainsi que le c\u00e9l\u00e8bre harem. Une <strong data-end=\"305\" data-start=\"284\">formule gain de temps<\/strong> id\u00e9ale pour les passionn\u00e9s d&rsquo;histoire souhaitant explorer facilement <strong data-end=\"381\" data-start=\"353\">le riche patrimoine d&rsquo;Istanbul .<\/strong><\/p>\n<h2 id=\"t-1730381329345\"><strong>4. Autres billets combin\u00e9s populaires<\/strong><\/h2>\n<p><span style=\"\"><img decoding=\"async\" alt=\"\" data-id=\"1397\" width=\"585\" data-init-width=\"1300\" height=\"800\" data-init-height=\"800\" src=\"https:\/\/www.basilicacistern.gen.tr\/wp-content\/uploads\/2025\/03\/Combo-Tour-Hagia-Sophia-Topkapi-Palace-Basilica-Cistern.jpg\" data-width=\"585\" ml-d=\"0\" loading=\"lazy\" title=\"Visite combin\u00e9e&nbsp;: Sainte-Sophie, palais de Topkapi et citerne basilique\" style=\"aspect-ratio: auto 1300 \/ 800;\" data-init- data-><\/span><\/p>\n<h3 dir=\"ltr\" id=\"t-1730381329346\" data-alt-text=\"Hagia Sophia, Topkapi Palace &amp; Basilica Cistern: Tickets &amp; Audio Guides\">D\u00e9couvrez les ic\u00f4nes &#8211; Sainte-Sophie, le palais de Topkapi et la Citerne Basilique<\/h3>\n<p dir=\"ltr\">Explorez trois des <strong data-end=\"131\" data-is-only-node=\"\" data-start=\"92\">monuments les plus l\u00e9gendaires d&rsquo;Istanbul<\/strong> avec un acc\u00e8s coupe-file. Admirez la <strong data-end=\"193\" data-start=\"165\">grandeur de Sainte-Sophie<\/strong> , descendez dans la <strong data-end=\"241\" data-start=\"212\">mystique Citerne Basilique<\/strong> et parcourez les somptueuses salles <strong data-end=\"298\" data-start=\"264\">du palais de Topkapi<\/strong> . Une exp\u00e9rience compl\u00e8te pour ceux qui recherchent histoire, culture et merveilles architecturales r\u00e9unies en un seul et m\u00eame forfait.<\/p>\n<h2 dir=\"ltr\" id=\"t-1730381329348\">Conseils d&rsquo;initi\u00e9s pour visiter la Citerne Basilique<\/h2>\n<ul>\n<li><!--! Font Awesome Free 6.7.1 by @fontawesome - https:\/\/fontawesome.com License - https:\/\/fontawesome.com\/license\/free (Icons: CC BY 4.0, Fonts: SIL OFL 1.1, Code: MIT License) Copyright 2024 Fonticons, Inc. --><span><strong><strong data-end=\"86\" data-start=\"50\">Arrivez t\u00f4t ou tard dans la journ\u00e9e&nbsp;:<\/strong> <\/strong> la Citerne Basilique est l&rsquo;une des attractions les plus visit\u00e9es d&rsquo;Istanbul. Arriver t\u00f4t le matin ou avant la fermeture vous permettra d&rsquo;\u00e9viter les pics d&rsquo;affluence, surtout en haute saison.<\/span><\/li>\n<li><!--! Font Awesome Free 6.7.1 by @fontawesome - https:\/\/fontawesome.com License - https:\/\/fontawesome.com\/license\/free (Icons: CC BY 4.0, Fonts: SIL OFL 1.1, Code: MIT License) Copyright 2024 Fonticons, Inc. --><span>\n<p dir=\"ltr\"><strong data-end=\"312\" data-start=\"281\">R\u00e9servez des billets coupe-file&nbsp;:<\/strong> Les files d&rsquo;attente \u00e0 l&rsquo;entr\u00e9e peuvent \u00eatre tr\u00e8s longues, surtout en haute saison. <strong data-end=\"400\" data-start=\"375\">Les billets coupe-file<\/strong> ou <strong data-end=\"420\" data-start=\"404\">les forfaits combin\u00e9s<\/strong> vous garantissent une exp\u00e9rience plus fluide. <a href=\"#tve-jump-192e35861b3\" jump-animation=\"smooth\" style=\"outline: none;\">&gt;&gt; D\u00e9couvrez le billet combin\u00e9 le plus populaire pour la Citerne Basilique ici&nbsp;!<\/a><\/p>\n<p><\/span><\/li>\n<li><!--! Font Awesome Free 6.7.1 by @fontawesome - https:\/\/fontawesome.com License - https:\/\/fontawesome.com\/license\/free (Icons: CC BY 4.0, Fonts: SIL OFL 1.1, Code: MIT License) Copyright 2024 Fonticons, Inc. --><span>\n<p data-end=\"268\" data-start=\"50\"><strong data-end=\"84\" data-start=\"50\">Attention aux marches&nbsp;:<\/strong> pour acc\u00e9der \u00e0 la <strong data-end=\"118\" data-is-only-node=\"\" data-start=\"98\">Citerne Basilique<\/strong> , il faut <strong data-end=\"155\" data-start=\"135\">descendre 52&nbsp;marches<\/strong> . L&rsquo;escalier peut \u00eatre faiblement \u00e9clair\u00e9 et l\u00e9g\u00e8rement humide&nbsp;; prenez donc votre temps et <strong data-end=\"255\" data-start=\"229\">tenez-vous \u00e0 la rampe<\/strong> si n\u00e9cessaire.<\/p>\n<p><\/span><\/li>\n<li><!--! Font Awesome Free 6.7.1 by @fontawesome - https:\/\/fontawesome.com License - https:\/\/fontawesome.com\/license\/free (Icons: CC BY 4.0, Fonts: SIL OFL 1.1, Code: MIT License) Copyright 2024 Fonticons, Inc. --><span>\n<p data-end=\"698\" data-start=\"498\"><strong data-end=\"536\" data-start=\"498\">Habillez-vous en fonction du climat souterrain&nbsp;:<\/strong> la citerne est fra\u00eeche et humide, m\u00eame en \u00e9t\u00e9. Un <strong data-end=\"623\" data-is-only-node=\"\" data-start=\"606\">pull l\u00e9ger<\/strong> vous permettra de rester \u00e0 l&rsquo;aise pendant l&rsquo;exploration des chambres souterraines.<\/p>\n<p><\/span><\/li>\n<li><!--! Font Awesome Free 6.7.1 by @fontawesome - https:\/\/fontawesome.com License - https:\/\/fontawesome.com\/license\/free (Icons: CC BY 4.0, Fonts: SIL OFL 1.1, Code: MIT License) Copyright 2024 Fonticons, Inc. --><span>\n<p data-end=\"852\" data-start=\"700\"><strong data-end=\"727\" data-start=\"700\">Portez des chaussures confortables :<\/strong> les sentiers \u00e0 l&rsquo;int\u00e9rieur sont <strong data-end=\"779\" data-start=\"752\">l\u00e9g\u00e8rement humides et irr\u00e9guliers<\/strong> , il est donc recommand\u00e9 de porter <strong data-end=\"815\" data-start=\"784\">des chaussures antid\u00e9rapantes et confortables<\/strong> pour une visite plus s\u00fbre.<\/p>\n<p><\/span><\/li>\n<li><!--! Font Awesome Free 6.7.1 by @fontawesome - https:\/\/fontawesome.com License - https:\/\/fontawesome.com\/license\/free (Icons: CC BY 4.0, Fonts: SIL OFL 1.1, Code: MIT License) Copyright 2024 Fonticons, Inc. --><span><strong data-end=\"886\" data-start=\"854\">Ne manquez pas les t\u00eates de M\u00e9duse&nbsp;:<\/strong> au fond de la citerne, vous d\u00e9couvrirez deux <strong data-end=\"969\" data-start=\"934\">myst\u00e9rieuses t\u00eates de M\u00e9duse sculpt\u00e9es,<\/strong> plac\u00e9es de c\u00f4t\u00e9 et \u00e0 l&rsquo;envers. Leur fonction reste inconnue, ce qui ajoute au myst\u00e8re de la citerne.<\/span><\/li>\n<li><!--! Font Awesome Free 6.7.1 by @fontawesome - https:\/\/fontawesome.com License - https:\/\/fontawesome.com\/license\/free (Icons: CC BY 4.0, Fonts: SIL OFL 1.1, Code: MIT License) Copyright 2024 Fonticons, Inc. --><span>\n<p dir=\"ltr\"><strong><strong data-end=\"972\" data-start=\"928\">Apportez un appareil photo (avec des r\u00e9glages adapt\u00e9s)&nbsp;:<\/strong><\/strong> L&rsquo;atmosph\u00e8re de faible luminosit\u00e9 cr\u00e9e un effet \u00e0 la fois \u00e9trange et saisissant. Ajustez les r\u00e9glages de votre appareil photo pour capturer les reflets uniques des colonnes dans l&rsquo;eau.<a href=\"https:\/\/www.basilicacistern.gen.tr\/fr\/billets-visites\/\" style=\"outline: none;\" data-lt-tmp-id=\"lt-778183\" spellcheck=\"false\"><\/a><\/p>\n<p><\/span><\/li>\n<li><!--! Font Awesome Free 6.7.1 by @fontawesome - https:\/\/fontawesome.com License - https:\/\/fontawesome.com\/license\/free (Icons: CC BY 4.0, Fonts: SIL OFL 1.1, Code: MIT License) Copyright 2024 Fonticons, Inc. --><span>\n<p dir=\"ltr\"><strong><strong data-end=\"1329\" data-start=\"1284\">Combinez votre visite avec les sites touristiques \u00e0 proximit\u00e9&nbsp;:<\/strong> <\/strong> Sainte-Sophie et le palais de Topkapi sont \u00e0 quelques minutes. Optez pour un billet combin\u00e9 pour explorer facilement plusieurs sites historiques. <a href=\"#tve-jump-192e35861b3\" jump-animation=\"smooth\" style=\"outline: none;\" data-lt-tmp-id=\"lt-957683\" spellcheck=\"false\"> &gt;&gt; Achetez votre billet combin\u00e9 pour le palais de la Citerne Basilique ici&nbsp;!<\/a><\/p>\n<p><\/span><\/li>\n<\/ul>\n<h2 id=\"t-1730381329349\"><strong>Choses \u00e0 savoir avant de visiter la Citerne Basilique<\/strong><\/h2>\n<ul>\n<li><!--! Font Awesome Free 6.7.1 by @fontawesome - https:\/\/fontawesome.com License - https:\/\/fontawesome.com\/license\/free (Icons: CC BY 4.0, Fonts: SIL OFL 1.1, Code: MIT License) Copyright 2024 Fonticons, Inc. --><span><strong>Acc\u00e8s :<\/strong>&nbsp;La Citerne Basilique est situ\u00e9e \u00e0&nbsp;<strong data-end=\"129\" data-start=\"114\">Sultanahmet<\/strong>, \u00e0 quelques pas de&nbsp;<strong data-end=\"194\" data-start=\"158\">Sainte-Sophie et de la Mosqu\u00e9e Bleue<\/strong>. L&rsquo;arr\u00eat de transport en commun le plus proche est&nbsp;<strong data-end=\"261\" data-start=\"233\">la station de tramway Sultanahmet<\/strong>.<\/span><\/li>\n<li><!--! Font Awesome Free 6.7.1 by @fontawesome - https:\/\/fontawesome.com License - https:\/\/fontawesome.com\/license\/free (Icons: CC BY 4.0, Fonts: SIL OFL 1.1, Code: MIT License) Copyright 2024 Fonticons, Inc. --><span><strong data-end=\"284\" data-start=\"266\">Horaires d&rsquo;ouverture :<\/strong>&nbsp;Ouvert tous les jours de&nbsp;<strong data-end=\"53\" data-start=\"35\">09h00 \u00e0 18h30<\/strong>, avec une pause de&nbsp;<strong data-end=\"91\" data-start=\"73\">18h30 \u00e0 19h30<\/strong>, avant la r\u00e9ouverture pour le&nbsp;<strong data-end=\"153\" data-start=\"118\">quart de nuit de 19h30 \u00e0 22h00<\/strong>.<\/span><\/li>\n<li><!--! Font Awesome Free 6.7.1 by @fontawesome - https:\/\/fontawesome.com License - https:\/\/fontawesome.com\/license\/free (Icons: CC BY 4.0, Fonts: SIL OFL 1.1, Code: MIT License) Copyright 2024 Fonticons, Inc. --><span><strong>Conditions d&rsquo;entr\u00e9e&nbsp;:<\/strong> Des billets coupe-file sont disponibles pour \u00e9viter l&rsquo;attente, notamment aux heures de pointe. Pour une visite plus instructive, pensez \u00e0 utiliser l&rsquo; <a href=\"https:\/\/www.basilicacistern.gen.tr\/fr\/audioguide-citerne-basilique\/\" style=\"outline: none;\"><strong>audioguide,<\/strong><\/a>&nbsp;disponible sur place ou t\u00e9l\u00e9chargeable \u00e0 l&rsquo;avance.<br \/><\/span><\/li>\n<li><!--! Font Awesome Free 6.7.1 by @fontawesome - https:\/\/fontawesome.com License - https:\/\/fontawesome.com\/license\/free (Icons: CC BY 4.0, Fonts: SIL OFL 1.1, Code: MIT License) Copyright 2024 Fonticons, Inc. --><span><strong data-end=\"563\" data-start=\"547\">Photographie :<\/strong>&nbsp;La photographie sans flash est autoris\u00e9e, mais&nbsp;<strong data-end=\"640\" data-start=\"602\">les tr\u00e9pieds et l&rsquo;\u00e9quipement professionnel<\/strong> peuvent \u00eatre restreints.<br \/><\/span><\/li>\n<li><!--! Font Awesome Free 6.7.1 by @fontawesome - https:\/\/fontawesome.com License - https:\/\/fontawesome.com\/license\/free (Icons: CC BY 4.0, Fonts: SIL OFL 1.1, Code: MIT License) Copyright 2024 Fonticons, Inc. --><span><strong>Meilleur moment pour visiter :<\/strong>&nbsp;Le &nbsp;<strong data-end=\"61\" data-start=\"28\">petit matin (09h00 &#8211; 10h30)<\/strong>&nbsp;est le moins fr\u00e9quent\u00e9 et id\u00e9al pour la photographie, tandis que la&nbsp;<strong data-end=\"154\" data-start=\"120\">fin d&rsquo;apr\u00e8s-midi (16h30 &#8211; 18h30)<\/strong> offre une exp\u00e9rience plus calme lorsque les visiteurs commencent \u00e0 partir.<\/span><\/li>\n<\/ul>\n<h2 id=\"t-1730381329350\"><strong>Questions fr\u00e9quemment pos\u00e9es sur les billets pour la Citerne Basilique<\/strong><\/h2>\n","protected":false},"excerpt":{"rendered":"<p>Billets combin\u00e9s pour la Citerne Basilique Explorez des sites embl\u00e9matiques. Profitez de grosses \u00e9conomies. Un seul billet.&nbsp; La Citerne Basilique est l&rsquo;un des monuments souterrains les plus fascinants d&rsquo;Istanbul, offrant un aper\u00e7u du pass\u00e9 byzantin de la ville. Mais pourquoi se limiter \u00e0 une seule attraction quand vous pouvez explorer plusieurs sites embl\u00e9matiques gr\u00e2ce \u00e0 [&hellip;]<\/p>\n","protected":false},"author":5,"featured_media":3974,"parent":3967,"menu_order":0,"comment_status":"closed","ping_status":"closed","template":"","meta":{"footnotes":""},"class_list":["post-3973","page","type-page","status-publish","has-post-thumbnail","hentry","post-wrapper","thrv_wrapper"],"wp-worthy-pixel":{"ignored":false,"public":null,"server":null,"url":null},"wp-worthy-type":"normal","_links":{"self":[{"href":"https:\/\/www.basilicacistern.gen.tr\/fr\/wp-json\/wp\/v2\/pages\/3973","targetHints":{"allow":["GET"]}}],"collection":[{"href":"https:\/\/www.basilicacistern.gen.tr\/fr\/wp-json\/wp\/v2\/pages"}],"about":[{"href":"https:\/\/www.basilicacistern.gen.tr\/fr\/wp-json\/wp\/v2\/types\/page"}],"author":[{"embeddable":true,"href":"https:\/\/www.basilicacistern.gen.tr\/fr\/wp-json\/wp\/v2\/users\/5"}],"replies":[{"embeddable":true,"href":"https:\/\/www.basilicacistern.gen.tr\/fr\/wp-json\/wp\/v2\/comments?post=3973"}],"version-history":[{"count":12,"href":"https:\/\/www.basilicacistern.gen.tr\/fr\/wp-json\/wp\/v2\/pages\/3973\/revisions"}],"predecessor-version":[{"id":5342,"href":"https:\/\/www.basilicacistern.gen.tr\/fr\/wp-json\/wp\/v2\/pages\/3973\/revisions\/5342"}],"up":[{"embeddable":true,"href":"https:\/\/www.basilicacistern.gen.tr\/fr\/wp-json\/wp\/v2\/pages\/3967"}],"wp:featuredmedia":[{"embeddable":true,"href":"https:\/\/www.basilicacistern.gen.tr\/fr\/wp-json\/wp\/v2\/media\/3974"}],"wp:attachment":[{"href":"https:\/\/www.basilicacistern.gen.tr\/fr\/wp-json\/wp\/v2\/media?parent=3973"}],"curies":[{"name":"wp","href":"https:\/\/api.w.org\/{rel}","templated":true}]}}