{"id":3993,"date":"2023-10-03T12:09:15","date_gmt":"2023-10-03T12:09:15","guid":{"rendered":"https:\/\/www.basilicacistern.gen.tr\/frequently-asked-questions\/"},"modified":"2026-04-06T12:02:49","modified_gmt":"2026-04-06T12:02:49","slug":"questions-frequemment-posees-sur-la-citerne-basilique","status":"publish","type":"page","link":"https:\/\/www.basilicacistern.gen.tr\/fr\/questions-frequemment-posees-sur-la-citerne-basilique\/","title":{"rendered":"Questions fr\u00e9quemment pos\u00e9es sur la Citerne Basilique"},"content":{"rendered":"<h1 style=\"text-align: left;\">FAQ<\/h1>\n<h2 style=\"\"><strong>Questions fr\u00e9quemment pos\u00e9es sur la Citerne Basilique<\/strong><\/h2>\n<p><a href=\"https:\/\/www.basilicacistern.gen.tr\/fr\/a-propos-de-la-citerne-basilique\/\" dynamic-postlink=\"tcb_post_the_permalink\" data-shortcode-id=\"595\"><\/a><\/p>\n<p style=\"padding-bottom: 0px !important; margin-bottom: 0px !important;\"><span data-attr-css=\"\" data-attr-link=\"1\" data-attr-rel=\"0\" data-attr-target=\"0\" data-extra_key=\"\" data-option-inline=\"1\" data-shortcode=\"tcb_post_categories\" data-shortcode-name=\"List of categories\" style=\"\"><\/span><\/p>\n<h2 style=\"\"><span data-attr-css=\"\" data-attr-link=\"1\" data-attr-rel=\"0\" data-attr-static-link=\"{&quot;className&quot;:&quot;&quot;,&quot;href&quot;:&quot;https:\/\/www.basilicacistern.gen.tr\/fr\/a-propos-de-la-citerne-basilique\/&quot;,&quot;title&quot;:&quot;\u00c0 propos de la Citerne Basilique \u00e0 Istanbul&quot;,&quot;class&quot;:&quot;&quot;}\" data-attr-target=\"0\" data-extra_key=\"\" data-option-inline=\"1\" data-shortcode=\"tcb_post_title\" data-shortcode-name=\"Post title\" style=\"\"><a href=\"https:\/\/www.basilicacistern.gen.tr\/fr\/a-propos-de-la-citerne-basilique\/\" title=\"\u00c0 propos de la Citerne Basilique \u00e0 Istanbul\" data-css=\"\">\u00c0 propos de la Citerne Basilique \u00e0 Istanbul<\/a><\/span><\/h2>\n<p><a href=\"https:\/\/www.basilicacistern.gen.tr\/fr\/billets-visites\/\" dynamic-postlink=\"tcb_post_the_permalink\" data-shortcode-id=\"595\"><\/a><\/p>\n<p style=\"padding-bottom: 0px !important; margin-bottom: 0px !important;\"><span data-attr-css=\"\" data-attr-link=\"1\" data-attr-rel=\"0\" data-attr-target=\"0\" data-extra_key=\"\" data-option-inline=\"1\" data-shortcode=\"tcb_post_categories\" data-shortcode-name=\"List of categories\" style=\"\"><\/span><\/p>\n<h2 style=\"\"><span data-attr-css=\"\" data-attr-link=\"1\" data-attr-rel=\"0\" data-attr-static-link=\"{&quot;className&quot;:&quot;&quot;,&quot;href&quot;:&quot;https:\/\/www.basilicacistern.gen.tr\/fr\/a-propos-de-la-citerne-basilique\/&quot;,&quot;title&quot;:&quot;\u00c0 propos de la Citerne Basilique \u00e0 Istanbul&quot;,&quot;class&quot;:&quot;&quot;}\" data-attr-target=\"0\" data-extra_key=\"\" data-option-inline=\"1\" data-shortcode=\"tcb_post_title\" data-shortcode-name=\"Post title\" style=\"\"><a href=\"https:\/\/www.basilicacistern.gen.tr\/fr\/billets-visites\/\" title=\"Billets et visites guid\u00e9es de la Citerne Basilique \u00e0 Istanbul\" data-css=\"\">Billets et visites guid\u00e9es de la Citerne Basilique \u00e0 Istanbul<\/a><\/span><\/h2>\n","protected":false},"excerpt":{"rendered":"<p>FAQ Questions fr\u00e9quemment pos\u00e9es sur la Citerne Basilique \u00c0 propos de la Citerne Basilique \u00e0 Istanbul Billets et visites guid\u00e9es de la Citerne Basilique \u00e0 Istanbul<\/p>\n","protected":false},"author":5,"featured_media":3994,"parent":0,"menu_order":0,"comment_status":"closed","ping_status":"closed","template":"","meta":{"footnotes":""},"class_list":["post-3993","page","type-page","status-publish","has-post-thumbnail","hentry","post-wrapper","thrv_wrapper"],"wp-worthy-pixel":{"ignored":false,"public":null,"server":null,"url":null},"wp-worthy-type":"normal","_links":{"self":[{"href":"https:\/\/www.basilicacistern.gen.tr\/fr\/wp-json\/wp\/v2\/pages\/3993","targetHints":{"allow":["GET"]}}],"collection":[{"href":"https:\/\/www.basilicacistern.gen.tr\/fr\/wp-json\/wp\/v2\/pages"}],"about":[{"href":"https:\/\/www.basilicacistern.gen.tr\/fr\/wp-json\/wp\/v2\/types\/page"}],"author":[{"embeddable":true,"href":"https:\/\/www.basilicacistern.gen.tr\/fr\/wp-json\/wp\/v2\/users\/5"}],"replies":[{"embeddable":true,"href":"https:\/\/www.basilicacistern.gen.tr\/fr\/wp-json\/wp\/v2\/comments?post=3993"}],"version-history":[{"count":8,"href":"https:\/\/www.basilicacistern.gen.tr\/fr\/wp-json\/wp\/v2\/pages\/3993\/revisions"}],"predecessor-version":[{"id":5338,"href":"https:\/\/www.basilicacistern.gen.tr\/fr\/wp-json\/wp\/v2\/pages\/3993\/revisions\/5338"}],"wp:featuredmedia":[{"embeddable":true,"href":"https:\/\/www.basilicacistern.gen.tr\/fr\/wp-json\/wp\/v2\/media\/3994"}],"wp:attachment":[{"href":"https:\/\/www.basilicacistern.gen.tr\/fr\/wp-json\/wp\/v2\/media?parent=3993"}],"curies":[{"name":"wp","href":"https:\/\/api.w.org\/{rel}","templated":true}]}}