{"id":4002,"date":"2023-10-03T12:10:26","date_gmt":"2023-10-03T12:10:26","guid":{"rendered":"https:\/\/www.basilicacistern.gen.tr\/how-to-get-there\/"},"modified":"2026-04-06T12:00:26","modified_gmt":"2026-04-06T12:00:26","slug":"comment-aller-a-la-citerne-basilique","status":"publish","type":"page","link":"https:\/\/www.basilicacistern.gen.tr\/fr\/comment-aller-a-la-citerne-basilique\/","title":{"rendered":"Comment aller \u00e0 la Citerne Basilique \u00e0 Istanbul"},"content":{"rendered":"<h1 style=\"text-align: left;\">Comment aller \u00e0 la Citerne Basilique<\/h1>\n<h2 style=\"\"><strong>Plus d&rsquo;options :<\/strong><\/h2>\n<ul>\n<li style=\"\"><span style=\"\"><strong>\u00c0 pied :<\/strong><\/span><\/li>\n<\/ul>\n<p style=\"\">La Citerne Basilique est situ\u00e9e dans le quartier de Sultanahmet. Vous pouvez facilement vous y rendre \u00e0 pied depuis la plupart des grands h\u00f4tels du quartier. <strong>Comptez environ 5 minutes de marche depuis la Mosqu\u00e9e Bleue<\/strong> et <strong>20 minutes depuis le Grand Bazar.<\/strong><\/p>\n<ul>\n<li style=\"\"><span style=\"\"><strong>En train :<\/strong><\/span><\/li>\n<\/ul>\n<p style=\"\">La gare la plus proche de la Citerne Basilique est <strong>la gare de Marmaray Sirkeci, \u00e0 seulement 15 minutes \u00e0 pied<\/strong> . <br \/>La <strong>station de m\u00e9tro la plus proche est Vezneciler<\/strong>. De l\u00e0, les&nbsp;<strong>portes de la citerne sont \u00e0 30 minutes \u00e0 pied.<\/strong><\/p>\n<ul>\n<li style=\"\"><span style=\"\"><strong>En tramway :<\/strong><\/span><\/li>\n<\/ul>\n<p style=\"text-align: left;\"><span lang=\"EN-US\">Pour vous rendre \u00e0 la Citerne Basilique, nous vous recommandons de prendre le tramway T1.&nbsp;<\/span><span lang=\"EN-US\">Vous pouvez descendre \u00e0&nbsp;<\/span><a href=\"https:\/\/www.google.com\/maps\/place\/G%C3%BClhane+istasyonu\/@41.0120654,28.9762112,17z\/data=!3m1!4b1!4m6!3m5!1s0x14cab9bf99f832ef:0x68bc107feb3af96!8m2!3d41.0120614!4d28.9783999!16s%2Fg%2F1tftndtm\" target=\"_blank\" rel=\"nofollow noopener\" style=\"outline: none;\"><span lang=\"EN-US\">la station G\u00fclhane<\/span><\/a><span lang=\"EN-US\"> ou \u00e0&nbsp; <\/span><a href=\"https:\/\/www.google.com\/maps\/place\/Sultanahmet\/@41.0095961,28.9782382,16.42z\/data=!4m14!1m7!3m6!1s0x14cab9b8afa5f833:0x15aa1943c3015300!2sTopkap%C4%B1-Palast!8m2!3d41.0115195!4d28.9833789!16zL20vMDFsZ2N3!3m5!1s0x14cab9961977ef7f:0x75063f77750500b0!8m2!3d41.00813!4d28.97561!16s%2Fg%2F1tg3f6sd\" target=\"_blank\" rel=\"nofollow noopener\" style=\"outline: none;\"><span lang=\"EN-US\">la station Sultanahmet<\/span><\/a><span lang=\"EN-US\"> .&nbsp; <\/span><br \/><span lang=\"EN-US\">Ces deux arr\u00eats sont \u00e0 7 minutes (650 m\u00e8tres) de la Citerne Basilique.<\/span><\/p>\n<ul>\n<li style=\"\"><span style=\"\"><strong>En bus :<\/strong><\/span><\/li>\n<\/ul>\n<p style=\"\">Les arr\u00eats de bus les plus proches du palais se trouvent \u00e0 la station Sarayburnu ou Akbiyik. Prenez les bus <strong>28T, 30D, 46\u00c7, 47E, 99A, BN1, EM1&nbsp;<\/strong>et descendez \u00e0 l&rsquo;un de ces arr\u00eats. Depuis<strong>&nbsp;<\/strong>la station Sarayburnu, comptez 18 minutes de marche jusqu&rsquo;\u00e0 la Citerne Basilique; depuis Akbiyik, 11 minutes.<\/p>\n<ul>\n<li style=\"\"><span style=\"\"><strong>En taxi :<\/strong><\/span><\/li>\n<\/ul>\n<p style=\"text-align: left;\"><span lang=\"EN-US\">Si vous cherchez un moyen pratique pour vous rendre \u00e0 la Citerne Basilique, vous pourriez penser \u00e0 prendre un taxi.&nbsp;<\/span><br \/><span lang=\"EN-US\"><\/span><span lang=\"EN-US\">Cependant, <strong>nous ne recommandons pas cette option<\/strong> car il n&rsquo;est pas facile d&rsquo;acc\u00e9der au quartier de Sultanahmet en voiture\/taxi, et <strong>vous devrez quand m\u00eame marcher une bonne distance<\/strong> \u00e0 votre arriv\u00e9e.<\/span><\/p>\n<ul>\n<li style=\"\"><span style=\"\"><strong>En voiture:<\/strong><\/span><\/li>\n<\/ul>\n<p style=\"\">\u00c9tant donn\u00e9 que la zone n&rsquo;est pas facile d&rsquo;acc\u00e8s et qu&rsquo;il n&rsquo;y a pas de places de stationnement dans les locaux de la Citerne Basilique, <strong>nous ne recommandons pas cette option<\/strong>.<\/p>\n<p style=\"\">Le parking payant se trouve \u00e0 15 minutes \u00e0 pied de la Citerne Basilique, vous <strong>devrez donc encore marcher un peu pour vous rendre \u00e0 la Citerne Basilique.<\/strong><\/p>\n<h2 style=\"\"><strong>Location de la Citerne Basilique \u00e0 Istanbul<\/strong><\/h2>\n<p><strong>Lieu :<\/strong> Alemdar, Yerebatan Cd. 1\/3, 34110 Fatih\/Istanbul, Turquie<\/p>\n<p><a href=\"https:\/\/www.basilicacistern.gen.tr\/fr\/a-propos-de-la-citerne-basilique\/\" dynamic-postlink=\"tcb_post_the_permalink\" data-shortcode-id=\"595\"><\/a><\/p>\n<p style=\"padding-bottom: 0px !important; margin-bottom: 0px !important;\"><strong>APPRENDRE ENCORE PLUS<\/strong><\/p>\n<h2 style=\"\"><span data-attr-css=\"\" data-attr-link=\"1\" data-attr-rel=\"0\" data-attr-static-link=\"{&quot;className&quot;:&quot;&quot;,&quot;href&quot;:&quot;https:\/\/www.basilicacistern.gen.tr\/fr\/a-propos-de-la-citerne-basilique\/&quot;,&quot;title&quot;:&quot;\u00c0 propos de la Citerne Basilique \u00e0 Istanbul&quot;,&quot;class&quot;:&quot;&quot;}\" data-attr-target=\"0\" data-extra_key=\"\" data-option-inline=\"1\" data-shortcode=\"tcb_post_title\" data-shortcode-name=\"Post title\" style=\"\"><a href=\"https:\/\/www.basilicacistern.gen.tr\/fr\/a-propos-de-la-citerne-basilique\/\" title=\"\u00c0 propos de la Citerne Basilique \u00e0 Istanbul\" data-css=\"\">\u00c0 propos de la Citerne Basilique \u00e0 Istanbul<\/a><\/span><\/h2>\n<p><a href=\"https:\/\/www.basilicacistern.gen.tr\/fr\/histoire\/\" dynamic-postlink=\"tcb_post_the_permalink\" data-shortcode-id=\"595\"><\/a><\/p>\n<p style=\"padding-bottom: 0px !important; margin-bottom: 0px !important;\"><strong>APPRENDRE ENCORE PLUS<\/strong><\/p>\n<h2 style=\"\"><span data-attr-css=\"\" data-attr-link=\"1\" data-attr-rel=\"0\" data-attr-static-link=\"{&quot;className&quot;:&quot;&quot;,&quot;href&quot;:&quot;https:\/\/www.basilicacistern.gen.tr\/fr\/a-propos-de-la-citerne-basilique\/&quot;,&quot;title&quot;:&quot;\u00c0 propos de la Citerne Basilique \u00e0 Istanbul&quot;,&quot;class&quot;:&quot;&quot;}\" data-attr-target=\"0\" data-extra_key=\"\" data-option-inline=\"1\" data-shortcode=\"tcb_post_title\" data-shortcode-name=\"Post title\" style=\"\"><a href=\"https:\/\/www.basilicacistern.gen.tr\/fr\/histoire\/\" title=\"Histoire de la Citerne Basilique \u00e0 Istanbul\" data-css=\"\">Histoire de la Citerne Basilique \u00e0 Istanbul<\/a><\/span><\/h2>\n","protected":false},"excerpt":{"rendered":"<p>Comment aller \u00e0 la Citerne Basilique Plus d&rsquo;options : \u00c0 pied : La Citerne Basilique est situ\u00e9e dans le quartier de Sultanahmet. Vous pouvez facilement vous y rendre \u00e0 pied depuis la plupart des grands h\u00f4tels du quartier. Comptez environ 5 minutes de marche depuis la Mosqu\u00e9e Bleue et 20 minutes depuis le Grand Bazar. [&hellip;]<\/p>\n","protected":false},"author":5,"featured_media":4003,"parent":0,"menu_order":0,"comment_status":"closed","ping_status":"closed","template":"","meta":{"footnotes":""},"class_list":["post-4002","page","type-page","status-publish","has-post-thumbnail","hentry","post-wrapper","thrv_wrapper"],"wp-worthy-pixel":{"ignored":false,"public":null,"server":null,"url":null},"wp-worthy-type":"normal","_links":{"self":[{"href":"https:\/\/www.basilicacistern.gen.tr\/fr\/wp-json\/wp\/v2\/pages\/4002","targetHints":{"allow":["GET"]}}],"collection":[{"href":"https:\/\/www.basilicacistern.gen.tr\/fr\/wp-json\/wp\/v2\/pages"}],"about":[{"href":"https:\/\/www.basilicacistern.gen.tr\/fr\/wp-json\/wp\/v2\/types\/page"}],"author":[{"embeddable":true,"href":"https:\/\/www.basilicacistern.gen.tr\/fr\/wp-json\/wp\/v2\/users\/5"}],"replies":[{"embeddable":true,"href":"https:\/\/www.basilicacistern.gen.tr\/fr\/wp-json\/wp\/v2\/comments?post=4002"}],"version-history":[{"count":7,"href":"https:\/\/www.basilicacistern.gen.tr\/fr\/wp-json\/wp\/v2\/pages\/4002\/revisions"}],"predecessor-version":[{"id":5336,"href":"https:\/\/www.basilicacistern.gen.tr\/fr\/wp-json\/wp\/v2\/pages\/4002\/revisions\/5336"}],"wp:featuredmedia":[{"embeddable":true,"href":"https:\/\/www.basilicacistern.gen.tr\/fr\/wp-json\/wp\/v2\/media\/4003"}],"wp:attachment":[{"href":"https:\/\/www.basilicacistern.gen.tr\/fr\/wp-json\/wp\/v2\/media?parent=4002"}],"curies":[{"name":"wp","href":"https:\/\/api.w.org\/{rel}","templated":true}]}}