{"id":4007,"date":"2023-10-03T12:08:13","date_gmt":"2023-10-03T12:08:13","guid":{"rendered":"https:\/\/www.basilicacistern.gen.tr\/history\/"},"modified":"2026-04-06T11:48:54","modified_gmt":"2026-04-06T11:48:54","slug":"histoire","status":"publish","type":"page","link":"https:\/\/www.basilicacistern.gen.tr\/fr\/histoire\/","title":{"rendered":"Histoire de la Citerne Basilique \u00e0 Istanbul"},"content":{"rendered":"<h1 style=\"text-align: left;\">Histoire de la Citerne Basilique<\/h1>\n<p style=\"text-align: left;\"><strong>HISTOIRE \/ ARCHITECTURE<\/strong><\/p>\n<h2 style=\"\">Histoire de la Citerne Basilique : Construction<\/h2>\n<p>Le mus\u00e9e de la Citerne Basilique (Yerebatan Saray\u0131) est un atout culturel majeur d&rsquo;Istanbul, illustrant la riche histoire de la ville.&nbsp; <strong>Construite par l&#8217;empereur romain d&rsquo;Orient Justinien Ier (527-565),<\/strong> &nbsp;cette immense citerne souterraine est la plus grande citerne couverte de la ville,&nbsp; <strong>avec une capacit\u00e9 de stockage de 80&nbsp;000 tonnes.&nbsp;<\/strong><\/p>\n<h2 style=\"\">Histoire de la Citerne Basilique : Architecture<\/h2>\n<p>D&rsquo;une superficie&nbsp;<strong>d&rsquo;environ 10&nbsp;000 m\u00e8tres carr\u00e9s<\/strong>, elle pr\u00e9sente une forme rectangulaire&nbsp;<strong>de 140 m\u00e8tres de long<\/strong>&nbsp; et 70 m\u00e8tres de large.&nbsp;<strong>La citerne servait \u00e0 distribuer l&rsquo;eau des cours d&rsquo;eau et de pluie<\/strong> au Grand Palais et aux b\u00e2timents environnants, r\u00e9pondant ainsi aux besoins en eau de la ville pendant des si\u00e8cles.<\/p>\n<p style=\"\"><strong>La citerne compte 336 colonnes <\/strong><strong>de 9 m\u00e8tres de haut<\/strong>&nbsp;chacune,&nbsp;<strong>espac\u00e9es de 4,80 m\u00e8tres<\/strong>, formant 12 rang\u00e9es de 28 colonnes chacune. Ces colonnes sont sculpt\u00e9es dans diff\u00e9rents types de marbre et pr\u00e9sentent des caract\u00e9ristiques vari\u00e9es, comme un style corinthien ou des chapiteaux sobres et sans ornements. Les murs et le sol en briques de la citerne sont rendus imperm\u00e9ables par une \u00e9paisse couche de mortier de chaux \u00ab Horasan \u00bb.<\/p>\n<h3 style=\"\">Histoire de la Citerne Basilique : Red\u00e9couvrir la Citerne Oubli\u00e9e<\/h3>\n<p style=\"\">La citerne basilique fut conserv\u00e9e en bon \u00e9tat pendant des si\u00e8cles, <strong>mais elle tomba en ruine apr\u00e8s la conqu\u00eate ottomane de Constantinople en 1453<\/strong> et finit par tomber dans l&rsquo;oubli. Ce n&rsquo;est que lorsque le naturaliste et topographe fran\u00e7ais Petrus Gyllius la red\u00e9couvrit entre <strong>1544 et 1555,<\/strong> qu&rsquo;il en mesura et en nota les dimensions. Les d\u00e9clarations de Gyllius sur l&rsquo;utilisation de la citerne par les habitants, notamment l&rsquo;utilisation de seaux, de bateaux et de lampes pour l&rsquo;\u00e9clairage, t\u00e9moignent de la connaissance qu&rsquo;ils avaient de cette structure.<\/p>\n<h2 style=\"\">Histoire de la Citerne Basilique : sous la domination ottomane<\/h2>\n<p>La citerne basilique a subi des restaurations durant la p\u00e9riode ottomane, la&nbsp;<strong>premi\u00e8re sous le r\u00e8gne du sultan Ahmed III<\/strong>&nbsp;et la seconde sous celui&nbsp;<strong>du sultan Abdulhamid II.<\/strong>&nbsp;Entre 1955 et 1960, neuf colonnes menac\u00e9es d&rsquo;effondrement ont \u00e9t\u00e9 recouvertes d&rsquo;une \u00e9paisse couche de b\u00e9ton.<\/p>\n<h2 style=\"\">Histoire de la Citerne Basilique : aujourd&rsquo;hui<\/h2>\n<p><strong>Entre 1985 et 1987<\/strong>, la municipalit\u00e9 m\u00e9tropolitaine d&rsquo;Istanbul a men\u00e9 un vaste&nbsp;<strong>projet de restauration et de nettoyage<\/strong>, &nbsp;<strong>r\u00e9v\u00e9lant des t\u00eates de M\u00e9duse embl\u00e9matiques<\/strong>, consid\u00e9r\u00e9es comme l&rsquo;un des&nbsp;<strong>exemples les plus significatifs de la sculpture romaine<\/strong>.<\/p>\n<p>Le mus\u00e9e de la Citerne d&rsquo;Erebatan&nbsp;<strong>a rouvert ses portes au public en juillet 2022<\/strong>,&nbsp;<strong>accueillant des expositions temporaires<\/strong>,&nbsp;<strong>des performances d&rsquo;art contemporain<\/strong>&nbsp;et&nbsp;<strong>des \u00e9v\u00e9nements culturels<\/strong>. Le mus\u00e9e vise \u00e0 cr\u00e9er un univers pour l&rsquo;avenir de l&rsquo;art, empreint de sa m\u00e9moire profonde, et poursuit son parcours avec la nouvelle g\u00e9n\u00e9ration de mus\u00e9ologie sous l&rsquo;\u00e9gide de la Culture Inc. de la municipalit\u00e9 m\u00e9tropolitaine d&rsquo;Istanbul.<\/p>\n<h2 style=\"\"><b>Le tombeau de M\u00e9duse se trouve-t-il dans la citerne de la basilique ?<\/b><\/h2>\n<p style=\"\">C\u2019est sans aucun doute le mythe urbain le plus fascinant entourant l\u2019histoire des Citernes Basiliques.<\/p>\n<p style=\"\">Des d\u00e9l\u00e9gu\u00e9s de Venise rendirent visite \u00e0 Fatih Sultan Mehmet en 1456. Fatih \u00e9tait trop occup\u00e9 pour rencontrer les envoy\u00e9s, mais lors de leur rencontre, le vizir d\u00e9couvrit une information int\u00e9ressante&nbsp;: un tr\u00e9sor se trouvait dans la Citerne Basilique, mais seul le sultan en connaissait l&#8217;emplacement. Le sujet fut abord\u00e9 avec Fatih Sultan Mehmet, et la rencontre eut lieu. Au cours de la rencontre, l&rsquo;envoy\u00e9 expliqua qu&rsquo;il ne s&rsquo;agissait pas d&rsquo;un tr\u00e9sor physique, mais d&rsquo;un cadavre. En \u00e9change du corps et du sarcophage qui le contenait, le sultan recevrait tout ce qu&rsquo;il d\u00e9sirait. Fatih rejeta cette proposition, et la d\u00e9l\u00e9gation partit.<\/p>\n<p style=\"\">Plusieurs si\u00e8cles plus tard, une d\u00e9l\u00e9gation fut envoy\u00e9e aupr\u00e8s d&rsquo;Abd\u00fclhamit II pour en discuter. Int\u00e9ress\u00e9 par la question, Abd\u00fclhamit II envoya une \u00e9quipe \u00e0 la citerne pour enqu\u00eater. Un sarcophage fut d\u00e9couvert dans les catacombes de la Citerne Basilique. Plac\u00e9 dans la citerne pour le prot\u00e9ger, il fut d\u00e9cid\u00e9 qu&rsquo;il ne serait d\u00e9couvert que si son couvercle n&rsquo;\u00e9tait pas ouvert. Cependant, un enfant, parvenu au tombeau, d\u00e9couvrit et ouvrit le sarcophage. \u00c0 l&rsquo;int\u00e9rieur se trouvait la momie d&rsquo;une cr\u00e9ature dont la t\u00eate ressemblait \u00e0 celle d&rsquo;un humain et le corps avait les courbes d&rsquo;un serpent.&nbsp;<\/p>\n<p style=\"\">L&rsquo;enfant d\u00e9crit l&rsquo;incident en disant : \u00ab\u00a0<strong>J&rsquo;ai vu \u015eahmeran\u00a0\u00bb<\/strong> (mi-serpent, mi-femme, selon la mythologie turque). Le sarcophage est ensuite retir\u00e9 des caves, transport\u00e9 dans la cour de la mosqu\u00e9e Fatih et bri\u00e8vement expos\u00e9 au public.&nbsp;<br \/>Des photographies du corps ont m\u00eame \u00e9t\u00e9 prises et distribu\u00e9es aux journaux de l&rsquo;\u00e9poque. Cependant, aucun journal de ce jour n&rsquo;a \u00e9t\u00e9 retrouv\u00e9. Selon la rumeur, la d\u00e9l\u00e9gation v\u00e9nitienne aurait dissimul\u00e9 les faits car elle appartenait \u00e0 une secte.<\/p>\n<p style=\"\"><a href=\"https:\/\/www.basilicacistern.gen.tr\/fr\/horaires-douverture-de-la-citerne-basilique\/\" style=\"outline: none;\">&gt;&gt; Apprenez-en plus sur les informations de visite de la Citerne Basilique<\/a><\/p>\n<p><a href=\"https:\/\/www.basilicacistern.gen.tr\/fr\/\" dynamic-postlink=\"tcb_post_the_permalink\" data-shortcode-id=\"83\"><\/a><\/p>\n<p style=\"padding-bottom: 0px !important; margin-bottom: 0px !important;\"><span data-attr-css=\"\" data-attr-link=\"1\" data-attr-rel=\"0\" data-attr-target=\"0\" data-extra_key=\"\" data-option-inline=\"1\" data-shortcode=\"tcb_post_categories\" data-shortcode-name=\"List of categories\" style=\"\"><\/span><\/p>\n<h2 style=\"\"><span data-attr-css=\"\" data-attr-link=\"1\" data-attr-rel=\"0\" data-attr-static-link=\"{&quot;className&quot;:&quot;&quot;,&quot;href&quot;:&quot;https:\/\/www.basilicacistern.gen.tr\/fr\/&quot;,&quot;title&quot;:&quot;Citerne Basilique : Comparez Billets et Visites (2026)&quot;,&quot;class&quot;:&quot;&quot;}\" data-attr-target=\"0\" data-extra_key=\"\" data-option-inline=\"1\" data-shortcode=\"tcb_post_title\" data-shortcode-name=\"Post title\" style=\"\"><a href=\"https:\/\/www.basilicacistern.gen.tr\/fr\/\" title=\"Citerne Basilique : Comparez Billets et Visites (2026)\" data-css=\"\">Citerne Basilique : Comparez Billets et Visites (2026)<\/a><\/span><\/h2>\n<p><a href=\"https:\/\/www.basilicacistern.gen.tr\/fr\/a-propos-de-la-citerne-basilique\/\" dynamic-postlink=\"tcb_post_the_permalink\" data-shortcode-id=\"83\"><\/a><\/p>\n<p style=\"padding-bottom: 0px !important; margin-bottom: 0px !important;\"><span data-attr-css=\"\" data-attr-link=\"1\" data-attr-rel=\"0\" data-attr-target=\"0\" data-extra_key=\"\" data-option-inline=\"1\" data-shortcode=\"tcb_post_categories\" data-shortcode-name=\"List of categories\" style=\"\"><\/span><\/p>\n<h2 style=\"\"><span data-attr-css=\"\" data-attr-link=\"1\" data-attr-rel=\"0\" data-attr-static-link=\"{&quot;className&quot;:&quot;&quot;,&quot;href&quot;:&quot;https:\/\/www.basilicacistern.gen.tr\/fr\/&quot;,&quot;title&quot;:&quot;Citerne Basilique : Comparez Billets et Visites (2026)&quot;,&quot;class&quot;:&quot;&quot;}\" data-attr-target=\"0\" data-extra_key=\"\" data-option-inline=\"1\" data-shortcode=\"tcb_post_title\" data-shortcode-name=\"Post title\" style=\"\"><a href=\"https:\/\/www.basilicacistern.gen.tr\/fr\/a-propos-de-la-citerne-basilique\/\" title=\"\u00c0 propos de la Citerne Basilique \u00e0 Istanbul\" data-css=\"\">\u00c0 propos de la Citerne Basilique \u00e0 Istanbul<\/a><\/span><\/h2>\n","protected":false},"excerpt":{"rendered":"<p>Histoire de la Citerne Basilique HISTOIRE \/ ARCHITECTURE Histoire de la Citerne Basilique : Construction Le mus\u00e9e de la Citerne Basilique (Yerebatan Saray\u0131) est un atout culturel majeur d&rsquo;Istanbul, illustrant la riche histoire de la ville.&nbsp; Construite par l&#8217;empereur romain d&rsquo;Orient Justinien Ier (527-565), &nbsp;cette immense citerne souterraine est la plus grande citerne couverte de [&hellip;]<\/p>\n","protected":false},"author":5,"featured_media":4008,"parent":0,"menu_order":0,"comment_status":"closed","ping_status":"closed","template":"","meta":{"footnotes":""},"class_list":["post-4007","page","type-page","status-publish","has-post-thumbnail","hentry","post-wrapper","thrv_wrapper"],"wp-worthy-pixel":{"ignored":false,"public":null,"server":null,"url":null},"wp-worthy-type":"normal","_links":{"self":[{"href":"https:\/\/www.basilicacistern.gen.tr\/fr\/wp-json\/wp\/v2\/pages\/4007","targetHints":{"allow":["GET"]}}],"collection":[{"href":"https:\/\/www.basilicacistern.gen.tr\/fr\/wp-json\/wp\/v2\/pages"}],"about":[{"href":"https:\/\/www.basilicacistern.gen.tr\/fr\/wp-json\/wp\/v2\/types\/page"}],"author":[{"embeddable":true,"href":"https:\/\/www.basilicacistern.gen.tr\/fr\/wp-json\/wp\/v2\/users\/5"}],"replies":[{"embeddable":true,"href":"https:\/\/www.basilicacistern.gen.tr\/fr\/wp-json\/wp\/v2\/comments?post=4007"}],"version-history":[{"count":8,"href":"https:\/\/www.basilicacistern.gen.tr\/fr\/wp-json\/wp\/v2\/pages\/4007\/revisions"}],"predecessor-version":[{"id":5332,"href":"https:\/\/www.basilicacistern.gen.tr\/fr\/wp-json\/wp\/v2\/pages\/4007\/revisions\/5332"}],"wp:featuredmedia":[{"embeddable":true,"href":"https:\/\/www.basilicacistern.gen.tr\/fr\/wp-json\/wp\/v2\/media\/4008"}],"wp:attachment":[{"href":"https:\/\/www.basilicacistern.gen.tr\/fr\/wp-json\/wp\/v2\/media?parent=4007"}],"curies":[{"name":"wp","href":"https:\/\/api.w.org\/{rel}","templated":true}]}}