{"id":4015,"date":"2023-10-03T12:08:45","date_gmt":"2023-10-03T12:08:45","guid":{"rendered":"https:\/\/www.basilicacistern.gen.tr\/inside\/"},"modified":"2026-04-06T11:49:37","modified_gmt":"2026-04-06T11:49:37","slug":"interieur","status":"publish","type":"page","link":"https:\/\/www.basilicacistern.gen.tr\/fr\/interieur\/","title":{"rendered":"Int\u00e9rieur de la Citerne Basilique \u00e0 Istanbul"},"content":{"rendered":"<h1 style=\"text-align: left;\">\u00c0 l&rsquo;int\u00e9rieur de la Citerne Basilique<\/h1>\n<p><span><img decoding=\"async\" alt=\"Colonnes de la Citerne Basilique\" data-id=\"1609\" width=\"585\" data-init-width=\"1890\" height=\"439\" data-init-height=\"1417\" src=\"https:\/\/www.basilicacistern.gen.tr\/wp-content\/uploads\/2023\/10\/columns.jpg\" data-width=\"585\" data-height=\"439\" loading=\"lazy\" style=\"aspect-ratio: auto 1890 \/ 1417;\" data- title=\"\"><\/span><\/p>\n<h2><b>336 colonnes<\/b><\/h2>\n<p style=\"\">La citerne de la basilique est soutenue par <strong>336 colonnes<\/strong> int\u00e9rieures <strong>,<\/strong> chacune haute de 9 m\u00e8tres. Ces colonnes sont en marbre blanc et orn\u00e9es de <strong>reliefs repr\u00e9sentant des t\u00eates de M\u00e9duse et d&rsquo;autres figures mythologiques.<\/strong><\/p>\n<p><span style=\"\"><img decoding=\"async\" alt=\"Sculptures contemporaines\" data-id=\"2384\" width=\"585\" data-init-width=\"1890\" height=\"439\" data-init-height=\"1417\" src=\"https:\/\/www.basilicacistern.gen.tr\/wp-content\/uploads\/2023\/10\/sculptires.jpg\" data-width=\"585\" data-height=\"439\" ml-d=\"0\" mt-d=\"0\" mt-t=\"0\" ml-t=\"0\" loading=\"lazy\" style=\"aspect-ratio: auto 1890 \/ 1417;\" data- title=\"\"><\/span><\/p>\n<h2 style=\"text-align: left;\"><strong><b>Sculptures contemporaines<\/b><\/strong><\/h2>\n<p><strong>Des sculptures modernes ont r\u00e9cemment \u00e9t\u00e9 install\u00e9es \u00e0 l&rsquo;int\u00e9rieur<\/strong> &nbsp;de la Citerne Basilique. Ces sculptures ont \u00e9t\u00e9 ajout\u00e9es pour raviver l&rsquo;atmosph\u00e8re.&nbsp; <strong>R\u00e9alis\u00e9es par des artistes turcs et \u00e9trangers, elles pr\u00e9sentent une grande vari\u00e9t\u00e9 de styles et de sujets.<\/strong><\/p>\n<p><span><img decoding=\"async\" alt=\"La colonne des larmes dans la citerne basilique\" data-id=\"1608\" width=\"585\" data-init-width=\"1890\" height=\"439\" data-init-height=\"1417\" src=\"https:\/\/www.basilicacistern.gen.tr\/wp-content\/uploads\/2023\/10\/columns-of-tears.jpg\" data-width=\"585\" data-height=\"439\" loading=\"lazy\" style=\"aspect-ratio: auto 1890 \/ 1417;\" data- title=\"\"><\/span><\/p>\n<h2 style=\"text-align: left;\"><strong><b>La colonne des larmes<span lang=\"TR\"><\/span><\/b><\/strong><\/h2>\n<p>Situ\u00e9e \u00e0 l&rsquo;angle nord-ouest de la citerne, elle pourrait pleurer. \u00c0 partir du XVIe si\u00e8cle, <strong>les esclaves pleuraient dans l&rsquo;<\/strong> espace sombre et humide qui menait \u00e0 la colonne <strong>pour ceux qui mouraient pendant la construction.<\/strong> Bien qu&rsquo;il n&rsquo;existe aucune preuve scientifique, la colonne reste une <strong>attraction touristique c\u00e9l\u00e8bre,<\/strong> car beaucoup pensent qu&rsquo;elle pleure des larmes.<\/p>\n<p><span><img decoding=\"async\" alt=\"Les t\u00eates de M\u00e9duse\" data-id=\"2385\" width=\"585\" data-init-width=\"1890\" height=\"439\" data-init-height=\"1417\" src=\"https:\/\/www.basilicacistern.gen.tr\/wp-content\/uploads\/2023\/10\/Medusa-head-inside.jpg\" data-width=\"585\" data-height=\"439\" loading=\"lazy\" style=\"aspect-ratio: auto 1890 \/ 1417;\" data- title=\"\"><\/span><\/p>\n<h2 style=\"text-align: left;\"><strong><b>Les t\u00eates de M\u00e9duse<\/b><\/strong><\/h2>\n<p>Le bas de deux des colonnes de la citerne a \u00e9t\u00e9 sculpt\u00e9 pour ressembler \u00e0 des t\u00eates de M\u00e9duses. On pense g\u00e9n\u00e9ralement que ces cr\u00e2nes \u00e9taient autrefois utilis\u00e9s comme <strong>armes apotropa\u00efques pour \u00e9loigner les mauvais esprits<\/strong> . Ces deux \u00e9tranges t\u00eates se trouvent du c\u00f4t\u00e9 nord-nord-ouest de la citerne.<\/p>\n<p><span><img decoding=\"async\" alt=\"Les R\u00e9flexions\" data-id=\"2386\" width=\"585\" data-init-width=\"1000\" height=\"418\" data-init-height=\"715\" src=\"https:\/\/www.basilicacistern.gen.tr\/wp-content\/uploads\/2023\/10\/reflection.jpg\" data-width=\"585\" data-height=\"418\" loading=\"lazy\" style=\"aspect-ratio: auto 1000 \/ 715;\" data- title=\"\"><\/span><\/p>\n<h2 style=\"text-align: left;\"><strong><b>Les R\u00e9flexions<\/b><\/strong><\/h2>\n<p>L&rsquo;eau de la citerne est calme, ce qui cr\u00e9e <strong>de magnifiques reflets<\/strong> sur le plafond et les colonnes. C&rsquo;est l&rsquo;un des <strong>\u00e9l\u00e9ments qui attirent le plus l&rsquo;attention des visiteurs<\/strong> &nbsp;de la Citerne Basilique.<\/p>\n<p><span style=\"\"><img decoding=\"async\" alt=\"Les fant\u00f4mes\" data-id=\"2387\" width=\"585\" data-init-width=\"1890\" height=\"439\" data-init-height=\"1417\" src=\"https:\/\/www.basilicacistern.gen.tr\/wp-content\/uploads\/2023\/10\/the-ghost.jpg\" data-width=\"585\" data-height=\"439\" mt-d=\"-21.937999999999988\" ml-d=\"0\" mt-t=\"-12.015000000000015\" ml-t=\"0\" loading=\"lazy\" style=\"aspect-ratio: auto 1890 \/ 1417;\" data- title=\"\"><\/span><\/p>\n<h2 style=\"text-align: left;\"><strong><b>Les fant\u00f4mes<\/b><\/strong><\/h2>\n<p>Selon une l\u00e9gende urbaine locale, la citerne serait <strong>hant\u00e9e par les fant\u00f4mes de deux t\u00eates de M\u00e9duse.<\/strong> Malgr\u00e9 le fait qu&rsquo;elle soit largement accept\u00e9e, cette <strong>l\u00e9gende urbaine n&rsquo;est \u00e9tay\u00e9e par aucune preuve.<\/strong><\/p>\n<p><a href=\"https:\/\/www.basilicacistern.gen.tr\/fr\/comment-aller-a-la-citerne-basilique\/\" dynamic-postlink=\"tcb_post_the_permalink\" data-shortcode-id=\"605\"><\/a><\/p>\n<p style=\"padding-bottom: 0px !important; margin-bottom: 0px !important;\"><strong>LEARN MORE<\/strong><\/p>\n<h2 style=\"\"><span data-attr-css=\"\" data-attr-link=\"1\" data-attr-rel=\"0\" data-attr-static-link=\"{&quot;className&quot;:&quot;&quot;,&quot;href&quot;:&quot;https:\/\/www.basilicacistern.gen.tr\/fr\/comment-aller-a-la-citerne-basilique\/&quot;,&quot;title&quot;:&quot;Comment aller \u00e0 la Citerne Basilique \u00e0 Istanbul&quot;,&quot;class&quot;:&quot;&quot;}\" data-attr-target=\"0\" data-extra_key=\"\" data-option-inline=\"1\" data-shortcode=\"tcb_post_title\" data-shortcode-name=\"Post title\" style=\"\"><a href=\"https:\/\/www.basilicacistern.gen.tr\/fr\/comment-aller-a-la-citerne-basilique\/\" title=\"Comment aller \u00e0 la Citerne Basilique \u00e0 Istanbul\" data-css=\"\">Comment aller \u00e0 la Citerne Basilique \u00e0 Istanbul<\/a><\/span><\/h2>\n<p><a href=\"https:\/\/www.basilicacistern.gen.tr\/fr\/\" dynamic-postlink=\"tcb_post_the_permalink\" data-shortcode-id=\"605\"><\/a><\/p>\n<p style=\"padding-bottom: 0px !important; margin-bottom: 0px !important;\"><strong>LEARN MORE<\/strong><\/p>\n<h2 style=\"\"><span data-attr-css=\"\" data-attr-link=\"1\" data-attr-rel=\"0\" data-attr-static-link=\"{&quot;className&quot;:&quot;&quot;,&quot;href&quot;:&quot;https:\/\/www.basilicacistern.gen.tr\/fr\/comment-aller-a-la-citerne-basilique\/&quot;,&quot;title&quot;:&quot;Comment aller \u00e0 la Citerne Basilique \u00e0 Istanbul&quot;,&quot;class&quot;:&quot;&quot;}\" data-attr-target=\"0\" data-extra_key=\"\" data-option-inline=\"1\" data-shortcode=\"tcb_post_title\" data-shortcode-name=\"Post title\" style=\"\"><a href=\"https:\/\/www.basilicacistern.gen.tr\/fr\/\" title=\"Citerne Basilique : Comparez Billets et Visites (2026)\" data-css=\"\">Citerne Basilique : Comparez Billets et Visites (2026)<\/a><\/span><\/h2>\n<p style=\"\">\u00c9COUTE<\/p>\n<h3 style=\"\" data-tcb_hover_state_parent=\"\"><a href=\"https:\/\/cosmic-tickets-audios.com\/tour\/basilica-cistern\" target=\"_blank\" rel=\"nofollow noopener\" style=\"outline: none;\" data-tcb_hover_state_parent=\"\">Audioguide pour la Citerne Basilique<\/a><\/h3>\n<p style=\"\"><a href=\"https:\/\/cosmic-tickets-audios.com\/tour\/basilica-cistern\" target=\"_blank\" rel=\"nofollow noopener\" style=\"outline: none;\">\u00c9coutez votre audioguide et d\u00e9couvrez l\u2019histoire de la Citerne Basilique depuis chez vous.<\/a><\/p>\n<p>__CONFIG_colors_palette__{\u00ab\u00a0active_palette\u00a0\u00bb:0,\u00a0\u00bbconfig\u00a0\u00bb:{\u00ab\u00a0colors\u00a0\u00bb:{\u00ab\u00a047781\u00a0\u00bb:{\u00ab\u00a0name\u00a0\u00bb:\u00a0\u00bbMain Accent\u00a0\u00bb,\u00a0\u00bbparent\u00a0\u00bb:-1}},\u00a0\u00bbgradients\u00a0\u00bb:[]},\u00a0\u00bbpalettes\u00a0\u00bb:[{\u00ab\u00a0name\u00a0\u00bb:\u00a0\u00bbDefault Palette\u00a0\u00bb,\u00a0\u00bbvalue\u00a0\u00bb:{\u00ab\u00a0colors\u00a0\u00bb:{\u00ab\u00a047781\u00a0\u00bb:{\u00ab\u00a0val\u00a0\u00bb:\u00a0\u00bbvar(eb63e)\u00a0\u00bb}},\u00a0\u00bbgradients\u00a0\u00bb:[]},\u00a0\u00bboriginal\u00a0\u00bb:{\u00ab\u00a0colors\u00a0\u00bb:{\u00ab\u00a047781\u00a0\u00bb:{\u00ab\u00a0val\u00a0\u00bb:\u00a0\u00bbrgb(19, 114, 211)\u00a0\u00bb,\u00a0\u00bbhsl\u00a0\u00bb:{\u00ab\u00a0h\u00a0\u00bb:210,\u00a0\u00bbs\u00a0\u00bb:0.83,\u00a0\u00bbl\u00a0\u00bb:0.45,\u00a0\u00bba\u00a0\u00bb:1}}},\u00a0\u00bbgradients\u00a0\u00bb:[]}}]}__CONFIG_colors_palette__ <a href=\"https:\/\/cosmic-tickets-audios.com\/tour\/basilica-cistern\" style=\"\" target=\"_blank\" rel=\"nofollow noopener\"><span>  <\/span> <span style=\"\"><span style=\"\" data-tcb_hover_state_parent=\"\"><strong>Consultez l\u2019audioguide officiel de la Citerne Basilique<\/strong><\/span><\/span> <\/a>   <span>Ins\u00e9rer un mod\u00e8le de contenu ou un symbole<\/span><\/p>\n","protected":false},"excerpt":{"rendered":"<p>\u00c0 l&rsquo;int\u00e9rieur de la Citerne Basilique 336 colonnes La citerne de la basilique est soutenue par 336 colonnes int\u00e9rieures , chacune haute de 9 m\u00e8tres. Ces colonnes sont en marbre blanc et orn\u00e9es de reliefs repr\u00e9sentant des t\u00eates de M\u00e9duse et d&rsquo;autres figures mythologiques. Sculptures contemporaines Des sculptures modernes ont r\u00e9cemment \u00e9t\u00e9 install\u00e9es \u00e0 l&rsquo;int\u00e9rieur [&hellip;]<\/p>\n","protected":false},"author":5,"featured_media":4016,"parent":0,"menu_order":0,"comment_status":"closed","ping_status":"closed","template":"","meta":{"footnotes":""},"class_list":["post-4015","page","type-page","status-publish","has-post-thumbnail","hentry","post-wrapper","thrv_wrapper"],"wp-worthy-pixel":{"ignored":false,"public":null,"server":null,"url":null},"wp-worthy-type":"normal","_links":{"self":[{"href":"https:\/\/www.basilicacistern.gen.tr\/fr\/wp-json\/wp\/v2\/pages\/4015","targetHints":{"allow":["GET"]}}],"collection":[{"href":"https:\/\/www.basilicacistern.gen.tr\/fr\/wp-json\/wp\/v2\/pages"}],"about":[{"href":"https:\/\/www.basilicacistern.gen.tr\/fr\/wp-json\/wp\/v2\/types\/page"}],"author":[{"embeddable":true,"href":"https:\/\/www.basilicacistern.gen.tr\/fr\/wp-json\/wp\/v2\/users\/5"}],"replies":[{"embeddable":true,"href":"https:\/\/www.basilicacistern.gen.tr\/fr\/wp-json\/wp\/v2\/comments?post=4015"}],"version-history":[{"count":6,"href":"https:\/\/www.basilicacistern.gen.tr\/fr\/wp-json\/wp\/v2\/pages\/4015\/revisions"}],"predecessor-version":[{"id":5333,"href":"https:\/\/www.basilicacistern.gen.tr\/fr\/wp-json\/wp\/v2\/pages\/4015\/revisions\/5333"}],"wp:featuredmedia":[{"embeddable":true,"href":"https:\/\/www.basilicacistern.gen.tr\/fr\/wp-json\/wp\/v2\/media\/4016"}],"wp:attachment":[{"href":"https:\/\/www.basilicacistern.gen.tr\/fr\/wp-json\/wp\/v2\/media?parent=4015"}],"curies":[{"name":"wp","href":"https:\/\/api.w.org\/{rel}","templated":true}]}}