{"id":4081,"date":"2025-06-17T07:06:41","date_gmt":"2025-06-17T07:06:41","guid":{"rendered":"https:\/\/www.basilicacistern.gen.tr\/basilica-cistern-skip-the-line-tickets\/"},"modified":"2025-08-08T13:28:18","modified_gmt":"2025-08-08T13:28:18","slug":"basilica-cisterna-biglietti-online","status":"publish","type":"page","link":"https:\/\/www.basilicacistern.gen.tr\/it\/basilica-cisterna-biglietti-online\/","title":{"rendered":"Basilica Cisterna Biglietti Online con accesso rapido e audioguida"},"content":{"rendered":"<p><span><img decoding=\"async\" alt=\"\" data-id=\"3461\" width=\"2048\" height=\"1136\" title=\"Biglietti per la Cisterna Basilica con ingresso prioritario e audioguida\" src=\"https:\/\/www.basilicacistern.gen.tr\/wp-content\/uploads\/2024\/09\/Basilica-Cistern-Tickets-with-Fast-Track-Entry-Audio-Guide-1024x568.png\" data-src=\"https:\/\/www.basilicacistern.gen.tr\/wp-content\/uploads\/2024\/09\/Basilica-Cistern-Tickets-with-Fast-Track-Entry-Audio-Guide-300x166.png\" loading=\"lazy\" data-sizes=\"{&quot;thumbnail&quot;:{&quot;url&quot;:&quot;https:\/\/www.basilicacistern.gen.tr\/wp-content\/uploads\/2024\/09\/Basilica-Cistern-Tickets-with-Fast-Track-Entry-Audio-Guide-150x150.png&quot;,&quot;height&quot;:150,&quot;width&quot;:150,&quot;orientation&quot;:&quot;landscape&quot;},&quot;medium&quot;:{&quot;url&quot;:&quot;https:\/\/www.basilicacistern.gen.tr\/wp-content\/uploads\/2024\/09\/Basilica-Cistern-Tickets-with-Fast-Track-Entry-Audio-Guide-300x166.png&quot;,&quot;height&quot;:166,&quot;width&quot;:300,&quot;orientation&quot;:&quot;landscape&quot;},&quot;large&quot;:{&quot;url&quot;:&quot;https:\/\/www.basilicacistern.gen.tr\/wp-content\/uploads\/2024\/09\/Basilica-Cistern-Tickets-with-Fast-Track-Entry-Audio-Guide-1024x568.png&quot;,&quot;height&quot;:568,&quot;width&quot;:1024,&quot;orientation&quot;:&quot;landscape&quot;},&quot;full&quot;:{&quot;url&quot;:&quot;https:\/\/www.basilicacistern.gen.tr\/wp-content\/uploads\/2024\/09\/Basilica-Cistern-Tickets-with-Fast-Track-Entry-Audio-Guide.png&quot;,&quot;height&quot;:1136,&quot;width&quot;:2048,&quot;orientation&quot;:&quot;landscape&quot;},&quot;1536x1536&quot;:{&quot;url&quot;:&quot;https:\/\/www.basilicacistern.gen.tr\/wp-content\/uploads\/2024\/09\/Basilica-Cistern-Tickets-with-Fast-Track-Entry-Audio-Guide-1536x852.png&quot;,&quot;height&quot;:852,&quot;width&quot;:1536,&quot;orientation&quot;:&quot;landscape&quot;},&quot;2048x2048&quot;:{&quot;url&quot;:&quot;https:\/\/www.basilicacistern.gen.tr\/wp-content\/uploads\/2024\/09\/Basilica-Cistern-Tickets-with-Fast-Track-Entry-Audio-Guide-2048x1136.png&quot;,&quot;height&quot;:1136,&quot;width&quot;:2048,&quot;orientation&quot;:&quot;landscape&quot;}}\"><\/span><span><img decoding=\"async\" alt=\"\" data-id=\"3849\" width=\"800\" height=\"452\" title=\"Biglietti per la Cisterna Basilica con ingresso prioritario e audioguida ota2\" src=\"https:\/\/www.basilicacistern.gen.tr\/wp-content\/uploads\/2025\/06\/Basilica-Cistern-Tickets-with-Fast-Track-Entry-Audio-Guide-ota2.webp\" data-src=\"https:\/\/www.basilicacistern.gen.tr\/wp-content\/uploads\/2025\/06\/Basilica-Cistern-Tickets-with-Fast-Track-Entry-Audio-Guide-ota2-300x170.webp\" loading=\"lazy\" data-sizes=\"{&quot;thumbnail&quot;:{&quot;url&quot;:&quot;https:\/\/www.basilicacistern.gen.tr\/wp-content\/uploads\/2025\/06\/Basilica-Cistern-Tickets-with-Fast-Track-Entry-Audio-Guide-ota2-150x150.webp&quot;,&quot;height&quot;:150,&quot;width&quot;:150,&quot;orientation&quot;:&quot;landscape&quot;},&quot;medium&quot;:{&quot;url&quot;:&quot;https:\/\/www.basilicacistern.gen.tr\/wp-content\/uploads\/2025\/06\/Basilica-Cistern-Tickets-with-Fast-Track-Entry-Audio-Guide-ota2-300x170.webp&quot;,&quot;height&quot;:170,&quot;width&quot;:300,&quot;orientation&quot;:&quot;landscape&quot;},&quot;full&quot;:{&quot;url&quot;:&quot;https:\/\/www.basilicacistern.gen.tr\/wp-content\/uploads\/2025\/06\/Basilica-Cistern-Tickets-with-Fast-Track-Entry-Audio-Guide-ota2.webp&quot;,&quot;height&quot;:452,&quot;width&quot;:800,&quot;orientation&quot;:&quot;landscape&quot;}}\"><\/span><span><img decoding=\"async\" alt=\"\" data-id=\"3463\" width=\"2048\" height=\"1130\" title=\"Biglietti per la Cisterna Basilica con ingresso prioritario e audioguida 1\" src=\"https:\/\/www.basilicacistern.gen.tr\/wp-content\/uploads\/2024\/09\/Basilica-Cistern-Tickets-with-Fast-Track-Entry-Audio-Guide-1-1024x565.png\" data-src=\"https:\/\/www.basilicacistern.gen.tr\/wp-content\/uploads\/2024\/09\/Basilica-Cistern-Tickets-with-Fast-Track-Entry-Audio-Guide-1-300x166.png\" loading=\"lazy\" data-sizes=\"{&quot;thumbnail&quot;:{&quot;url&quot;:&quot;https:\/\/www.basilicacistern.gen.tr\/wp-content\/uploads\/2024\/09\/Basilica-Cistern-Tickets-with-Fast-Track-Entry-Audio-Guide-1-150x150.png&quot;,&quot;height&quot;:150,&quot;width&quot;:150,&quot;orientation&quot;:&quot;landscape&quot;},&quot;medium&quot;:{&quot;url&quot;:&quot;https:\/\/www.basilicacistern.gen.tr\/wp-content\/uploads\/2024\/09\/Basilica-Cistern-Tickets-with-Fast-Track-Entry-Audio-Guide-1-300x166.png&quot;,&quot;height&quot;:166,&quot;width&quot;:300,&quot;orientation&quot;:&quot;landscape&quot;},&quot;large&quot;:{&quot;url&quot;:&quot;https:\/\/www.basilicacistern.gen.tr\/wp-content\/uploads\/2024\/09\/Basilica-Cistern-Tickets-with-Fast-Track-Entry-Audio-Guide-1-1024x565.png&quot;,&quot;height&quot;:565,&quot;width&quot;:1024,&quot;orientation&quot;:&quot;landscape&quot;},&quot;full&quot;:{&quot;url&quot;:&quot;https:\/\/www.basilicacistern.gen.tr\/wp-content\/uploads\/2024\/09\/Basilica-Cistern-Tickets-with-Fast-Track-Entry-Audio-Guide-1.png&quot;,&quot;height&quot;:1130,&quot;width&quot;:2048,&quot;orientation&quot;:&quot;landscape&quot;},&quot;1536x1536&quot;:{&quot;url&quot;:&quot;https:\/\/www.basilicacistern.gen.tr\/wp-content\/uploads\/2024\/09\/Basilica-Cistern-Tickets-with-Fast-Track-Entry-Audio-Guide-1-1536x848.png&quot;,&quot;height&quot;:848,&quot;width&quot;:1536,&quot;orientation&quot;:&quot;landscape&quot;},&quot;2048x2048&quot;:{&quot;url&quot;:&quot;https:\/\/www.basilicacistern.gen.tr\/wp-content\/uploads\/2024\/09\/Basilica-Cistern-Tickets-with-Fast-Track-Entry-Audio-Guide-1-2048x1130.png&quot;,&quot;height&quot;:1130,&quot;width&quot;:2048,&quot;orientation&quot;:&quot;landscape&quot;}}\"><\/span><span><img decoding=\"async\" alt=\"\" data-id=\"3465\" width=\"2048\" height=\"1147\" title=\"Biglietti per la Cisterna Basilica con ingresso prioritario e audioguida 2\" src=\"https:\/\/www.basilicacistern.gen.tr\/wp-content\/uploads\/2024\/09\/Basilica-Cistern-Tickets-with-Fast-Track-Entry-Audio-Guide-2-1024x574.png\" data-src=\"https:\/\/www.basilicacistern.gen.tr\/wp-content\/uploads\/2024\/09\/Basilica-Cistern-Tickets-with-Fast-Track-Entry-Audio-Guide-2-300x168.png\" loading=\"lazy\" data-sizes=\"{&quot;thumbnail&quot;:{&quot;url&quot;:&quot;https:\/\/www.basilicacistern.gen.tr\/wp-content\/uploads\/2024\/09\/Basilica-Cistern-Tickets-with-Fast-Track-Entry-Audio-Guide-2-150x150.png&quot;,&quot;height&quot;:150,&quot;width&quot;:150,&quot;orientation&quot;:&quot;landscape&quot;},&quot;medium&quot;:{&quot;url&quot;:&quot;https:\/\/www.basilicacistern.gen.tr\/wp-content\/uploads\/2024\/09\/Basilica-Cistern-Tickets-with-Fast-Track-Entry-Audio-Guide-2-300x168.png&quot;,&quot;height&quot;:168,&quot;width&quot;:300,&quot;orientation&quot;:&quot;landscape&quot;},&quot;large&quot;:{&quot;url&quot;:&quot;https:\/\/www.basilicacistern.gen.tr\/wp-content\/uploads\/2024\/09\/Basilica-Cistern-Tickets-with-Fast-Track-Entry-Audio-Guide-2-1024x574.png&quot;,&quot;height&quot;:574,&quot;width&quot;:1024,&quot;orientation&quot;:&quot;landscape&quot;},&quot;full&quot;:{&quot;url&quot;:&quot;https:\/\/www.basilicacistern.gen.tr\/wp-content\/uploads\/2024\/09\/Basilica-Cistern-Tickets-with-Fast-Track-Entry-Audio-Guide-2.png&quot;,&quot;height&quot;:1147,&quot;width&quot;:2048,&quot;orientation&quot;:&quot;landscape&quot;},&quot;1536x1536&quot;:{&quot;url&quot;:&quot;https:\/\/www.basilicacistern.gen.tr\/wp-content\/uploads\/2024\/09\/Basilica-Cistern-Tickets-with-Fast-Track-Entry-Audio-Guide-2-1536x860.png&quot;,&quot;height&quot;:860,&quot;width&quot;:1536,&quot;orientation&quot;:&quot;landscape&quot;},&quot;2048x2048&quot;:{&quot;url&quot;:&quot;https:\/\/www.basilicacistern.gen.tr\/wp-content\/uploads\/2024\/09\/Basilica-Cistern-Tickets-with-Fast-Track-Entry-Audio-Guide-2-2048x1147.png&quot;,&quot;height&quot;:1147,&quot;width&quot;:2048,&quot;orientation&quot;:&quot;landscape&quot;}}\"><\/span><span><img decoding=\"async\" alt=\"\" data-id=\"3467\" width=\"2048\" height=\"1178\" title=\"Biglietti per la Cisterna Basilica con ingresso prioritario e audioguida 3\" src=\"https:\/\/www.basilicacistern.gen.tr\/wp-content\/uploads\/2024\/09\/Basilica-Cistern-Tickets-with-Fast-Track-Entry-Audio-Guide-3-1024x589.png\" data-src=\"https:\/\/www.basilicacistern.gen.tr\/wp-content\/uploads\/2024\/09\/Basilica-Cistern-Tickets-with-Fast-Track-Entry-Audio-Guide-3-300x173.png\" loading=\"lazy\" data-sizes=\"{&quot;thumbnail&quot;:{&quot;url&quot;:&quot;https:\/\/www.basilicacistern.gen.tr\/wp-content\/uploads\/2024\/09\/Basilica-Cistern-Tickets-with-Fast-Track-Entry-Audio-Guide-3-150x150.png&quot;,&quot;height&quot;:150,&quot;width&quot;:150,&quot;orientation&quot;:&quot;landscape&quot;},&quot;medium&quot;:{&quot;url&quot;:&quot;https:\/\/www.basilicacistern.gen.tr\/wp-content\/uploads\/2024\/09\/Basilica-Cistern-Tickets-with-Fast-Track-Entry-Audio-Guide-3-300x173.png&quot;,&quot;height&quot;:173,&quot;width&quot;:300,&quot;orientation&quot;:&quot;landscape&quot;},&quot;large&quot;:{&quot;url&quot;:&quot;https:\/\/www.basilicacistern.gen.tr\/wp-content\/uploads\/2024\/09\/Basilica-Cistern-Tickets-with-Fast-Track-Entry-Audio-Guide-3-1024x589.png&quot;,&quot;height&quot;:589,&quot;width&quot;:1024,&quot;orientation&quot;:&quot;landscape&quot;},&quot;full&quot;:{&quot;url&quot;:&quot;https:\/\/www.basilicacistern.gen.tr\/wp-content\/uploads\/2024\/09\/Basilica-Cistern-Tickets-with-Fast-Track-Entry-Audio-Guide-3.png&quot;,&quot;height&quot;:1178,&quot;width&quot;:2048,&quot;orientation&quot;:&quot;landscape&quot;},&quot;1536x1536&quot;:{&quot;url&quot;:&quot;https:\/\/www.basilicacistern.gen.tr\/wp-content\/uploads\/2024\/09\/Basilica-Cistern-Tickets-with-Fast-Track-Entry-Audio-Guide-3-1536x884.png&quot;,&quot;height&quot;:884,&quot;width&quot;:1536,&quot;orientation&quot;:&quot;landscape&quot;},&quot;2048x2048&quot;:{&quot;url&quot;:&quot;https:\/\/www.basilicacistern.gen.tr\/wp-content\/uploads\/2024\/09\/Basilica-Cistern-Tickets-with-Fast-Track-Entry-Audio-Guide-3-2048x1178.png&quot;,&quot;height&quot;:1178,&quot;width&quot;:2048,&quot;orientation&quot;:&quot;landscape&quot;}}\"><\/span><span><img decoding=\"async\" alt=\"\" data-id=\"3469\" width=\"2048\" height=\"1144\" title=\"Biglietti per la Cisterna Basilica con ingresso prioritario e audioguida 4\" src=\"https:\/\/www.basilicacistern.gen.tr\/wp-content\/uploads\/2024\/09\/Basilica-Cistern-Tickets-with-Fast-Track-Entry-Audio-Guide-4-1024x572.png\" data-src=\"https:\/\/www.basilicacistern.gen.tr\/wp-content\/uploads\/2024\/09\/Basilica-Cistern-Tickets-with-Fast-Track-Entry-Audio-Guide-4-300x168.png\" loading=\"lazy\" data-sizes=\"{&quot;thumbnail&quot;:{&quot;url&quot;:&quot;https:\/\/www.basilicacistern.gen.tr\/wp-content\/uploads\/2024\/09\/Basilica-Cistern-Tickets-with-Fast-Track-Entry-Audio-Guide-4-150x150.png&quot;,&quot;height&quot;:150,&quot;width&quot;:150,&quot;orientation&quot;:&quot;landscape&quot;},&quot;medium&quot;:{&quot;url&quot;:&quot;https:\/\/www.basilicacistern.gen.tr\/wp-content\/uploads\/2024\/09\/Basilica-Cistern-Tickets-with-Fast-Track-Entry-Audio-Guide-4-300x168.png&quot;,&quot;height&quot;:168,&quot;width&quot;:300,&quot;orientation&quot;:&quot;landscape&quot;},&quot;large&quot;:{&quot;url&quot;:&quot;https:\/\/www.basilicacistern.gen.tr\/wp-content\/uploads\/2024\/09\/Basilica-Cistern-Tickets-with-Fast-Track-Entry-Audio-Guide-4-1024x572.png&quot;,&quot;height&quot;:572,&quot;width&quot;:1024,&quot;orientation&quot;:&quot;landscape&quot;},&quot;full&quot;:{&quot;url&quot;:&quot;https:\/\/www.basilicacistern.gen.tr\/wp-content\/uploads\/2024\/09\/Basilica-Cistern-Tickets-with-Fast-Track-Entry-Audio-Guide-4.png&quot;,&quot;height&quot;:1144,&quot;width&quot;:2048,&quot;orientation&quot;:&quot;landscape&quot;},&quot;1536x1536&quot;:{&quot;url&quot;:&quot;https:\/\/www.basilicacistern.gen.tr\/wp-content\/uploads\/2024\/09\/Basilica-Cistern-Tickets-with-Fast-Track-Entry-Audio-Guide-4-1536x858.png&quot;,&quot;height&quot;:858,&quot;width&quot;:1536,&quot;orientation&quot;:&quot;landscape&quot;},&quot;2048x2048&quot;:{&quot;url&quot;:&quot;https:\/\/www.basilicacistern.gen.tr\/wp-content\/uploads\/2024\/09\/Basilica-Cistern-Tickets-with-Fast-Track-Entry-Audio-Guide-4-2048x1144.png&quot;,&quot;height&quot;:1144,&quot;width&quot;:2048,&quot;orientation&quot;:&quot;landscape&quot;}}\"><\/span><\/p>\n<h1 dir=\"ltr\">Biglietti per la Cisterna Basilica con ingresso prioritario e audioguida<\/h1>\n<h2><a href=\"https:\/\/megapass.com\/tours-tickets\/basilica-cistern-skip-the-line-ticket-and-audio-guide-i2511?discountCode=ma-places\" target=\"_blank\" rel=\"nofollow noopener\" style=\"outline: none;\">Per prenotare<\/a><\/h2>\n<h1><a href=\"https:\/\/megapass.com\/tours-tickets\/basilica-cistern-skip-the-line-ticket-and-audio-guide-i2511?discountCode=ma-places\" target=\"_blank\" rel=\"nofollow noopener\" style=\"outline: none;\"><span style=\"font-weight: normal;\">da&nbsp;<\/span><strong>33 \u20ac<\/strong><\/a><\/h1>\n<p dir=\"ltr\"><strong data-end=\"229\" data-start=\"164\">Risparmia tempo con i tuoi basilica cisterna biglietti online<\/strong> ed esplora l&#8217;affascinante mondo sotterraneo della Cisterna Basilica con ingresso prioritario e audioguida multilingue. Approfitta della flessibilit\u00e0 di un&#8217;intera giornata e scopri il gioiello nascosto di Istanbul al tuo ritmo.<\/p>\n<ul>\n<li style=\"\"><span>Biglietto consigliato<\/span><\/li>\n<li style=\"\"><span>Biglietto mobile &nbsp;<\/span><\/li>\n<li style=\"\"><span>Corsia preferenziale<\/span><\/li>\n<li style=\"\"><span>Non rimborsabile<\/span><\/li>\n<\/ul>\n<h2>Cosa \u00e8 incluso<\/h2>\n<ul>\n<li style=\"\">                    <span>Biglietto d&#8217;ingresso alla Cisterna Basilica<\/span><\/li>\n<li><span>Salta le file per i biglietti<\/span><\/li>\n<li><span>App audioguida per smartphone (disponibile in inglese, spagnolo, tedesco, francese, italiano)<\/span><\/li>\n<\/ul>\n<h2>Cosa non \u00e8 incluso<\/h2>\n<ul>\n<li style=\"\"><span>Salta la fila per i controlli di sicurezza obbligatori<\/span><\/li>\n<li style=\"\"><span>Guida dal vivo<\/span><\/li>\n<\/ul>\n<h2>Informazioni importanti<\/h2>\n<ul>\n<li style=\"\"><span>I biglietti sono validi in qualsiasi momento durante l&#8217;orario di apertura del giorno selezionato<\/span><\/li>\n<li><span>La fila per i controlli di sicurezza non pu\u00f2 essere saltata; i tempi di attesa possono raggiungere i 15 minuti durante l&#8217;alta stagione<\/span><\/li>\n<li><span>Scarica in anticipo l&#8217;app audioguida per risparmiare tempo in loco<\/span><\/li>\n<li><span>Potrebbe essere necessaria una connessione Internet per la configurazione iniziale dell&#8217;audioguida<\/span><\/li>\n<\/ul>\n<h2>Descrizione:<\/h2>\n<p data-end=\"798\" data-start=\"507\">Entra nell\u2019antica meraviglia sotterranea della Cisterna Basilica, uno dei siti storici pi\u00f9 affascinanti di Istanbul. Grazie all\u2019<strong data-end=\"659\" data-start=\"635\">ingresso prioritario<\/strong>, potrai evitare le lunghe code alla biglietteria e immergerti direttamente in questo mondo incantato di colonne in marmo e giochi di luce.<\/p>\n<p data-end=\"1120\" data-start=\"800\">La tua visita sar\u00e0 arricchita da un\u2019audioguida multilingue che ti accompagner\u00e0 nella scoperta di storie antiche e dettagli architettonici unici. Acquistando i tuoi <strong data-end=\"1002\" data-start=\"964\">basilica cisterna biglietti online<\/strong>, potrai godere di un accesso flessibile valido tutto il giorno, perfetto per esplorare la Citt\u00e0 Vecchia senza stress.<\/p>\n<h2>Punti salienti:<\/h2>\n<ul>\n<li dir=\"ltr\">Salta le lunghe file alla biglietteria acquistando i basilica cisterna biglietti online con ingresso prioritario<\/li>\n<li dir=\"ltr\">Esplora uno dei monumenti pi\u00f9 antichi e suggestivi di Istanbul<\/li>\n<li dir=\"ltr\">Scopri i segreti delle teste di Medusa e dell&#8217;antica ingegneria romana<\/li>\n<li dir=\"ltr\">Goditi un tour autonomo con una guida audio multilingue<\/li>\n<li dir=\"ltr\">Visita in qualsiasi momento durante gli orari di apertura con accesso flessibile<\/li>\n<li dir=\"ltr\">Perfetto per i viaggiatori con poco tempo o itinerari stretti<\/li>\n<\/ul>\n<h3 dir=\"ltr\">Cisterna Basilica<\/h3>\n<p dir=\"ltr\">Alemdar, Yerebatan Cd. 1\/3, 34110 Fatih\/Istanbul<\/p>\n<h2>Politica di cancellazione<\/h2>\n<p dir=\"ltr\">I biglietti non sono rimborsabili e non possono essere modificati o annullati dopo l&#8217;acquisto.<\/p>\n<h2>Punto d&#8217;incontro e istruzioni<\/h2>\n<p dir=\"ltr\">Il biglietto ti verr\u00e0 inviato via email dopo la prenotazione. Presentalo all&#8217;ingresso prioritario della Cisterna Basilica, situata a Sultanahmet, vicino alla Basilica di Santa Sofia. Scarica l&#8217;app dell&#8217;audioguida sul tuo telefono prima della visita.<\/p>\n<p><a href=\"https:\/\/maps.app.goo.gl\/HWhqxHBGoW1fUseo7\" target=\"_blank\" rel=\"nofollow noopener\" style=\"outline: none;\" data-lt-tmp-id=\"lt-113442\" spellcheck=\"false\">Apri in Maps<\/a><\/p>\n<h2>Recensioni e valutazioni<\/h2>\n<p dir=\"ltr\"><strong>4.5\/5 (15 recensioni)<\/strong><\/p>\n<p><em>&#8220;Consigliato!!&#8221;&nbsp;<\/em> &#8211; Eric-Gabriel&nbsp; <a href=\"https:\/\/megapass.com\/tours-tickets\/basilica-cistern-skip-the-line-ticket-and-audio-guide-i2511?discountCode=ma-places\" target=\"_blank\" rel=\"nofollow noopener\" style=\"outline: none;\" data-lt-tmp-id=\"lt-205297\" spellcheck=\"false\">&gt;&gt; Vedi altre recensioni<\/a><\/p>\n<h2>Alcune attivit\u00e0 che potrebbero piacerti<\/h2>\n<p><span># <\/span><strong><span>2<\/span><\/strong><span># <\/span><strong><span>2<\/span><\/strong><span><img decoding=\"async\" alt=\"Istanbul Super Combo: Palazzo Topkapi + Santa Sofia + Cisterna Basilica Biglietti salta fila con audioguida ota\" data-id=\"3856\" width=\"159\" data-init-width=\"1600\" height=\"89\" data-init-height=\"1000\" src=\"https:\/\/www.basilicacistern.gen.tr\/wp-content\/uploads\/2025\/06\/Istanbul-Super-Combo-Topkapi-Palace-Hagia-Sophia-Basilica-Cistern-Skip-the-Line-Tickets-with-Audio-Guide-ota.avif\" data-width=\"159\" data-height=\"89\" style=\"aspect-ratio: auto 1600 \/ 1000;\" loading=\"lazy\" title=\"Istanbul Super Combo - Palazzo Topkapi + Santa Sofia + Cisterna Basilica Biglietti salta fila con audioguida ota\"><\/span><\/p>\n<table>\n<tbody>\n<tr>\n<td><a href=\"https:\/\/www.headout.com\/r\/most-amazing-placesrecommends-MIv7i\/\" target=\"_blank\" rel=\"nofollow noopener\" style=\"outline: none;\" spellcheck=\"false\">Istanbul Super Combo: Palazzo Topkapi + Santa Sofia + Cisterna Basilica, biglietti salta fila con audioguida<\/a><\/td>\n<\/tr>\n<\/tbody>\n<\/table>\n<p>Scopri il magnifico patrimonio di Istanbul con un unico biglietto &#8220;Super Combo&#8221;, che ti garantisce l&#8217;accesso salta fila e un&#8217;audioguida per lo splendido Palazzo Topkapi, la maestosa Basilica di Santa Sofia e la mistica Cisterna Basilica.<\/p>\n<h3 style=\"\">Prezzo totale<\/h3>\n<h3 style=\"\">Non ti verr\u00e0 ancora addebitato alcun importo<\/h3>\n<p><span># <\/span><strong><span>2<\/span><\/strong><span><img decoding=\"async\" alt=\"Istanbul MegaPass - Biglietti elettronici salta fila per le principali attrazioni ota\" data-id=\"3860\" width=\"159\" data-init-width=\"1302\" height=\"89\" data-init-height=\"814\" src=\"https:\/\/www.basilicacistern.gen.tr\/wp-content\/uploads\/2025\/06\/Istanbul-MegaPass-Skip-the-Line-E-Tickets-for-Top-Attractions-ota.avif\" data-width=\"159\" data-height=\"89\" style=\"aspect-ratio: auto 1302 \/ 814;\" loading=\"lazy\" title=\"Istanbul MegaPass - Biglietti elettronici salta fila per le principali attrazioni ota\"><\/span><\/p>\n<table>\n<tbody>\n<tr>\n<td><a href=\"https:\/\/www.headout.com\/r\/most-amazing-placesrecommends-MKyJm\/\" target=\"_blank\" rel=\"nofollow noopener\" style=\"outline: none;\" data-lt-tmp-id=\"lt-65350\" spellcheck=\"false\">Istanbul MegaPass: biglietti elettronici salta fila per le principali attrazioni<\/a><\/td>\n<\/tr>\n<\/tbody>\n<\/table>\n<p>Scopri la grandiosit\u00e0 di Istanbul con l&#8217;Istanbul MegaPass, il pass definitivo per biglietti elettronici salta fila per le attrazioni pi\u00f9 iconiche della citt\u00e0, tra cui la Basilica di Santa Sofia, il Palazzo Topkapi e una crociera sul Bosforo, garantendoti un&#8217;esplorazione indimenticabile e senza intoppi.<\/p>\n<h3 style=\"\">Prezzo totale<\/h3>\n<h3 style=\"\">Non ti verr\u00e0 ancora addebitato alcun importo<\/h3>\n<\/p>\n<h2><a href=\"https:\/\/megapass.com\/tours-tickets\/basilica-cistern-skip-the-line-ticket-and-audio-guide-i2511?discountCode=ma-places\" target=\"_blank\" rel=\"nofollow noopener\" style=\"outline: none;\">Per prenotare<\/a><\/h2>\n<h1><a href=\"https:\/\/megapass.com\/tours-tickets\/basilica-cistern-skip-the-line-ticket-and-audio-guide-i2511?discountCode=ma-places\" target=\"_blank\" rel=\"nofollow noopener\" style=\"outline: none;\"><span style=\"font-weight: normal;\">da&nbsp;<\/span><strong>33 \u20ac<\/strong><\/a><\/h1>\n<p style=\"\">Non ti verr\u00e0 ancora addebitato alcun importo<\/p>\n\n\n<p><\/p>\n","protected":false},"excerpt":{"rendered":"<p>Biglietti per la Cisterna Basilica con ingresso prioritario e audioguida Per prenotare da&nbsp;33 \u20ac Risparmia tempo con i tuoi basilica cisterna biglietti online ed esplora l&#8217;affascinante mondo sotterraneo della Cisterna Basilica con ingresso prioritario e audioguida multilingue. Approfitta della flessibilit\u00e0 di un&#8217;intera giornata e scopri il gioiello nascosto di Istanbul al tuo ritmo. Biglietto consigliato [&hellip;]<\/p>\n","protected":false},"author":8,"featured_media":4082,"parent":0,"menu_order":0,"comment_status":"closed","ping_status":"closed","template":"","meta":{"footnotes":""},"class_list":["post-4081","page","type-page","status-publish","has-post-thumbnail","hentry","post-wrapper","thrv_wrapper"],"wp-worthy-pixel":{"ignored":false,"public":null,"server":null,"url":null},"wp-worthy-type":"normal","_links":{"self":[{"href":"https:\/\/www.basilicacistern.gen.tr\/it\/wp-json\/wp\/v2\/pages\/4081","targetHints":{"allow":["GET"]}}],"collection":[{"href":"https:\/\/www.basilicacistern.gen.tr\/it\/wp-json\/wp\/v2\/pages"}],"about":[{"href":"https:\/\/www.basilicacistern.gen.tr\/it\/wp-json\/wp\/v2\/types\/page"}],"author":[{"embeddable":true,"href":"https:\/\/www.basilicacistern.gen.tr\/it\/wp-json\/wp\/v2\/users\/8"}],"replies":[{"embeddable":true,"href":"https:\/\/www.basilicacistern.gen.tr\/it\/wp-json\/wp\/v2\/comments?post=4081"}],"version-history":[{"count":9,"href":"https:\/\/www.basilicacistern.gen.tr\/it\/wp-json\/wp\/v2\/pages\/4081\/revisions"}],"predecessor-version":[{"id":4471,"href":"https:\/\/www.basilicacistern.gen.tr\/it\/wp-json\/wp\/v2\/pages\/4081\/revisions\/4471"}],"wp:featuredmedia":[{"embeddable":true,"href":"https:\/\/www.basilicacistern.gen.tr\/it\/wp-json\/wp\/v2\/media\/4082"}],"wp:attachment":[{"href":"https:\/\/www.basilicacistern.gen.tr\/it\/wp-json\/wp\/v2\/media?parent=4081"}],"curies":[{"name":"wp","href":"https:\/\/api.w.org\/{rel}","templated":true}]}}