{"id":4102,"date":"2025-06-17T07:54:03","date_gmt":"2025-06-17T07:54:03","guid":{"rendered":"https:\/\/www.basilicacistern.gen.tr\/blue-mosque-hagia-sophia-and-basilica-cistern-tour\/"},"modified":"2025-08-08T13:29:14","modified_gmt":"2025-08-08T13:29:14","slug":"basilica-cisterna-e-santa-sofia-tour","status":"publish","type":"page","link":"https:\/\/www.basilicacistern.gen.tr\/it\/basilica-cisterna-e-santa-sofia-tour\/","title":{"rendered":"Tour Moschea Blu, Basilica Cisterna e Santa Sofia"},"content":{"rendered":"<p><span><img decoding=\"async\" alt=\"\" data-id=\"3892\" width=\"800\" height=\"452\" title=\"Visita guidata della Moschea Blu, di Santa Sofia e della Cisterna Basilica ota\" src=\"https:\/\/www.basilicacistern.gen.tr\/wp-content\/uploads\/2025\/06\/Blue-Mosque-Hagia-Sophia-and-Basilica-Cistern-Guided-Tour-ota.webp\" data-src=\"https:\/\/www.basilicacistern.gen.tr\/wp-content\/uploads\/2025\/06\/Blue-Mosque-Hagia-Sophia-and-Basilica-Cistern-Guided-Tour-ota-300x170.webp\" loading=\"lazy\" data-sizes=\"{&quot;thumbnail&quot;:{&quot;url&quot;:&quot;https:\/\/www.basilicacistern.gen.tr\/wp-content\/uploads\/2025\/06\/Blue-Mosque-Hagia-Sophia-and-Basilica-Cistern-Guided-Tour-ota-150x150.webp&quot;,&quot;height&quot;:150,&quot;width&quot;:150,&quot;orientation&quot;:&quot;landscape&quot;},&quot;medium&quot;:{&quot;url&quot;:&quot;https:\/\/www.basilicacistern.gen.tr\/wp-content\/uploads\/2025\/06\/Blue-Mosque-Hagia-Sophia-and-Basilica-Cistern-Guided-Tour-ota-300x170.webp&quot;,&quot;height&quot;:170,&quot;width&quot;:300,&quot;orientation&quot;:&quot;landscape&quot;},&quot;full&quot;:{&quot;url&quot;:&quot;https:\/\/www.basilicacistern.gen.tr\/wp-content\/uploads\/2025\/06\/Blue-Mosque-Hagia-Sophia-and-Basilica-Cistern-Guided-Tour-ota.webp&quot;,&quot;height&quot;:452,&quot;width&quot;:800,&quot;orientation&quot;:&quot;landscape&quot;}}\"><\/span><span><img decoding=\"async\" alt=\"\" data-id=\"3465\" width=\"2048\" height=\"1147\" title=\"Biglietti per la Cisterna Basilica con ingresso prioritario e audioguida 2\" src=\"https:\/\/www.basilicacistern.gen.tr\/wp-content\/uploads\/2024\/09\/Basilica-Cistern-Tickets-with-Fast-Track-Entry-Audio-Guide-2-1024x574.png\" data-src=\"https:\/\/www.basilicacistern.gen.tr\/wp-content\/uploads\/2024\/09\/Basilica-Cistern-Tickets-with-Fast-Track-Entry-Audio-Guide-2-300x168.png\" loading=\"lazy\" data-sizes=\"{&quot;thumbnail&quot;:{&quot;url&quot;:&quot;https:\/\/www.basilicacistern.gen.tr\/wp-content\/uploads\/2024\/09\/Basilica-Cistern-Tickets-with-Fast-Track-Entry-Audio-Guide-2-150x150.png&quot;,&quot;height&quot;:150,&quot;width&quot;:150,&quot;orientation&quot;:&quot;landscape&quot;},&quot;medium&quot;:{&quot;url&quot;:&quot;https:\/\/www.basilicacistern.gen.tr\/wp-content\/uploads\/2024\/09\/Basilica-Cistern-Tickets-with-Fast-Track-Entry-Audio-Guide-2-300x168.png&quot;,&quot;height&quot;:168,&quot;width&quot;:300,&quot;orientation&quot;:&quot;landscape&quot;},&quot;large&quot;:{&quot;url&quot;:&quot;https:\/\/www.basilicacistern.gen.tr\/wp-content\/uploads\/2024\/09\/Basilica-Cistern-Tickets-with-Fast-Track-Entry-Audio-Guide-2-1024x574.png&quot;,&quot;height&quot;:574,&quot;width&quot;:1024,&quot;orientation&quot;:&quot;landscape&quot;},&quot;full&quot;:{&quot;url&quot;:&quot;https:\/\/www.basilicacistern.gen.tr\/wp-content\/uploads\/2024\/09\/Basilica-Cistern-Tickets-with-Fast-Track-Entry-Audio-Guide-2.png&quot;,&quot;height&quot;:1147,&quot;width&quot;:2048,&quot;orientation&quot;:&quot;landscape&quot;},&quot;1536x1536&quot;:{&quot;url&quot;:&quot;https:\/\/www.basilicacistern.gen.tr\/wp-content\/uploads\/2024\/09\/Basilica-Cistern-Tickets-with-Fast-Track-Entry-Audio-Guide-2-1536x860.png&quot;,&quot;height&quot;:860,&quot;width&quot;:1536,&quot;orientation&quot;:&quot;landscape&quot;},&quot;2048x2048&quot;:{&quot;url&quot;:&quot;https:\/\/www.basilicacistern.gen.tr\/wp-content\/uploads\/2024\/09\/Basilica-Cistern-Tickets-with-Fast-Track-Entry-Audio-Guide-2-2048x1147.png&quot;,&quot;height&quot;:1147,&quot;width&quot;:2048,&quot;orientation&quot;:&quot;landscape&quot;}}\"><\/span><span><img decoding=\"async\" alt=\"\" data-id=\"3889\" width=\"800\" height=\"452\" title=\"Visita guidata alla Moschea Blu, alla Basilica di Santa Sofia e alla Cisterna Basilica ota2\" src=\"https:\/\/www.basilicacistern.gen.tr\/wp-content\/uploads\/2025\/06\/Blue-Mosque-Hagia-Sophia-and-Basilica-Cistern-Guided-Tour-ota2.webp\" data-src=\"https:\/\/www.basilicacistern.gen.tr\/wp-content\/uploads\/2025\/06\/Blue-Mosque-Hagia-Sophia-and-Basilica-Cistern-Guided-Tour-ota2-300x170.webp\" loading=\"lazy\" data-sizes=\"{&quot;thumbnail&quot;:{&quot;url&quot;:&quot;https:\/\/www.basilicacistern.gen.tr\/wp-content\/uploads\/2025\/06\/Blue-Mosque-Hagia-Sophia-and-Basilica-Cistern-Guided-Tour-ota2-150x150.webp&quot;,&quot;height&quot;:150,&quot;width&quot;:150,&quot;orientation&quot;:&quot;landscape&quot;},&quot;medium&quot;:{&quot;url&quot;:&quot;https:\/\/www.basilicacistern.gen.tr\/wp-content\/uploads\/2025\/06\/Blue-Mosque-Hagia-Sophia-and-Basilica-Cistern-Guided-Tour-ota2-300x170.webp&quot;,&quot;height&quot;:170,&quot;width&quot;:300,&quot;orientation&quot;:&quot;landscape&quot;},&quot;full&quot;:{&quot;url&quot;:&quot;https:\/\/www.basilicacistern.gen.tr\/wp-content\/uploads\/2025\/06\/Blue-Mosque-Hagia-Sophia-and-Basilica-Cistern-Guided-Tour-ota2.webp&quot;,&quot;height&quot;:452,&quot;width&quot;:800,&quot;orientation&quot;:&quot;landscape&quot;}}\"><\/span><span><img decoding=\"async\" alt=\"\" data-id=\"3886\" width=\"800\" height=\"452\" title=\"Visita guidata alla Moschea Blu, alla Basilica di Santa Sofia e alla Cisterna Basilica ota3\" src=\"https:\/\/www.basilicacistern.gen.tr\/wp-content\/uploads\/2025\/06\/Blue-Mosque-Hagia-Sophia-and-Basilica-Cistern-Guided-Tour-ota3.webp\" data-src=\"https:\/\/www.basilicacistern.gen.tr\/wp-content\/uploads\/2025\/06\/Blue-Mosque-Hagia-Sophia-and-Basilica-Cistern-Guided-Tour-ota3-300x170.webp\" loading=\"lazy\" data-sizes=\"{&quot;thumbnail&quot;:{&quot;url&quot;:&quot;https:\/\/www.basilicacistern.gen.tr\/wp-content\/uploads\/2025\/06\/Blue-Mosque-Hagia-Sophia-and-Basilica-Cistern-Guided-Tour-ota3-150x150.webp&quot;,&quot;height&quot;:150,&quot;width&quot;:150,&quot;orientation&quot;:&quot;landscape&quot;},&quot;medium&quot;:{&quot;url&quot;:&quot;https:\/\/www.basilicacistern.gen.tr\/wp-content\/uploads\/2025\/06\/Blue-Mosque-Hagia-Sophia-and-Basilica-Cistern-Guided-Tour-ota3-300x170.webp&quot;,&quot;height&quot;:170,&quot;width&quot;:300,&quot;orientation&quot;:&quot;landscape&quot;},&quot;full&quot;:{&quot;url&quot;:&quot;https:\/\/www.basilicacistern.gen.tr\/wp-content\/uploads\/2025\/06\/Blue-Mosque-Hagia-Sophia-and-Basilica-Cistern-Guided-Tour-ota3.webp&quot;,&quot;height&quot;:452,&quot;width&quot;:800,&quot;orientation&quot;:&quot;landscape&quot;}}\"><\/span><span><img decoding=\"async\" alt=\"\" data-id=\"3469\" width=\"2048\" height=\"1144\" title=\"Biglietti per la Cisterna Basilica con ingresso prioritario e audioguida 4\" src=\"https:\/\/www.basilicacistern.gen.tr\/wp-content\/uploads\/2024\/09\/Basilica-Cistern-Tickets-with-Fast-Track-Entry-Audio-Guide-4-1024x572.png\" data-src=\"https:\/\/www.basilicacistern.gen.tr\/wp-content\/uploads\/2024\/09\/Basilica-Cistern-Tickets-with-Fast-Track-Entry-Audio-Guide-4-300x168.png\" loading=\"lazy\" data-sizes=\"{&quot;thumbnail&quot;:{&quot;url&quot;:&quot;https:\/\/www.basilicacistern.gen.tr\/wp-content\/uploads\/2024\/09\/Basilica-Cistern-Tickets-with-Fast-Track-Entry-Audio-Guide-4-150x150.png&quot;,&quot;height&quot;:150,&quot;width&quot;:150,&quot;orientation&quot;:&quot;landscape&quot;},&quot;medium&quot;:{&quot;url&quot;:&quot;https:\/\/www.basilicacistern.gen.tr\/wp-content\/uploads\/2024\/09\/Basilica-Cistern-Tickets-with-Fast-Track-Entry-Audio-Guide-4-300x168.png&quot;,&quot;height&quot;:168,&quot;width&quot;:300,&quot;orientation&quot;:&quot;landscape&quot;},&quot;large&quot;:{&quot;url&quot;:&quot;https:\/\/www.basilicacistern.gen.tr\/wp-content\/uploads\/2024\/09\/Basilica-Cistern-Tickets-with-Fast-Track-Entry-Audio-Guide-4-1024x572.png&quot;,&quot;height&quot;:572,&quot;width&quot;:1024,&quot;orientation&quot;:&quot;landscape&quot;},&quot;full&quot;:{&quot;url&quot;:&quot;https:\/\/www.basilicacistern.gen.tr\/wp-content\/uploads\/2024\/09\/Basilica-Cistern-Tickets-with-Fast-Track-Entry-Audio-Guide-4.png&quot;,&quot;height&quot;:1144,&quot;width&quot;:2048,&quot;orientation&quot;:&quot;landscape&quot;},&quot;1536x1536&quot;:{&quot;url&quot;:&quot;https:\/\/www.basilicacistern.gen.tr\/wp-content\/uploads\/2024\/09\/Basilica-Cistern-Tickets-with-Fast-Track-Entry-Audio-Guide-4-1536x858.png&quot;,&quot;height&quot;:858,&quot;width&quot;:1536,&quot;orientation&quot;:&quot;landscape&quot;},&quot;2048x2048&quot;:{&quot;url&quot;:&quot;https:\/\/www.basilicacistern.gen.tr\/wp-content\/uploads\/2024\/09\/Basilica-Cistern-Tickets-with-Fast-Track-Entry-Audio-Guide-4-2048x1144.png&quot;,&quot;height&quot;:1144,&quot;width&quot;:2048,&quot;orientation&quot;:&quot;landscape&quot;}}\"><\/span><span><img decoding=\"async\" alt=\"\" data-id=\"3463\" width=\"2048\" height=\"1130\" title=\"Biglietti per la Cisterna Basilica con ingresso prioritario e audioguida 1\" src=\"https:\/\/www.basilicacistern.gen.tr\/wp-content\/uploads\/2024\/09\/Basilica-Cistern-Tickets-with-Fast-Track-Entry-Audio-Guide-1-1024x565.png\" data-src=\"https:\/\/www.basilicacistern.gen.tr\/wp-content\/uploads\/2024\/09\/Basilica-Cistern-Tickets-with-Fast-Track-Entry-Audio-Guide-1-300x166.png\" loading=\"lazy\" data-sizes=\"{&quot;thumbnail&quot;:{&quot;url&quot;:&quot;https:\/\/www.basilicacistern.gen.tr\/wp-content\/uploads\/2024\/09\/Basilica-Cistern-Tickets-with-Fast-Track-Entry-Audio-Guide-1-150x150.png&quot;,&quot;height&quot;:150,&quot;width&quot;:150,&quot;orientation&quot;:&quot;landscape&quot;},&quot;medium&quot;:{&quot;url&quot;:&quot;https:\/\/www.basilicacistern.gen.tr\/wp-content\/uploads\/2024\/09\/Basilica-Cistern-Tickets-with-Fast-Track-Entry-Audio-Guide-1-300x166.png&quot;,&quot;height&quot;:166,&quot;width&quot;:300,&quot;orientation&quot;:&quot;landscape&quot;},&quot;large&quot;:{&quot;url&quot;:&quot;https:\/\/www.basilicacistern.gen.tr\/wp-content\/uploads\/2024\/09\/Basilica-Cistern-Tickets-with-Fast-Track-Entry-Audio-Guide-1-1024x565.png&quot;,&quot;height&quot;:565,&quot;width&quot;:1024,&quot;orientation&quot;:&quot;landscape&quot;},&quot;full&quot;:{&quot;url&quot;:&quot;https:\/\/www.basilicacistern.gen.tr\/wp-content\/uploads\/2024\/09\/Basilica-Cistern-Tickets-with-Fast-Track-Entry-Audio-Guide-1.png&quot;,&quot;height&quot;:1130,&quot;width&quot;:2048,&quot;orientation&quot;:&quot;landscape&quot;},&quot;1536x1536&quot;:{&quot;url&quot;:&quot;https:\/\/www.basilicacistern.gen.tr\/wp-content\/uploads\/2024\/09\/Basilica-Cistern-Tickets-with-Fast-Track-Entry-Audio-Guide-1-1536x848.png&quot;,&quot;height&quot;:848,&quot;width&quot;:1536,&quot;orientation&quot;:&quot;landscape&quot;},&quot;2048x2048&quot;:{&quot;url&quot;:&quot;https:\/\/www.basilicacistern.gen.tr\/wp-content\/uploads\/2024\/09\/Basilica-Cistern-Tickets-with-Fast-Track-Entry-Audio-Guide-1-2048x1130.png&quot;,&quot;height&quot;:1130,&quot;width&quot;:2048,&quot;orientation&quot;:&quot;landscape&quot;}}\"><\/span><span><img decoding=\"async\" alt=\"\" data-id=\"3467\" width=\"2048\" height=\"1178\" title=\"Biglietti per la Cisterna Basilica con ingresso prioritario e audioguida 3\" src=\"https:\/\/www.basilicacistern.gen.tr\/wp-content\/uploads\/2024\/09\/Basilica-Cistern-Tickets-with-Fast-Track-Entry-Audio-Guide-3-1024x589.png\" data-src=\"https:\/\/www.basilicacistern.gen.tr\/wp-content\/uploads\/2024\/09\/Basilica-Cistern-Tickets-with-Fast-Track-Entry-Audio-Guide-3-300x173.png\" loading=\"lazy\" data-sizes=\"{&quot;thumbnail&quot;:{&quot;url&quot;:&quot;https:\/\/www.basilicacistern.gen.tr\/wp-content\/uploads\/2024\/09\/Basilica-Cistern-Tickets-with-Fast-Track-Entry-Audio-Guide-3-150x150.png&quot;,&quot;height&quot;:150,&quot;width&quot;:150,&quot;orientation&quot;:&quot;landscape&quot;},&quot;medium&quot;:{&quot;url&quot;:&quot;https:\/\/www.basilicacistern.gen.tr\/wp-content\/uploads\/2024\/09\/Basilica-Cistern-Tickets-with-Fast-Track-Entry-Audio-Guide-3-300x173.png&quot;,&quot;height&quot;:173,&quot;width&quot;:300,&quot;orientation&quot;:&quot;landscape&quot;},&quot;large&quot;:{&quot;url&quot;:&quot;https:\/\/www.basilicacistern.gen.tr\/wp-content\/uploads\/2024\/09\/Basilica-Cistern-Tickets-with-Fast-Track-Entry-Audio-Guide-3-1024x589.png&quot;,&quot;height&quot;:589,&quot;width&quot;:1024,&quot;orientation&quot;:&quot;landscape&quot;},&quot;full&quot;:{&quot;url&quot;:&quot;https:\/\/www.basilicacistern.gen.tr\/wp-content\/uploads\/2024\/09\/Basilica-Cistern-Tickets-with-Fast-Track-Entry-Audio-Guide-3.png&quot;,&quot;height&quot;:1178,&quot;width&quot;:2048,&quot;orientation&quot;:&quot;landscape&quot;},&quot;1536x1536&quot;:{&quot;url&quot;:&quot;https:\/\/www.basilicacistern.gen.tr\/wp-content\/uploads\/2024\/09\/Basilica-Cistern-Tickets-with-Fast-Track-Entry-Audio-Guide-3-1536x884.png&quot;,&quot;height&quot;:884,&quot;width&quot;:1536,&quot;orientation&quot;:&quot;landscape&quot;},&quot;2048x2048&quot;:{&quot;url&quot;:&quot;https:\/\/www.basilicacistern.gen.tr\/wp-content\/uploads\/2024\/09\/Basilica-Cistern-Tickets-with-Fast-Track-Entry-Audio-Guide-3-2048x1178.png&quot;,&quot;height&quot;:1178,&quot;width&quot;:2048,&quot;orientation&quot;:&quot;landscape&quot;}}\"><\/span><span><img decoding=\"async\" alt=\"\" data-id=\"3883\" width=\"800\" height=\"452\" title=\"Visita guidata alla Moschea Blu, alla Basilica di Santa Sofia e alla Cisterna Basilica ota4\" src=\"https:\/\/www.basilicacistern.gen.tr\/wp-content\/uploads\/2025\/06\/Blue-Mosque-Hagia-Sophia-and-Basilica-Cistern-Guided-Tour-ota4.webp\" data-src=\"https:\/\/www.basilicacistern.gen.tr\/wp-content\/uploads\/2025\/06\/Blue-Mosque-Hagia-Sophia-and-Basilica-Cistern-Guided-Tour-ota4-300x170.webp\" loading=\"lazy\" data-sizes=\"{&quot;thumbnail&quot;:{&quot;url&quot;:&quot;https:\/\/www.basilicacistern.gen.tr\/wp-content\/uploads\/2025\/06\/Blue-Mosque-Hagia-Sophia-and-Basilica-Cistern-Guided-Tour-ota4-150x150.webp&quot;,&quot;height&quot;:150,&quot;width&quot;:150,&quot;orientation&quot;:&quot;landscape&quot;},&quot;medium&quot;:{&quot;url&quot;:&quot;https:\/\/www.basilicacistern.gen.tr\/wp-content\/uploads\/2025\/06\/Blue-Mosque-Hagia-Sophia-and-Basilica-Cistern-Guided-Tour-ota4-300x170.webp&quot;,&quot;height&quot;:170,&quot;width&quot;:300,&quot;orientation&quot;:&quot;landscape&quot;},&quot;full&quot;:{&quot;url&quot;:&quot;https:\/\/www.basilicacistern.gen.tr\/wp-content\/uploads\/2025\/06\/Blue-Mosque-Hagia-Sophia-and-Basilica-Cistern-Guided-Tour-ota4.webp&quot;,&quot;height&quot;:452,&quot;width&quot;:800,&quot;orientation&quot;:&quot;landscape&quot;}}\"><\/span><\/p>\n<h1 dir=\"ltr\">Visita guidata alla Moschea Blu, Basilica Cisterna e Santa Sofia<\/h1>\n<h2><a href=\"https:\/\/megapass.com\/tours-tickets\/blue-mosque-hagia-sophia-and-basilica-cistern-tour-i2375?discountCode=ma-places\" target=\"_blank\" rel=\"nofollow noopener\" style=\"outline: none;\">Per prenotare<\/a><\/h2>\n<h1><a href=\"https:\/\/megapass.com\/tours-tickets\/blue-mosque-hagia-sophia-and-basilica-cistern-tour-i2375?discountCode=ma-places\" target=\"_blank\" rel=\"nofollow noopener\" style=\"outline: none;\"><span style=\"font-weight: normal;\">da 88 \u20ac<\/span><\/a><\/h1>\n<p dir=\"ltr\">Scopri l\u2019essenza di Istanbul con un tour a piedi di 4 ore che include la <strong data-end=\"350\" data-start=\"335\">Moschea Blu<\/strong>, <strong data-end=\"376\" data-start=\"355\">Basilica Cisterna<\/strong> e <strong data-end=\"397\" data-start=\"382\">Santa Sofia<\/strong>. Approfitta dell\u2019ingresso salta fila e delle spiegazioni di una guida esperta per esplorare tre dei monumenti pi\u00f9 iconici della citt\u00e0.<\/p>\n<ul>\n<li style=\"\"><span>Biglietto consigliato<\/span><\/li>\n<li style=\"\"><span>Biglietto mobile &nbsp;<\/span><\/li>\n<li style=\"\"><span>Guida in diretta (inglese)<\/span><\/li>\n<li style=\"\"><span>Non rimborsabile<\/span><\/li>\n<\/ul>\n<h2>Cosa \u00e8 incluso<\/h2>\n<ul>\n<li style=\"\">                    <span>Guida turistica esperta di lingua inglese<\/span><\/li>\n<li><span>Ingresso all&#8217;interno di Santa Sofia<\/span><\/li>\n<li><span>Ingresso all&#8217;interno della Cisterna Basilica<\/span><\/li>\n<li><span>Ingresso all&#8217;interno della Moschea Blu<\/span><\/li>\n<li><span>Ingresso salta fila alla Basilica di Santa Sofia e alla Cisterna Basilica<\/span><\/li>\n<li><span>App audioguida per smartphone per tutti e tre i siti (disponibile in inglese, spagnolo, tedesco, francese, italiano)<\/span><\/li>\n<\/ul>\n<h2>Cosa non \u00e8 incluso<\/h2>\n<ul>\n<li style=\"\"><span>Salta la fila per i controlli di sicurezza obbligatori<\/span><\/li>\n<li style=\"\"><span>Foulard o indumenti adatti al dress code della moschea (disponibili per l&#8217;acquisto in loco)<\/span><\/li>\n<li style=\"\"><span>Accesso alle aree di preghiera di Santa Sofia<\/span><\/li>\n<li style=\"\"><span>Cibo e bevande<\/span><\/li>\n<\/ul>\n<h2>Informazioni importanti<\/h2>\n<ul>\n<li style=\"\"><span><strong>Durata del tour:<\/strong> circa 4 ore<\/span><\/li>\n<li><span>L&#8217;ingresso alla Moschea Blu \u00e8 <strong>gratuito<\/strong> , ma i controlli di sicurezza potrebbero causare ritardi<\/span><\/li>\n<li><span>L&#8217;ingresso alla Basilica di Santa Sofia include la galleria superiore ma <strong>non l&#8217;area di preghiera<\/strong><\/span><\/li>\n<li><span><strong>I tempi di attesa per i controlli di sicurezza<\/strong> variano dai 30 ai 60 minuti, a seconda della stagione. La guida vi racconter\u00e0 storie affascinanti mentre aspettate in coda.<\/span><\/li>\n<li><span><strong>Per entrare nella moschea \u00e8 richiesto un abbigliamento sobrio:<\/strong> le donne devono coprire capelli e spalle; le ginocchia devono essere coperte per tutti; all&#8217;ingresso sono disponibili copricostumi (circa 3 \u20ac).<\/span><\/li>\n<\/ul>\n<h2>Descrizione:<\/h2>\n<p data-end=\"416\" data-start=\"220\">Vivi un\u2019esperienza indimenticabile nel cuore storico di Istanbul. Inizia con la magnifica <strong>Moschea Blu, poi visita la Basilica Cisterna e Santa Sofia<\/strong>, due capolavori intramontabili della citt\u00e0.<\/p>\n<p data-end=\"714\" data-is-last-node=\"\" data-is-only-node=\"\" data-start=\"418\">Grazie alla tua guida esperta in lingua inglese, scoprirai i segreti del periodo bizantino e ottomano con narrazioni coinvolgenti. <strong>L\u2019accesso prioritario<\/strong> e le pause per il pranzo o un caff\u00e8 rendono questo tour ideale anche per chi ha poco tempo ma vuole scoprire i simboli pi\u00f9 iconici della citt\u00e0.<\/p>\n<h2>Punti salienti:<\/h2>\n<ul>\n<li ltr\"\"=\"\">Visita tre dei principali siti storici di Istanbul con un unico biglietto<\/li>\n<li ltr\"\"=\"\">Goditi l&#8217;accesso salta fila alla Basilica Cisterna e Santa Sofia<\/li>\n<li ltr\"\"=\"\">Esplora il mondo sotterraneo della Cisterna Basilica<\/li>\n<li ltr\"\"=\"\">Scopri la trasformazione di Santa Sofia attraverso imperi e religioni<\/li>\n<li ltr\"\"=\"\">Ammira l&#8217;architettura ottomana e i mosaici della Moschea Blu<\/li>\n<li ltr\"\"=\"\">Ottieni informazioni da una guida locale esperta e da un&#8217;audioguida multilingue<\/li>\n<li ltr\"\"=\"\">Pausa caff\u00e8 o pranzo facoltativa durante il tour<\/li>\n<\/ul>\n<h2>Politica di cancellazione<\/h2>\n<p dir=\"ltr\">Questo tour non \u00e8 rimborsabile e non pu\u00f2 essere modificato o annullato dopo l&#8217;acquisto.<\/p>\n<h2>Punto d&#8217;incontro e istruzioni<\/h2>\n<p dir=\"ltr\">Incontra la tua guida di fronte alla Moschea Blu, nella Citt\u00e0 Vecchia. La posizione precisa e i dettagli ti saranno forniti al momento della prenotazione.<\/p>\n<h2>Recensioni e valutazioni<\/h2>\n<p dir=\"ltr\"><strong>4.8\/5 (18 recensioni)<\/strong><\/p>\n<p><em>&#8220;Maggio 2025 &#8211; abbiamo fatto il tour Moschea Blu-Cisterna Basilica-Santa Sofia e la nostra guida era Buse, una guida straordinaria. Era estremamente competente e si \u00e8 presa cura del nostro gruppo in modo impeccabile. Un tour molto piacevole, ben organizzato e gestito. Altamente consigliato&#8221; &#8211;<\/em> Glen Crouch <a href=\"https:\/\/megapass.com\/tours-tickets\/blue-mosque-hagia-sophia-and-basilica-cistern-tour-i2375?discountCode=ma-places\" target=\"_blank\" rel=\"nofollow noopener\" style=\"outline: none;\" spellcheck=\"false\">&gt;&gt; Vedi altre recensioni<\/a><\/p>\n<h2>Alcune attivit\u00e0 che potrebbero piacerti<\/h2>\n<p><span># <\/span><strong><span>2<\/span><\/strong><span># <\/span><strong><span>2<\/span><\/strong><span><img decoding=\"async\" alt=\"Istanbul Super Combo: Palazzo Topkapi + Santa Sofia + Cisterna Basilica Biglietti salta fila con audioguida ota\" data-id=\"3856\" width=\"159\" data-init-width=\"1600\" height=\"89\" data-init-height=\"1000\" src=\"https:\/\/www.basilicacistern.gen.tr\/wp-content\/uploads\/2025\/06\/Istanbul-Super-Combo-Topkapi-Palace-Hagia-Sophia-Basilica-Cistern-Skip-the-Line-Tickets-with-Audio-Guide-ota.avif\" data-width=\"159\" data-height=\"89\" style=\"aspect-ratio: auto 1600 \/ 1000;\" loading=\"lazy\" title=\"Istanbul Super Combo - Palazzo Topkapi + Santa Sofia + Cisterna Basilica Biglietti salta fila con audioguida ota\"><\/span><\/p>\n<table>\n<tbody>\n<tr>\n<td><a href=\"https:\/\/www.headout.com\/r\/most-amazing-placesrecommends-MW2Zt\/\" target=\"_blank\" rel=\"nofollow noopener\" style=\"outline: none;\" spellcheck=\"false\">Super Combo Istanbul: Palazzo Topkapi + Santa Sofia + Basilica Cisterna, biglietti salta fila con audioguida<\/a><\/td>\n<\/tr>\n<\/tbody>\n<\/table>\n<p>Scopri Istanbul con un biglietto unico &#8220;Super Combo&#8221;, che ti garantisce l&#8217;accesso salta fila e un&#8217;audioguida per il Palazzo Topkapi, la Basilica di Santa Sofia e la Basilica Cisterna.<\/p>\n<h3 style=\"\">Prezzo totale<\/h3>\n<h3 style=\"\">Non ti verr\u00e0 ancora addebitato alcun importo<\/h3>\n<p><span># <\/span><strong><span>2<\/span><\/strong><span><img decoding=\"async\" alt=\"Istanbul MegaPass - Biglietti elettronici salta fila per le principali attrazioni ota\" data-id=\"3860\" width=\"159\" data-init-width=\"1302\" height=\"89\" data-init-height=\"814\" src=\"https:\/\/www.basilicacistern.gen.tr\/wp-content\/uploads\/2025\/06\/Istanbul-MegaPass-Skip-the-Line-E-Tickets-for-Top-Attractions-ota.avif\" data-width=\"159\" data-height=\"89\" style=\"aspect-ratio: auto 1302 \/ 814;\" loading=\"lazy\" title=\"Istanbul MegaPass - Biglietti elettronici salta fila per le principali attrazioni ota\"><\/span><\/p>\n<table>\n<tbody>\n<tr>\n<td><a href=\"https:\/\/www.headout.com\/r\/most-amazing-placesrecommends-MWSoA\/\" target=\"_blank\" rel=\"nofollow noopener\" style=\"outline: none;\" data-lt-tmp-id=\"lt-83735\" spellcheck=\"false\">Istanbul MegaPass: biglietti elettronici salta fila per le principali attrazioni<\/a><\/td>\n<\/tr>\n<\/tbody>\n<\/table>\n<p>Scopri il patrimonio di Istanbul con l&#8217;Istanbul MegaPass, il pass definitivo per la citt\u00e0 che ti offre biglietti elettronici salta fila per le attrazioni pi\u00f9 iconiche della citt\u00e0, tra cui la Basilica di Santa Sofia, il Palazzo Topkapi, una crociera sul Bosforo e molto altro, garantendoti un&#8217;esplorazione indimenticabile e senza intoppi.<\/p>\n<h3 style=\"\">Prezzo totale<\/h3>\n<h3 style=\"\">Non ti verr\u00e0 ancora addebitato alcun importo<\/h3>\n<\/p>\n<h2><a href=\"https:\/\/megapass.com\/tours-tickets\/blue-mosque-hagia-sophia-and-basilica-cistern-tour-i2375?discountCode=ma-places\" target=\"_blank\" rel=\"nofollow noopener\" style=\"outline: none;\">Per prenotare<\/a><\/h2>\n<h1><a href=\"https:\/\/megapass.com\/tours-tickets\/blue-mosque-hagia-sophia-and-basilica-cistern-tour-i2375?discountCode=ma-places\" target=\"_blank\" rel=\"nofollow noopener\" style=\"outline: none;\"><span style=\"font-weight: normal;\">da&nbsp;<\/span><strong>88 \u20ac<\/strong><\/a><\/h1>\n<p style=\"\">Non ti verr\u00e0 ancora addebitato alcun importo<\/p>\n","protected":false},"excerpt":{"rendered":"<p>Visita guidata alla Moschea Blu, Basilica Cisterna e Santa Sofia Per prenotare da 88 \u20ac Scopri l\u2019essenza di Istanbul con un tour a piedi di 4 ore che include la Moschea Blu, Basilica Cisterna e Santa Sofia. Approfitta dell\u2019ingresso salta fila e delle spiegazioni di una guida esperta per esplorare tre dei monumenti pi\u00f9 iconici [&hellip;]<\/p>\n","protected":false},"author":8,"featured_media":4103,"parent":0,"menu_order":0,"comment_status":"closed","ping_status":"closed","template":"","meta":{"footnotes":""},"class_list":["post-4102","page","type-page","status-publish","has-post-thumbnail","hentry","post-wrapper","thrv_wrapper"],"wp-worthy-pixel":{"ignored":false,"public":null,"server":null,"url":null},"wp-worthy-type":"normal","_links":{"self":[{"href":"https:\/\/www.basilicacistern.gen.tr\/it\/wp-json\/wp\/v2\/pages\/4102","targetHints":{"allow":["GET"]}}],"collection":[{"href":"https:\/\/www.basilicacistern.gen.tr\/it\/wp-json\/wp\/v2\/pages"}],"about":[{"href":"https:\/\/www.basilicacistern.gen.tr\/it\/wp-json\/wp\/v2\/types\/page"}],"author":[{"embeddable":true,"href":"https:\/\/www.basilicacistern.gen.tr\/it\/wp-json\/wp\/v2\/users\/8"}],"replies":[{"embeddable":true,"href":"https:\/\/www.basilicacistern.gen.tr\/it\/wp-json\/wp\/v2\/comments?post=4102"}],"version-history":[{"count":6,"href":"https:\/\/www.basilicacistern.gen.tr\/it\/wp-json\/wp\/v2\/pages\/4102\/revisions"}],"predecessor-version":[{"id":4424,"href":"https:\/\/www.basilicacistern.gen.tr\/it\/wp-json\/wp\/v2\/pages\/4102\/revisions\/4424"}],"wp:featuredmedia":[{"embeddable":true,"href":"https:\/\/www.basilicacistern.gen.tr\/it\/wp-json\/wp\/v2\/media\/4103"}],"wp:attachment":[{"href":"https:\/\/www.basilicacistern.gen.tr\/it\/wp-json\/wp\/v2\/media?parent=4102"}],"curies":[{"name":"wp","href":"https:\/\/api.w.org\/{rel}","templated":true}]}}