{"id":4140,"date":"2024-09-10T14:53:20","date_gmt":"2024-09-10T14:53:20","guid":{"rendered":"https:\/\/www.basilicacistern.gen.tr\/basilica-cistern-fast-track-entry-ticket\/"},"modified":"2025-08-08T13:26:59","modified_gmt":"2025-08-08T13:26:59","slug":"biglietto-salta-fila-per-la-basilica-cisterna","status":"publish","type":"page","link":"https:\/\/www.basilicacistern.gen.tr\/it\/biglietto-salta-fila-per-la-basilica-cisterna\/","title":{"rendered":"Istanbul: Biglietto salta fila per la Basilica Cisterna"},"content":{"rendered":"<p><span><img decoding=\"async\" alt=\"\" data-id=\"3461\" width=\"2048\" height=\"1136\" src=\"https:\/\/www.basilicacistern.gen.tr\/wp-content\/uploads\/2024\/09\/Basilica-Cistern-Tickets-with-Fast-Track-Entry-Audio-Guide-1024x568.png\" data-src=\"https:\/\/www.basilicacistern.gen.tr\/wp-content\/uploads\/2024\/09\/Basilica-Cistern-Tickets-with-Fast-Track-Entry-Audio-Guide-300x166.png\" data-sizes=\"{&quot;thumbnail&quot;:{&quot;url&quot;:&quot;https:\/\/www.basilicacistern.gen.tr\/wp-content\/uploads\/2024\/09\/Basilica-Cistern-Tickets-with-Fast-Track-Entry-Audio-Guide-150x150.png&quot;,&quot;height&quot;:150,&quot;width&quot;:150,&quot;orientation&quot;:&quot;landscape&quot;},&quot;medium&quot;:{&quot;url&quot;:&quot;https:\/\/www.basilicacistern.gen.tr\/wp-content\/uploads\/2024\/09\/Basilica-Cistern-Tickets-with-Fast-Track-Entry-Audio-Guide-300x166.png&quot;,&quot;height&quot;:166,&quot;width&quot;:300,&quot;orientation&quot;:&quot;landscape&quot;},&quot;large&quot;:{&quot;url&quot;:&quot;https:\/\/www.basilicacistern.gen.tr\/wp-content\/uploads\/2024\/09\/Basilica-Cistern-Tickets-with-Fast-Track-Entry-Audio-Guide-1024x568.png&quot;,&quot;height&quot;:568,&quot;width&quot;:1024,&quot;orientation&quot;:&quot;landscape&quot;},&quot;full&quot;:{&quot;url&quot;:&quot;https:\/\/www.basilicacistern.gen.tr\/wp-content\/uploads\/2024\/09\/Basilica-Cistern-Tickets-with-Fast-Track-Entry-Audio-Guide.png&quot;,&quot;height&quot;:1136,&quot;width&quot;:2048,&quot;orientation&quot;:&quot;landscape&quot;},&quot;1536x1536&quot;:{&quot;url&quot;:&quot;https:\/\/www.basilicacistern.gen.tr\/wp-content\/uploads\/2024\/09\/Basilica-Cistern-Tickets-with-Fast-Track-Entry-Audio-Guide-1536x852.png&quot;,&quot;height&quot;:852,&quot;width&quot;:1536,&quot;orientation&quot;:&quot;landscape&quot;},&quot;2048x2048&quot;:{&quot;url&quot;:&quot;https:\/\/www.basilicacistern.gen.tr\/wp-content\/uploads\/2024\/09\/Basilica-Cistern-Tickets-with-Fast-Track-Entry-Audio-Guide-2048x1136.png&quot;,&quot;height&quot;:1136,&quot;width&quot;:2048,&quot;orientation&quot;:&quot;landscape&quot;}}\" style=\"\" loading=\"lazy\" title=\"\"><\/span><span><img decoding=\"async\" alt=\"\" data-id=\"3463\" width=\"2048\" height=\"1130\" src=\"https:\/\/www.basilicacistern.gen.tr\/wp-content\/uploads\/2024\/09\/Basilica-Cistern-Tickets-with-Fast-Track-Entry-Audio-Guide-1-1024x565.png\" data-src=\"https:\/\/www.basilicacistern.gen.tr\/wp-content\/uploads\/2024\/09\/Basilica-Cistern-Tickets-with-Fast-Track-Entry-Audio-Guide-1-300x166.png\" data-sizes=\"{&quot;thumbnail&quot;:{&quot;url&quot;:&quot;https:\/\/www.basilicacistern.gen.tr\/wp-content\/uploads\/2024\/09\/Basilica-Cistern-Tickets-with-Fast-Track-Entry-Audio-Guide-1-150x150.png&quot;,&quot;height&quot;:150,&quot;width&quot;:150,&quot;orientation&quot;:&quot;landscape&quot;},&quot;medium&quot;:{&quot;url&quot;:&quot;https:\/\/www.basilicacistern.gen.tr\/wp-content\/uploads\/2024\/09\/Basilica-Cistern-Tickets-with-Fast-Track-Entry-Audio-Guide-1-300x166.png&quot;,&quot;height&quot;:166,&quot;width&quot;:300,&quot;orientation&quot;:&quot;landscape&quot;},&quot;large&quot;:{&quot;url&quot;:&quot;https:\/\/www.basilicacistern.gen.tr\/wp-content\/uploads\/2024\/09\/Basilica-Cistern-Tickets-with-Fast-Track-Entry-Audio-Guide-1-1024x565.png&quot;,&quot;height&quot;:565,&quot;width&quot;:1024,&quot;orientation&quot;:&quot;landscape&quot;},&quot;full&quot;:{&quot;url&quot;:&quot;https:\/\/www.basilicacistern.gen.tr\/wp-content\/uploads\/2024\/09\/Basilica-Cistern-Tickets-with-Fast-Track-Entry-Audio-Guide-1.png&quot;,&quot;height&quot;:1130,&quot;width&quot;:2048,&quot;orientation&quot;:&quot;landscape&quot;},&quot;1536x1536&quot;:{&quot;url&quot;:&quot;https:\/\/www.basilicacistern.gen.tr\/wp-content\/uploads\/2024\/09\/Basilica-Cistern-Tickets-with-Fast-Track-Entry-Audio-Guide-1-1536x848.png&quot;,&quot;height&quot;:848,&quot;width&quot;:1536,&quot;orientation&quot;:&quot;landscape&quot;},&quot;2048x2048&quot;:{&quot;url&quot;:&quot;https:\/\/www.basilicacistern.gen.tr\/wp-content\/uploads\/2024\/09\/Basilica-Cistern-Tickets-with-Fast-Track-Entry-Audio-Guide-1-2048x1130.png&quot;,&quot;height&quot;:1130,&quot;width&quot;:2048,&quot;orientation&quot;:&quot;landscape&quot;}}\" style=\"\" loading=\"lazy\" title=\"\"><\/span><span><img decoding=\"async\" alt=\"\" data-id=\"3465\" width=\"2048\" height=\"1147\" src=\"https:\/\/www.basilicacistern.gen.tr\/wp-content\/uploads\/2024\/09\/Basilica-Cistern-Tickets-with-Fast-Track-Entry-Audio-Guide-2-1024x574.png\" data-src=\"https:\/\/www.basilicacistern.gen.tr\/wp-content\/uploads\/2024\/09\/Basilica-Cistern-Tickets-with-Fast-Track-Entry-Audio-Guide-2-300x168.png\" data-sizes=\"{&quot;thumbnail&quot;:{&quot;url&quot;:&quot;https:\/\/www.basilicacistern.gen.tr\/wp-content\/uploads\/2024\/09\/Basilica-Cistern-Tickets-with-Fast-Track-Entry-Audio-Guide-2-150x150.png&quot;,&quot;height&quot;:150,&quot;width&quot;:150,&quot;orientation&quot;:&quot;landscape&quot;},&quot;medium&quot;:{&quot;url&quot;:&quot;https:\/\/www.basilicacistern.gen.tr\/wp-content\/uploads\/2024\/09\/Basilica-Cistern-Tickets-with-Fast-Track-Entry-Audio-Guide-2-300x168.png&quot;,&quot;height&quot;:168,&quot;width&quot;:300,&quot;orientation&quot;:&quot;landscape&quot;},&quot;large&quot;:{&quot;url&quot;:&quot;https:\/\/www.basilicacistern.gen.tr\/wp-content\/uploads\/2024\/09\/Basilica-Cistern-Tickets-with-Fast-Track-Entry-Audio-Guide-2-1024x574.png&quot;,&quot;height&quot;:574,&quot;width&quot;:1024,&quot;orientation&quot;:&quot;landscape&quot;},&quot;full&quot;:{&quot;url&quot;:&quot;https:\/\/www.basilicacistern.gen.tr\/wp-content\/uploads\/2024\/09\/Basilica-Cistern-Tickets-with-Fast-Track-Entry-Audio-Guide-2.png&quot;,&quot;height&quot;:1147,&quot;width&quot;:2048,&quot;orientation&quot;:&quot;landscape&quot;},&quot;1536x1536&quot;:{&quot;url&quot;:&quot;https:\/\/www.basilicacistern.gen.tr\/wp-content\/uploads\/2024\/09\/Basilica-Cistern-Tickets-with-Fast-Track-Entry-Audio-Guide-2-1536x860.png&quot;,&quot;height&quot;:860,&quot;width&quot;:1536,&quot;orientation&quot;:&quot;landscape&quot;},&quot;2048x2048&quot;:{&quot;url&quot;:&quot;https:\/\/www.basilicacistern.gen.tr\/wp-content\/uploads\/2024\/09\/Basilica-Cistern-Tickets-with-Fast-Track-Entry-Audio-Guide-2-2048x1147.png&quot;,&quot;height&quot;:1147,&quot;width&quot;:2048,&quot;orientation&quot;:&quot;landscape&quot;}}\" style=\"\" loading=\"lazy\" title=\"\"><\/span><span><img decoding=\"async\" alt=\"\" data-id=\"3467\" width=\"2048\" height=\"1178\" src=\"https:\/\/www.basilicacistern.gen.tr\/wp-content\/uploads\/2024\/09\/Basilica-Cistern-Tickets-with-Fast-Track-Entry-Audio-Guide-3-1024x589.png\" data-src=\"https:\/\/www.basilicacistern.gen.tr\/wp-content\/uploads\/2024\/09\/Basilica-Cistern-Tickets-with-Fast-Track-Entry-Audio-Guide-3-300x173.png\" data-sizes=\"{&quot;thumbnail&quot;:{&quot;url&quot;:&quot;https:\/\/www.basilicacistern.gen.tr\/wp-content\/uploads\/2024\/09\/Basilica-Cistern-Tickets-with-Fast-Track-Entry-Audio-Guide-3-150x150.png&quot;,&quot;height&quot;:150,&quot;width&quot;:150,&quot;orientation&quot;:&quot;landscape&quot;},&quot;medium&quot;:{&quot;url&quot;:&quot;https:\/\/www.basilicacistern.gen.tr\/wp-content\/uploads\/2024\/09\/Basilica-Cistern-Tickets-with-Fast-Track-Entry-Audio-Guide-3-300x173.png&quot;,&quot;height&quot;:173,&quot;width&quot;:300,&quot;orientation&quot;:&quot;landscape&quot;},&quot;large&quot;:{&quot;url&quot;:&quot;https:\/\/www.basilicacistern.gen.tr\/wp-content\/uploads\/2024\/09\/Basilica-Cistern-Tickets-with-Fast-Track-Entry-Audio-Guide-3-1024x589.png&quot;,&quot;height&quot;:589,&quot;width&quot;:1024,&quot;orientation&quot;:&quot;landscape&quot;},&quot;full&quot;:{&quot;url&quot;:&quot;https:\/\/www.basilicacistern.gen.tr\/wp-content\/uploads\/2024\/09\/Basilica-Cistern-Tickets-with-Fast-Track-Entry-Audio-Guide-3.png&quot;,&quot;height&quot;:1178,&quot;width&quot;:2048,&quot;orientation&quot;:&quot;landscape&quot;},&quot;1536x1536&quot;:{&quot;url&quot;:&quot;https:\/\/www.basilicacistern.gen.tr\/wp-content\/uploads\/2024\/09\/Basilica-Cistern-Tickets-with-Fast-Track-Entry-Audio-Guide-3-1536x884.png&quot;,&quot;height&quot;:884,&quot;width&quot;:1536,&quot;orientation&quot;:&quot;landscape&quot;},&quot;2048x2048&quot;:{&quot;url&quot;:&quot;https:\/\/www.basilicacistern.gen.tr\/wp-content\/uploads\/2024\/09\/Basilica-Cistern-Tickets-with-Fast-Track-Entry-Audio-Guide-3-2048x1178.png&quot;,&quot;height&quot;:1178,&quot;width&quot;:2048,&quot;orientation&quot;:&quot;landscape&quot;}}\" style=\"\" loading=\"lazy\" title=\"\"><\/span><span><img decoding=\"async\" alt=\"\" data-id=\"3469\" width=\"2048\" height=\"1144\" src=\"https:\/\/www.basilicacistern.gen.tr\/wp-content\/uploads\/2024\/09\/Basilica-Cistern-Tickets-with-Fast-Track-Entry-Audio-Guide-4-1024x572.png\" data-src=\"https:\/\/www.basilicacistern.gen.tr\/wp-content\/uploads\/2024\/09\/Basilica-Cistern-Tickets-with-Fast-Track-Entry-Audio-Guide-4-300x168.png\" data-sizes=\"{&quot;thumbnail&quot;:{&quot;url&quot;:&quot;https:\/\/www.basilicacistern.gen.tr\/wp-content\/uploads\/2024\/09\/Basilica-Cistern-Tickets-with-Fast-Track-Entry-Audio-Guide-4-150x150.png&quot;,&quot;height&quot;:150,&quot;width&quot;:150,&quot;orientation&quot;:&quot;landscape&quot;},&quot;medium&quot;:{&quot;url&quot;:&quot;https:\/\/www.basilicacistern.gen.tr\/wp-content\/uploads\/2024\/09\/Basilica-Cistern-Tickets-with-Fast-Track-Entry-Audio-Guide-4-300x168.png&quot;,&quot;height&quot;:168,&quot;width&quot;:300,&quot;orientation&quot;:&quot;landscape&quot;},&quot;large&quot;:{&quot;url&quot;:&quot;https:\/\/www.basilicacistern.gen.tr\/wp-content\/uploads\/2024\/09\/Basilica-Cistern-Tickets-with-Fast-Track-Entry-Audio-Guide-4-1024x572.png&quot;,&quot;height&quot;:572,&quot;width&quot;:1024,&quot;orientation&quot;:&quot;landscape&quot;},&quot;full&quot;:{&quot;url&quot;:&quot;https:\/\/www.basilicacistern.gen.tr\/wp-content\/uploads\/2024\/09\/Basilica-Cistern-Tickets-with-Fast-Track-Entry-Audio-Guide-4.png&quot;,&quot;height&quot;:1144,&quot;width&quot;:2048,&quot;orientation&quot;:&quot;landscape&quot;},&quot;1536x1536&quot;:{&quot;url&quot;:&quot;https:\/\/www.basilicacistern.gen.tr\/wp-content\/uploads\/2024\/09\/Basilica-Cistern-Tickets-with-Fast-Track-Entry-Audio-Guide-4-1536x858.png&quot;,&quot;height&quot;:858,&quot;width&quot;:1536,&quot;orientation&quot;:&quot;landscape&quot;},&quot;2048x2048&quot;:{&quot;url&quot;:&quot;https:\/\/www.basilicacistern.gen.tr\/wp-content\/uploads\/2024\/09\/Basilica-Cistern-Tickets-with-Fast-Track-Entry-Audio-Guide-4-2048x1144.png&quot;,&quot;height&quot;:1144,&quot;width&quot;:2048,&quot;orientation&quot;:&quot;landscape&quot;}}\" style=\"\" loading=\"lazy\" title=\"\"><\/span><span><img decoding=\"async\" alt=\"\" data-id=\"3471\" width=\"2048\" height=\"1147\" src=\"https:\/\/www.basilicacistern.gen.tr\/wp-content\/uploads\/2024\/09\/Basilica-Cistern-Tickets-with-Fast-Track-Entry-Audio-Guide-5-1024x573.png\" data-src=\"https:\/\/www.basilicacistern.gen.tr\/wp-content\/uploads\/2024\/09\/Basilica-Cistern-Tickets-with-Fast-Track-Entry-Audio-Guide-5-300x168.png\" data-sizes=\"{&quot;thumbnail&quot;:{&quot;url&quot;:&quot;https:\/\/www.basilicacistern.gen.tr\/wp-content\/uploads\/2024\/09\/Basilica-Cistern-Tickets-with-Fast-Track-Entry-Audio-Guide-5-150x150.png&quot;,&quot;height&quot;:150,&quot;width&quot;:150,&quot;orientation&quot;:&quot;landscape&quot;},&quot;medium&quot;:{&quot;url&quot;:&quot;https:\/\/www.basilicacistern.gen.tr\/wp-content\/uploads\/2024\/09\/Basilica-Cistern-Tickets-with-Fast-Track-Entry-Audio-Guide-5-300x168.png&quot;,&quot;height&quot;:168,&quot;width&quot;:300,&quot;orientation&quot;:&quot;landscape&quot;},&quot;large&quot;:{&quot;url&quot;:&quot;https:\/\/www.basilicacistern.gen.tr\/wp-content\/uploads\/2024\/09\/Basilica-Cistern-Tickets-with-Fast-Track-Entry-Audio-Guide-5-1024x573.png&quot;,&quot;height&quot;:573,&quot;width&quot;:1024,&quot;orientation&quot;:&quot;landscape&quot;},&quot;full&quot;:{&quot;url&quot;:&quot;https:\/\/www.basilicacistern.gen.tr\/wp-content\/uploads\/2024\/09\/Basilica-Cistern-Tickets-with-Fast-Track-Entry-Audio-Guide-5.png&quot;,&quot;height&quot;:1147,&quot;width&quot;:2048,&quot;orientation&quot;:&quot;landscape&quot;},&quot;1536x1536&quot;:{&quot;url&quot;:&quot;https:\/\/www.basilicacistern.gen.tr\/wp-content\/uploads\/2024\/09\/Basilica-Cistern-Tickets-with-Fast-Track-Entry-Audio-Guide-5-1536x860.png&quot;,&quot;height&quot;:860,&quot;width&quot;:1536,&quot;orientation&quot;:&quot;landscape&quot;},&quot;2048x2048&quot;:{&quot;url&quot;:&quot;https:\/\/www.basilicacistern.gen.tr\/wp-content\/uploads\/2024\/09\/Basilica-Cistern-Tickets-with-Fast-Track-Entry-Audio-Guide-5-2048x1147.png&quot;,&quot;height&quot;:1147,&quot;width&quot;:2048,&quot;orientation&quot;:&quot;landscape&quot;}}\" style=\"\" loading=\"lazy\" title=\"\"><\/span><span><img decoding=\"async\" alt=\"\" data-id=\"3477\" width=\"2362\" height=\"1316\" src=\"https:\/\/www.basilicacistern.gen.tr\/wp-content\/uploads\/2024\/09\/Dolmabahce-Palace-Hagia-Sophia-Basilica-Cistern-Tickets-1-1024x571.png\" data-src=\"https:\/\/www.basilicacistern.gen.tr\/wp-content\/uploads\/2024\/09\/Dolmabahce-Palace-Hagia-Sophia-Basilica-Cistern-Tickets-1-300x167.png\" data-sizes=\"{&quot;thumbnail&quot;:{&quot;url&quot;:&quot;https:\/\/www.basilicacistern.gen.tr\/wp-content\/uploads\/2024\/09\/Dolmabahce-Palace-Hagia-Sophia-Basilica-Cistern-Tickets-1-150x150.png&quot;,&quot;height&quot;:150,&quot;width&quot;:150,&quot;orientation&quot;:&quot;landscape&quot;},&quot;medium&quot;:{&quot;url&quot;:&quot;https:\/\/www.basilicacistern.gen.tr\/wp-content\/uploads\/2024\/09\/Dolmabahce-Palace-Hagia-Sophia-Basilica-Cistern-Tickets-1-300x167.png&quot;,&quot;height&quot;:167,&quot;width&quot;:300,&quot;orientation&quot;:&quot;landscape&quot;},&quot;large&quot;:{&quot;url&quot;:&quot;https:\/\/www.basilicacistern.gen.tr\/wp-content\/uploads\/2024\/09\/Dolmabahce-Palace-Hagia-Sophia-Basilica-Cistern-Tickets-1-1024x571.png&quot;,&quot;height&quot;:571,&quot;width&quot;:1024,&quot;orientation&quot;:&quot;landscape&quot;},&quot;full&quot;:{&quot;url&quot;:&quot;https:\/\/www.basilicacistern.gen.tr\/wp-content\/uploads\/2024\/09\/Dolmabahce-Palace-Hagia-Sophia-Basilica-Cistern-Tickets-1.png&quot;,&quot;height&quot;:1316,&quot;width&quot;:2362,&quot;orientation&quot;:&quot;landscape&quot;},&quot;1536x1536&quot;:{&quot;url&quot;:&quot;https:\/\/www.basilicacistern.gen.tr\/wp-content\/uploads\/2024\/09\/Dolmabahce-Palace-Hagia-Sophia-Basilica-Cistern-Tickets-1-1536x856.png&quot;,&quot;height&quot;:856,&quot;width&quot;:1536,&quot;orientation&quot;:&quot;landscape&quot;},&quot;2048x2048&quot;:{&quot;url&quot;:&quot;https:\/\/www.basilicacistern.gen.tr\/wp-content\/uploads\/2024\/09\/Dolmabahce-Palace-Hagia-Sophia-Basilica-Cistern-Tickets-1-2048x1141.png&quot;,&quot;height&quot;:1141,&quot;width&quot;:2048,&quot;orientation&quot;:&quot;landscape&quot;}}\" style=\"\" loading=\"lazy\" title=\"\"><\/span><\/p>\n<h1 dir=\"ltr\">Istanbul: biglietto salta fila per la Cisterna Basilica<\/h1>\n<h2><a href=\"https:\/\/www.headout.com\/r\/most-amazing-placesrecommends-HaywW\/\" target=\"_blank\" rel=\"nofollow noopener\" style=\"outline: none;\">Per prenotare<\/a><\/h2>\n<h1><a href=\"https:\/\/www.headout.com\/r\/most-amazing-placesrecommends-HaywW\/\" target=\"_blank\" rel=\"nofollow noopener\" style=\"outline: none;\"><span style=\"font-weight: normal;\">da&nbsp;<\/span><strong>32.75 \u20ac<\/strong><\/a><\/h1>\n<p dir=\"ltr\">Esplora la misteriosa Cisterna con un <strong data-end=\"214\" data-start=\"165\">biglietto salta fila per la Basilica Cisterna<\/strong>. Risparmia tempo evitando la coda e approfitta della flessibilit\u00e0 di visitarla quando preferisci durante il giorno, per un\u2019esperienza comoda e affascinante.<\/p>\n<ul>\n<li style=\"\"><span>Biglietto consigliato<\/span><\/li>\n<li style=\"\"><span>Biglietto mobile &nbsp;<\/span><\/li>\n<li style=\"\">                    <span>Conferma immediata<\/span><\/li>\n<li style=\"\"><span>Corsia preferenziale<\/span><\/li>\n<\/ul>\n<h2>Cosa \u00e8 incluso<\/h2>\n<ul>\n<li><span>Biglietto salta fila per la Basilica Cisterna<\/span><\/li>\n<li><span>Biglietti mobili istantanei con validit\u00e0 giornaliera<\/span><\/li>\n<li><span>Visita guidata di 1 ora della Cisterna Basilica (in base all&#8217;opzione selezionata)<\/span><\/li>\n<li><span>Biglietto salta fila per la Cisterna Basilica<\/span><\/li>\n<li><span>Visita audioguidata della Cisterna Basilica (in base all&#8217;opzione selezionata)<\/span><\/li>\n<li><span>App audio per iOS e Android in inglese, spagnolo, francese, tedesco e italiano<\/span><\/li>\n<\/ul>\n<h2>Cosa non \u00e8 incluso<\/h2>\n<ul>\n<li style=\"\"><span>Salta la fila per i controlli di sicurezza<\/span><\/li>\n<\/ul>\n<h2>Informazioni importanti<\/h2>\n<ul>\n<li style=\"\"><span>Se utilizzi un&#8217;app per audioguida, porta con te delle cuffie con cavo. Le connessioni Bluetooth possono essere inaffidabili in aree interne o sotterranee. Assicurati che il tuo smartphone sia completamente carico.<\/span><\/li>\n<li><span>Questa non \u00e8 una visita guidata, a meno che non si scelga l&#8217;opzione visita guidata.&nbsp;<\/span><\/li>\n<li><span>Il controllo di sicurezza pu\u00f2 durare fino a 30 minuti durante l&#8217;alta stagione<\/span><\/li>\n<li><span>L&#8217;uscita si trova su una strada diversa da quella d&#8217;ingresso, quindi assicuratevi di annotare il punto di partenza prima di entrare.<\/span><\/li>\n<li><span>Non sono ammessi tacchi alti, armi o oggetti taglienti, fumo, cibo e bevande.<\/span><\/li>\n<\/ul>\n<h2>Descrizione:<\/h2>\n<p dir=\"ltr\"><strong data-end=\"159\" data-start=\"117\">Scopri l&#8217;incantevole Cisterna Basilica<\/strong> con un comodo <strong data-end=\"223\" data-is-only-node=\"\" data-start=\"174\">biglietto salta fila per la Basilica Cisterna<\/strong>. Evita le code all\u2019ingresso, immergiti nell\u2019atmosfera affascinante di questo sito sotterraneo ricco di storia e architettura, e goditi la libert\u00e0 di esplorarlo al tuo ritmo durante tutta la giornata.<\/p>\n<h2>Punti salienti:<\/h2>\n<ul>\n<li ltr\"\"=\"\">Approfitta di un biglietto salta fila per la Basilica Cisterna<strong>&nbsp;<\/strong>e salta le lunghe file<\/li>\n<li ltr\"\"=\"\">Esplora la storica Cisterna Basilica al tuo ritmo<\/li>\n<li ltr\"\"=\"\">Approfitta dell&#8217;ingresso flessibile durante l&#8217;orario di apertura giornaliero<\/li>\n<li ltr\"\"=\"\">Scopri la storia e l&#8217;architettura di questa meraviglia sotterranea<\/li>\n<\/ul>\n<h3 dir=\"ltr\">Basilica di Cisterna<\/h3>\n<p dir=\"ltr\">Alemdar, Yerebatan Cd. 1\/3, 34110 Fatih\/Istanbul<\/p>\n<h2>Politica di cancellazione<\/h2>\n<p dir=\"ltr\">Questi biglietti non sono rimborsabili.<\/p>\n<h2>Punto d&#8217;incontro e istruzioni<\/h2>\n<p dir=\"ltr\">Recati alla Cisterna Basilica (indirizzo che ti \u00e8 stato inviato via email) e presenta i codici QR che hai ricevuto via email per la scansione. Mettiti in coda nella fila dedicata ai &#8220;BIGLIETTI ONLINE&#8221;. Mostra il voucher e un documento d&#8217;identit\u00e0 valido con foto al punto di riscatto dei biglietti.<\/p>\n<p><a href=\"https:\/\/maps.app.goo.gl\/HWhqxHBGoW1fUseo7\" target=\"_blank\" rel=\"nofollow noopener\" style=\"outline: none;\" data-lt-tmp-id=\"lt-581789\" spellcheck=\"false\">Apri in Maps<\/a><\/p>\n<h2>Recensioni e valutazioni<\/h2>\n<p dir=\"ltr\"><strong>4.4\/5 (8097 recensioni)<\/strong><\/p>\n<p><em>&#8220;La cisterna \u00e8 stupenda. Non c&#8217;\u00e8 bisogno di fare la lunga fila per i biglietti. Un&#8217;esperienza fantastica.&#8221;<\/em> -Omar, aprile 2025<\/p>\n<p dir=\"ltr\"><em>&#8220;Sono rimasto davvero colpito da questo posto, lo consiglio vivamente&#8221;<\/em> &nbsp;&#8211; Tetiana, dicembre 2024<\/p>\n<p dir=\"ltr\"><a href=\"https:\/\/www.headout.com\/r\/most-amazing-placesrecommends-HaywW\/\" target=\"_blank\" rel=\"nofollow noopener\" style=\"outline: none;\">&gt;&gt; Vedi altre recensioni<\/a><\/p>\n<h2>Alcune attivit\u00e0 che potrebbero piacerti<\/h2>\n<p><span># <\/span><strong><span>2<\/span><\/strong><span># <\/span><strong><span>2<\/span><\/strong><span><img decoding=\"async\" alt=\"Istanbul Super Combo: Palazzo Topkapi + Santa Sofia + Cisterna Basilica Biglietti salta fila con audioguida ota\" data-id=\"3856\" width=\"159\" data-init-width=\"1600\" height=\"89\" data-init-height=\"1000\" src=\"https:\/\/www.basilicacistern.gen.tr\/wp-content\/uploads\/2025\/06\/Istanbul-Super-Combo-Topkapi-Palace-Hagia-Sophia-Basilica-Cistern-Skip-the-Line-Tickets-with-Audio-Guide-ota.avif\" data-width=\"159\" data-height=\"89\" style=\"aspect-ratio: auto 1600 \/ 1000;\" loading=\"lazy\" title=\"Istanbul Super Combo - Palazzo Topkapi + Santa Sofia + Cisterna Basilica Biglietti salta fila con audioguida ota\"><\/span><\/p>\n<table>\n<tbody>\n<tr>\n<td><a href=\"https:\/\/www.headout.com\/r\/most-amazing-placesrecommends-MJcNd\/\" target=\"_blank\" rel=\"nofollow noopener\" style=\"outline: none;\" data-lt-tmp-id=\"lt-686445\" spellcheck=\"false\">Istanbul Super Combo: Palazzo Topkapi + Santa Sofia + Cisterna Basilica, biglietti salta fila con audioguida<\/a><\/td>\n<\/tr>\n<\/tbody>\n<\/table>\n<p>Scopri la grandiosit\u00e0 di Istanbul con un unico biglietto &#8220;Super Combo&#8221;, che ti garantisce l&#8217;accesso salta fila e un&#8217;audioguida per il magnifico Palazzo Topkapi, la maestosa Basilica di Santa Sofia e la mistica Cisterna Basilica.<\/p>\n<h3 style=\"\">Prezzo totale<\/h3>\n<h3 style=\"\">Non ti verr\u00e0 ancora addebitato alcun importo<\/h3>\n<p><span># <\/span><strong><span>2<\/span><\/strong><span><img decoding=\"async\" alt=\"\" data-id=\"3860\" width=\"159\" data-init-width=\"1302\" height=\"89\" data-init-height=\"814\" src=\"https:\/\/www.basilicacistern.gen.tr\/wp-content\/uploads\/2025\/06\/Istanbul-MegaPass-Skip-the-Line-E-Tickets-for-Top-Attractions-ota.avif\" data-width=\"159\" data-height=\"89\" style=\"aspect-ratio: auto 1302 \/ 814;\" loading=\"lazy\" title=\"Istanbul MegaPass - Biglietti elettronici salta fila per le principali attrazioni ota\" data-><\/span><\/p>\n<table>\n<tbody>\n<tr>\n<td><a href=\"https:\/\/www.headout.com\/r\/most-amazing-placesrecommends-MKEff\/\" target=\"_blank\" rel=\"nofollow noopener\" style=\"outline: none;\" spellcheck=\"false\">Istanbul MegaPass: biglietti elettronici salta fila per le principali attrazioni<\/a><\/td>\n<\/tr>\n<\/tbody>\n<\/table>\n<p>Scopri la grandiosit\u00e0 di Istanbul con l&#8217;Istanbul MegaPass, il pass definitivo per biglietti elettronici salta fila per le attrazioni pi\u00f9 iconiche della citt\u00e0, tra cui la Basilica di Santa Sofia, il Palazzo Topkapi e una crociera sul Bosforo, garantendoti un&#8217;esplorazione indimenticabile e senza intoppi.<\/p>\n<h3 style=\"\">Prezzo totale<\/h3>\n<h3 style=\"\">Non ti verr\u00e0 ancora addebitato alcun importo<\/h3>\n<\/p>\n<h2><a href=\"https:\/\/www.headout.com\/r\/most-amazing-placesrecommends-HaywW\/\" target=\"_blank\" rel=\"nofollow noopener\" style=\"outline: none;\">Per prenotare<\/a><\/h2>\n<h1><a href=\"https:\/\/www.headout.com\/r\/most-amazing-placesrecommends-HaywW\/\" target=\"_blank\" rel=\"nofollow noopener\" style=\"outline: none;\"><span style=\"font-weight: normal;\">da<\/span><strong>&nbsp;32,75 \u20ac<\/strong><\/a><\/h1>\n<p style=\"\">Non ti verr\u00e0 ancora addebitato alcun importo<\/p>\n","protected":false},"excerpt":{"rendered":"<p>Istanbul: biglietto salta fila per la Cisterna Basilica Per prenotare da&nbsp;32.75 \u20ac Esplora la misteriosa Cisterna con un biglietto salta fila per la Basilica Cisterna. Risparmia tempo evitando la coda e approfitta della flessibilit\u00e0 di visitarla quando preferisci durante il giorno, per un\u2019esperienza comoda e affascinante. Biglietto consigliato Biglietto mobile &nbsp; Conferma immediata Corsia preferenziale [&hellip;]<\/p>\n","protected":false},"author":9,"featured_media":4141,"parent":0,"menu_order":0,"comment_status":"closed","ping_status":"closed","template":"","meta":{"footnotes":"","tve_updated_post":"","tve_custom_css":"","tve_user_custom_css":"","tve_globals":{},"tcb2_ready":1,"tcb_editor_enabled":1,"tve_landing_page":"bd86f3fc67210fed5b2794ad4a56d3a9","_tve_header":"4056","_tve_footer":"4059"},"class_list":["post-4140","page","type-page","status-publish","has-post-thumbnail","hentry","post-wrapper","thrv_wrapper"],"wp-worthy-pixel":{"ignored":false,"public":null,"server":null,"url":null},"wp-worthy-type":"normal","_links":{"self":[{"href":"https:\/\/www.basilicacistern.gen.tr\/it\/wp-json\/wp\/v2\/pages\/4140","targetHints":{"allow":["GET"]}}],"collection":[{"href":"https:\/\/www.basilicacistern.gen.tr\/it\/wp-json\/wp\/v2\/pages"}],"about":[{"href":"https:\/\/www.basilicacistern.gen.tr\/it\/wp-json\/wp\/v2\/types\/page"}],"author":[{"embeddable":true,"href":"https:\/\/www.basilicacistern.gen.tr\/it\/wp-json\/wp\/v2\/users\/9"}],"replies":[{"embeddable":true,"href":"https:\/\/www.basilicacistern.gen.tr\/it\/wp-json\/wp\/v2\/comments?post=4140"}],"version-history":[{"count":6,"href":"https:\/\/www.basilicacistern.gen.tr\/it\/wp-json\/wp\/v2\/pages\/4140\/revisions"}],"predecessor-version":[{"id":4429,"href":"https:\/\/www.basilicacistern.gen.tr\/it\/wp-json\/wp\/v2\/pages\/4140\/revisions\/4429"}],"wp:featuredmedia":[{"embeddable":true,"href":"https:\/\/www.basilicacistern.gen.tr\/it\/wp-json\/wp\/v2\/media\/4141"}],"wp:attachment":[{"href":"https:\/\/www.basilicacistern.gen.tr\/it\/wp-json\/wp\/v2\/media?parent=4140"}],"curies":[{"name":"wp","href":"https:\/\/api.w.org\/{rel}","templated":true}]}}